{"id":36963,"date":"2025-09-14T10:01:13","date_gmt":"2025-09-14T10:01:13","guid":{"rendered":"https:\/\/naturcleaning.hu\/?post_type=product&#038;p=36963"},"modified":"2025-10-08T09:29:22","modified_gmt":"2025-10-08T09:29:22","slug":"naturcleaning-hero-hipoallergen-mosoparfum-szuperkoncentratum-1-liter","status":"publish","type":"product","link":"https:\/\/naturcleaning.hu\/en\/product\/naturcleaning-hero-hipoallergen-mosoparfum-szuperkoncentratum-1-liter\/","title":{"rendered":"Naturcleaning Hero Hipoallerg\u00e9n Mos\u00f3parf\u00fcm Szuperkoncentr\u00e1tum 1 liter"},"content":{"rendered":"<p data-start=\"99\" data-end=\"196\"><strong data-start=\"99\" data-end=\"166\">Naturcleaning Hero Hipoallerg\u00e9n Mos\u00f3parf\u00fcm Szuperkoncentr\u00e1tum<\/strong><br data-start=\"166\" data-end=\"169\" \/><strong>St\u00edlus minden r\u00e9szletben. T\u0171nj ki a t\u00f6megb\u0151l!<\/strong><\/p>\n<p data-start=\"329\" data-end=\"531\">Fedezd fel a NaturCleaning mos\u00f3parf\u00fcm \u00faj gener\u00e1ci\u00f3j\u00e1t! Ez a <strong data-start=\"398\" data-end=\"421\">szuperkoncentr\u00e1tum<\/strong> ugyanazt a term\u00e9szetes, friss illatot hozza el neked, amit m\u00e1r megszokt\u00e1l az \u00f6bl\u00edt\u0151n\u00e9l \u2013 de <strong data-start=\"501\" data-end=\"529\">\u00f6tsz\u00f6r\u00f6s koncentr\u00e1ci\u00f3ban<\/strong>.<\/p>\n<p data-start=\"198\" data-end=\"462\">A Hero eleg\u00e1ns, f\u00e9rfias illata magabiztoss\u00e1got sug\u00e1roz, mik\u00f6zben ruh\u00e1id puh\u00e1k \u00e9s k\u00e9nyelmesek maradnak. A Hero illata minden helyzetben a magabiztos f\u00e9rfit t\u00fckr\u00f6zi.<br data-start=\"497\" data-end=\"500\" \/>Mert egy igazi \u00fariember a r\u00e9szletekre is figyel.<br data-start=\"548\" data-end=\"551\" \/><strong data-start=\"551\" data-end=\"567\">Extra el\u0151ny:<\/strong> Ruh\u00e1id sz\u00e1r\u00edt\u00f3g\u00e9p haszn\u00e1lata ut\u00e1n is hosszan friss illat\u00faak maradnak, \u00edgy minden nap \u00fcd\u00e9n \u00e9s st\u00edlusosan kezdheted.<\/p>\n<p data-start=\"198\" data-end=\"462\">A praktikus 1 literes flakon kis helyen elf\u00e9r, m\u00e9gis ak\u00e1r 200 mos\u00e1sra elegend\u0151. A n\u00f6v\u00e9nyi eredet\u0171, hipoallerg\u00e9n \u00f6sszetev\u0151k k\u00edm\u00e9lik a b\u0151rt, mik\u00f6zben a ruh\u00e1kat puh\u00e1v\u00e1 \u00e9s k\u00f6nnyen kezelhet\u0151v\u00e9 var\u00e1zsolj\u00e1k. T\u00f6k\u00e9letes v\u00e1laszt\u00e1s, ha nem akarsz kompromisszumot k\u00f6tni a hat\u00e9konys\u00e1g, az illat\u00e9lm\u00e9ny \u00e9s a fenntarthat\u00f3s\u00e1g k\u00f6z\u00f6tt.<\/p>\n<h4 data-start=\"469\" data-end=\"492\"><strong data-start=\"473\" data-end=\"492\">F\u0151bb jellemz\u0151k:<\/strong><\/h4>\n<p data-start=\"494\" data-end=\"1130\"><strong data-start=\"1034\" data-end=\"1060\">Eleg\u00e1ns, f\u00e9rfias illat<\/strong> \u2013 Magabiztoss\u00e1got sug\u00e1roz minden mos\u00e1s ut\u00e1n.<br data-start=\"564\" data-end=\"567\" \/><strong data-start=\"570\" data-end=\"589\">Selymes puhas\u00e1g<\/strong> \u2013 Ruh\u00e1id puh\u00e1v\u00e1 \u00e9s k\u00e9nyelmess\u00e9 v\u00e1lnak.<br data-start=\"628\" data-end=\"631\" \/><strong data-start=\"634\" data-end=\"661\">Sz\u00e1r\u00edt\u00f3g\u00e9p kompatibilis<\/strong> \u2013 Sz\u00e1r\u00edt\u00e1s ut\u00e1n is meg\u0151rzi frissess\u00e9g\u00e9t \u00e9s puhas\u00e1g\u00e1t.<br data-start=\"715\" data-end=\"718\" \/><strong data-start=\"721\" data-end=\"748\">Gazdas\u00e1gos koncentr\u00e1tum<\/strong> \u2013 <strong data-start=\"751\" data-end=\"771\" data-is-only-node=\"\">5 ml is elegend\u0151<\/strong> a hat\u00e9kony eredm\u00e9nyhez.<br data-start=\"795\" data-end=\"798\" \/><strong data-start=\"801\" data-end=\"839\">N\u00f6v\u00e9nyi alap\u00fa, b\u0151rbar\u00e1t \u00f6sszetev\u0151k<\/strong> \u2013 K\u00edm\u00e9letes a b\u0151rh\u00f6z \u00e9s a term\u00e9szethez.<br data-start=\"879\" data-end=\"882\" \/><strong data-start=\"885\" data-end=\"963\">Mentes foszf\u00e1t-, kl\u00f3r-, parab\u00e9n-, p\u00e1lmaolaj- \u00e9s \u00e1llatk\u00eds\u00e9rlet-tartalmakt\u00f3l<\/strong> \u2013 Veg\u00e1n \u00e9s term\u00e9szetes.<br data-start=\"987\" data-end=\"990\" \/><strong data-start=\"993\" data-end=\"1017\">Biol\u00f3giailag leboml\u00f3<\/strong> \u2013 Fenntarthat\u00f3, k\u00f6rnyezetbar\u00e1t megold\u00e1s.<br data-start=\"1058\" data-end=\"1061\" \/><strong data-start=\"1064\" data-end=\"1087\">\u00dajrat\u00f6lthet\u0151 flakon<\/strong> \u2013 Kevesebb hullad\u00e9k, tudatosabb v\u00e1laszt\u00e1s.<\/p>","protected":false},"excerpt":{"rendered":"<p>Naturcleaning Hero Hipoallerg\u00e9n Mos\u00f3parf\u00fcm Szuperkoncentr\u00e1tumSt\u00edlus minden r\u00e9szletben. T\u0171nj ki a t\u00f6megb\u0151l! Fedezd fel a NaturCleaning mos\u00f3parf\u00fcm \u00faj gener\u00e1ci\u00f3j\u00e1t! Ez a szuperkoncentr\u00e1tum ugyanazt a term\u00e9szetes, friss illatot hozza el neked, amit m\u00e1r megszokt\u00e1l az \u00f6bl\u00edt\u0151n\u00e9l \u2013 de \u00f6tsz\u00f6r\u00f6s koncentr\u00e1ci\u00f3ban. A Hero eleg\u00e1ns, f\u00e9rfias illata magabiztoss\u00e1got sug\u00e1roz, mik\u00f6zben ruh\u00e1id puh\u00e1k \u00e9s k\u00e9nyelmesek maradnak. A Hero illata minden [&hellip;]<\/p>\n","protected":false},"featured_media":37022,"comment_status":"open","ping_status":"closed","template":"","meta":{"_acf_changed":false},"product_brand":[],"product_cat":[59,18,720],"product_tag":[695,658],"class_list":{"0":"post-36963","1":"product","2":"type-product","3":"status-publish","4":"has-post-thumbnail","6":"product_cat-mosoparfum","7":"product_cat-oblito-koncentratum","8":"product_cat-ujdonsagok","9":"product_tag-200-mosas","10":"product_tag-uj-termek","12":"first","13":"instock","14":"shipping-taxable","15":"purchasable","16":"product-type-simple"},"acf":[],"_links":{"self":[{"href":"https:\/\/naturcleaning.hu\/en\/wp-json\/wp\/v2\/product\/36963","targetHints":{"allow":["GET"]}}],"collection":[{"href":"https:\/\/naturcleaning.hu\/en\/wp-json\/wp\/v2\/product"}],"about":[{"href":"https:\/\/naturcleaning.hu\/en\/wp-json\/wp\/v2\/types\/product"}],"replies":[{"embeddable":true,"href":"https:\/\/naturcleaning.hu\/en\/wp-json\/wp\/v2\/comments?post=36963"}],"wp:featuredmedia":[{"embeddable":true,"href":"https:\/\/naturcleaning.hu\/en\/wp-json\/wp\/v2\/media\/37022"}],"wp:attachment":[{"href":"https:\/\/naturcleaning.hu\/en\/wp-json\/wp\/v2\/media?parent=36963"}],"wp:term":[{"taxonomy":"product_brand","embeddable":true,"href":"https:\/\/naturcleaning.hu\/en\/wp-json\/wp\/v2\/product_brand?post=36963"},{"taxonomy":"product_cat","embeddable":true,"href":"https:\/\/naturcleaning.hu\/en\/wp-json\/wp\/v2\/product_cat?post=36963"},{"taxonomy":"product_tag","embeddable":true,"href":"https:\/\/naturcleaning.hu\/en\/wp-json\/wp\/v2\/product_tag?post=36963"}],"curies":[{"name":"wp","href":"https:\/\/api.w.org\/{rel}","templated":true}]}}