{"id":368,"date":"2021-06-01T15:50:31","date_gmt":"2021-06-01T15:50:31","guid":{"rendered":"https:\/\/cudyfuture.nomaddigital.hu\/?post_type=product&#038;p=368"},"modified":"2024-01-24T13:47:06","modified_gmt":"2024-01-24T13:47:06","slug":"naturcleaning-feherito-so-natrium-perkarbonat-1-kg","status":"publish","type":"product","link":"https:\/\/naturcleaning.hu\/en\/product\/naturcleaning-feherito-so-natrium-perkarbonat-1-kg\/","title":{"rendered":"Naturcleaning Bleaching salt (Sodium percarbonate) 1 kg"},"content":{"rendered":"<p>Environmentally friendly, general soaking, washing, degreasing, bleaching<\/p>\n<p>Sodium percarbonate Bleaching salt<\/p>\n<p><strong>Can be used for both machine and hand washing.<\/strong><br \/>\nIn a conventional washing machine, 1 to 2 tablespoons is required for one wash.<br \/>\nFor Soaking: 1-2 tablespoons for 15 liters of water. Not suitable for washing wool and silk.\nTo stain, mix the water and apply the paste directly to the dirt.<br \/>\nTo remove stains, mix the water and apply the paste directly to the dirt.<\/p>","protected":false},"excerpt":{"rendered":"<p>K\u00f6rnyezetk\u00edm\u00e9l\u0151, \u00e1ltal\u00e1nos \u00e1ztat\u00f3-, mos\u00f3-,zs\u00edrold\u00f3-, feh\u00e9r\u00edt\u0151 N\u00e1trium-perkarbon\u00e1t Feh\u00e9r\u00edt\u0151 s\u00f3 G\u00e9pi \u00e9s k\u00e9zi mos\u00e1shoz egyar\u00e1nt haszn\u00e1lhat\u00f3. Hagyom\u00e1nyos mos\u00f3g\u00e9pben egy mos\u00e1shoz 1 - 2 ev\u0151kan\u00e1llal sz\u00fcks\u00e9ges. \u00c1ztat\u00e1shoz 15 liter v\u00edzhez 1-2 ev\u0151kan\u00e1llal. Gyapj\u00fa \u00e9s selyem mos\u00e1s\u00e1hoz nem alkalmas. Folttiszt\u00edt\u00e1shoz, v\u00edzzel keverve, a p\u00e9pet k\u00f6zvetlen\u00fcl a szennyez\u0151d\u00e9sekre kenj\u00fck.<\/p>","protected":false},"featured_media":23241,"comment_status":"open","ping_status":"closed","template":"","meta":{"_acf_changed":false},"product_brand":[],"product_cat":[20],"product_tag":[],"class_list":{"0":"post-368","1":"product","2":"type-product","3":"status-publish","4":"has-post-thumbnail","6":"product_cat-folttisztito","8":"first","9":"instock","10":"shipping-taxable","11":"purchasable","12":"product-type-simple"},"acf":[],"_links":{"self":[{"href":"https:\/\/naturcleaning.hu\/en\/wp-json\/wp\/v2\/product\/368","targetHints":{"allow":["GET"]}}],"collection":[{"href":"https:\/\/naturcleaning.hu\/en\/wp-json\/wp\/v2\/product"}],"about":[{"href":"https:\/\/naturcleaning.hu\/en\/wp-json\/wp\/v2\/types\/product"}],"replies":[{"embeddable":true,"href":"https:\/\/naturcleaning.hu\/en\/wp-json\/wp\/v2\/comments?post=368"}],"wp:featuredmedia":[{"embeddable":true,"href":"https:\/\/naturcleaning.hu\/en\/wp-json\/wp\/v2\/media\/23241"}],"wp:attachment":[{"href":"https:\/\/naturcleaning.hu\/en\/wp-json\/wp\/v2\/media?parent=368"}],"wp:term":[{"taxonomy":"product_brand","embeddable":true,"href":"https:\/\/naturcleaning.hu\/en\/wp-json\/wp\/v2\/product_brand?post=368"},{"taxonomy":"product_cat","embeddable":true,"href":"https:\/\/naturcleaning.hu\/en\/wp-json\/wp\/v2\/product_cat?post=368"},{"taxonomy":"product_tag","embeddable":true,"href":"https:\/\/naturcleaning.hu\/en\/wp-json\/wp\/v2\/product_tag?post=368"}],"curies":[{"name":"wp","href":"https:\/\/api.w.org\/{rel}","templated":true}]}}