{"id":365,"date":"2021-06-01T15:44:28","date_gmt":"2021-06-01T15:44:28","guid":{"rendered":"https:\/\/cudyfuture.nomaddigital.hu\/?post_type=product&#038;p=365"},"modified":"2025-09-16T18:51:30","modified_gmt":"2025-09-16T18:51:30","slug":"naturcleaning-aromatherapy-padlotisztito-1l","status":"publish","type":"product","link":"https:\/\/naturcleaning.hu\/en\/product\/naturcleaning-aromatherapy-padlotisztito-1l\/","title":{"rendered":"Naturcleaning Aromatherapy floor cleaner 1 liter"},"content":{"rendered":"<p>Naturcleaning Aromater\u00e1pi\u00e1s hipoallerg\u00e9n padl\u00f3tiszt\u00edt\u00f3 ide\u00e1lis v\u00e1laszt\u00e1s lehet kisbab\u00e1s \u00e9s kis\u00e1llatos csal\u00e1doknak, hiszen a term\u00e9szet erej\u00e9vel gondoskodik otthona tisztas\u00e1g\u00e1r\u00f3l. A term\u00e9szetes ill\u00f3olajoknak k\u00f6sz\u00f6nhet\u0151en <strong>provides a fresh scent<\/strong>provides a stain-free, fast drying surface.<br \/>\nAs oppose to traditional cleaning agents, the Naturcleaning aromatherapy floor cleaner does not cover the treated surface with chemicals, so we do not come into contact with unnatural substances.<\/p>\n<p><strong>Can be used on:<\/strong> wood floor tiles, tiles, marble, pvc<br \/>\n<strong>Dosage: <\/strong>Pour 1-2 caps of floor cleaner on 5 liters of lukewarm water.<\/p>\n<p>Shake before use!<\/p>","protected":false},"excerpt":{"rendered":"<p>Naturcleaning Aromater\u00e1pi\u00e1s hipoallerg\u00e9n padl\u00f3tiszt\u00edt\u00f3 ide\u00e1lis v\u00e1laszt\u00e1s lehet kisbab\u00e1s \u00e9s kis\u00e1llatos csal\u00e1doknak, hiszen a term\u00e9szet erej\u00e9vel gondoskodik otthona tisztas\u00e1g\u00e1r\u00f3l. A term\u00e9szetes ill\u00f3olajoknak k\u00f6sz\u00f6nhet\u0151en friss illatot biztos\u00edt, foltmentes, gyors sz\u00e1rad\u00e1st biztos\u00edt a fel\u00fcletnek. A hagyom\u00e1nyos tiszt\u00edt\u00f3szerekkel szemben a Naturcleaning aromater\u00e1pi\u00e1s padl\u00f3tiszt\u00edt\u00f3 nem vonja be vegyszerekkel a kezelt fel\u00fcletet, \u00edgy nem \u00e9rintkez\u00fcnk term\u00e9szetellenes anyagokkal. Alkalmazhat\u00f3 fa padl\u00f3lap, j\u00e1r\u00f3lap, [&hellip;]<\/p>\n","protected":false},"featured_media":28331,"comment_status":"open","ping_status":"closed","template":"","meta":{"_acf_changed":false},"product_brand":[],"product_cat":[24],"product_tag":[],"class_list":{"0":"post-365","1":"product","2":"type-product","3":"status-publish","4":"has-post-thumbnail","6":"product_cat-altalanos-tisztito-es-felmososzer","8":"first","9":"instock","10":"shipping-taxable","11":"purchasable","12":"product-type-simple"},"acf":[],"_links":{"self":[{"href":"https:\/\/naturcleaning.hu\/en\/wp-json\/wp\/v2\/product\/365","targetHints":{"allow":["GET"]}}],"collection":[{"href":"https:\/\/naturcleaning.hu\/en\/wp-json\/wp\/v2\/product"}],"about":[{"href":"https:\/\/naturcleaning.hu\/en\/wp-json\/wp\/v2\/types\/product"}],"replies":[{"embeddable":true,"href":"https:\/\/naturcleaning.hu\/en\/wp-json\/wp\/v2\/comments?post=365"}],"wp:featuredmedia":[{"embeddable":true,"href":"https:\/\/naturcleaning.hu\/en\/wp-json\/wp\/v2\/media\/28331"}],"wp:attachment":[{"href":"https:\/\/naturcleaning.hu\/en\/wp-json\/wp\/v2\/media?parent=365"}],"wp:term":[{"taxonomy":"product_brand","embeddable":true,"href":"https:\/\/naturcleaning.hu\/en\/wp-json\/wp\/v2\/product_brand?post=365"},{"taxonomy":"product_cat","embeddable":true,"href":"https:\/\/naturcleaning.hu\/en\/wp-json\/wp\/v2\/product_cat?post=365"},{"taxonomy":"product_tag","embeddable":true,"href":"https:\/\/naturcleaning.hu\/en\/wp-json\/wp\/v2\/product_tag?post=365"}],"curies":[{"name":"wp","href":"https:\/\/api.w.org\/{rel}","templated":true}]}}