{"id":36449,"date":"2025-09-01T11:27:10","date_gmt":"2025-09-01T11:27:10","guid":{"rendered":"https:\/\/naturcleaning.hu\/?post_type=product&#038;p=36449"},"modified":"2026-02-11T18:03:04","modified_gmt":"2026-02-11T18:03:04","slug":"naturcleaning-cheer-hipoallergen-mosoparfum-szuperkoncentratum-200-ml","status":"publish","type":"product","link":"https:\/\/naturcleaning.hu\/en\/product\/naturcleaning-cheer-hipoallergen-mosoparfum-szuperkoncentratum-200-ml\/","title":{"rendered":"Naturcleaning Cheer Hipoallerg\u00e9n Mos\u00f3parf\u00fcm Szuperkoncentr\u00e1tum 200 ml"},"content":{"rendered":"<p>A Hipoallerg\u00e9n Mos\u00f3parf\u00fcm szuperkoncentr\u00e1tum hat\u00e1sosabb mint egy hagyom\u00e1nyos \u00f6bl\u00edt\u0151. Szuperkoncentr\u00e1lt \u00f6sszet\u00e9tel\u00e9nek \u00e9s v\u00e1logatott alapanyagainak k\u00f6sz\u00f6nhet\u0151en m\u00e1r 5 ml mos\u00f3parf\u00fcm is elegend\u0151 ahhoz, hogy a ruh\u00e1k extra illatosak \u00e9s puh\u00e1k legyenek. Hosszan tart\u00f3, nagyon intenz\u00edv illatot biztos\u00edt a ruh\u00e1knak.<\/p>\n<p><strong>Az elegancia \u00e9s frissess\u00e9g tal\u00e1lkoz\u00e1sa.<\/strong><\/p>\n<p>Finoman p\u00faderes, enyh\u00e9n k\u00e1v\u00e9s illata gyeng\u00e9den \u00e1tj\u00e1rja ruh\u00e1idat, \u00e9s k\u00fcl\u00f6nleges<br \/>\nhangulatot visz a mindennapokba. Hosszan tart\u00f3 illat, ami nemcsak kellemes, hanem<br \/>\nigaz\u00e1n k\u00fcl\u00f6nlegess\u00e9 teszi a tisztas\u00e1g \u00e9lm\u00e9ny\u00e9t.<\/p>\n<p><strong>Extra el\u0151ny:<\/strong> Sz\u00e1r\u00edt\u00f3g\u00e9p haszn\u00e1lata ut\u00e1n is hosszan tart\u00f3, l\u00e1gy, eleg\u00e1ns illatot biztos\u00edt,<br \/>\nhogy ruh\u00e1id minden nap k\u00fcl\u00f6nlegesek maradjanak.<\/p>\n<p>G\u00e9pi \u00e9s k\u00e9zi mos\u00e1shoz is alkalmazhat\u00f3.<\/p>","protected":false},"excerpt":{"rendered":"<p>A Hipoallerg\u00e9n Mos\u00f3parf\u00fcm szuperkoncentr\u00e1tum hat\u00e1sosabb mint egy hagyom\u00e1nyos \u00f6bl\u00edt\u0151. Szuperkoncentr\u00e1lt \u00f6sszet\u00e9tel\u00e9nek \u00e9s v\u00e1logatott alapanyagainak k\u00f6sz\u00f6nhet\u0151en m\u00e1r 5 ml mos\u00f3parf\u00fcm is elegend\u0151 ahhoz, hogy a ruh\u00e1k extra illatosak \u00e9s puh\u00e1k legyenek. Hosszan tart\u00f3, nagyon intenz\u00edv illatot biztos\u00edt a ruh\u00e1knak. Az elegancia \u00e9s frissess\u00e9g tal\u00e1lkoz\u00e1sa. Finoman p\u00faderes, enyh\u00e9n k\u00e1v\u00e9s illata gyeng\u00e9den \u00e1tj\u00e1rja ruh\u00e1idat, \u00e9s k\u00fcl\u00f6nleges hangulatot visz [&hellip;]<\/p>\n","protected":false},"featured_media":37036,"comment_status":"open","ping_status":"closed","template":"","meta":{"_acf_changed":false},"product_brand":[],"product_cat":[59,18,720],"product_tag":[689,658],"class_list":{"0":"post-36449","1":"product","2":"type-product","3":"status-publish","4":"has-post-thumbnail","6":"product_cat-mosoparfum","7":"product_cat-oblito-koncentratum","8":"product_cat-ujdonsagok","9":"product_tag-40-mosas","10":"product_tag-uj-termek","12":"first","13":"instock","14":"shipping-taxable","15":"purchasable","16":"product-type-simple"},"acf":[],"_links":{"self":[{"href":"https:\/\/naturcleaning.hu\/en\/wp-json\/wp\/v2\/product\/36449","targetHints":{"allow":["GET"]}}],"collection":[{"href":"https:\/\/naturcleaning.hu\/en\/wp-json\/wp\/v2\/product"}],"about":[{"href":"https:\/\/naturcleaning.hu\/en\/wp-json\/wp\/v2\/types\/product"}],"replies":[{"embeddable":true,"href":"https:\/\/naturcleaning.hu\/en\/wp-json\/wp\/v2\/comments?post=36449"}],"wp:featuredmedia":[{"embeddable":true,"href":"https:\/\/naturcleaning.hu\/en\/wp-json\/wp\/v2\/media\/37036"}],"wp:attachment":[{"href":"https:\/\/naturcleaning.hu\/en\/wp-json\/wp\/v2\/media?parent=36449"}],"wp:term":[{"taxonomy":"product_brand","embeddable":true,"href":"https:\/\/naturcleaning.hu\/en\/wp-json\/wp\/v2\/product_brand?post=36449"},{"taxonomy":"product_cat","embeddable":true,"href":"https:\/\/naturcleaning.hu\/en\/wp-json\/wp\/v2\/product_cat?post=36449"},{"taxonomy":"product_tag","embeddable":true,"href":"https:\/\/naturcleaning.hu\/en\/wp-json\/wp\/v2\/product_tag?post=36449"}],"curies":[{"name":"wp","href":"https:\/\/api.w.org\/{rel}","templated":true}]}}