{"id":363,"date":"2021-06-01T15:40:27","date_gmt":"2021-06-01T15:40:27","guid":{"rendered":"https:\/\/cudyfuture.nomaddigital.hu\/?post_type=product&#038;p=363"},"modified":"2025-09-16T18:36:59","modified_gmt":"2025-09-16T18:36:59","slug":"naturcleaning-almaecetes-vizkooldo-500-ml","status":"publish","type":"product","link":"https:\/\/naturcleaning.hu\/en\/product\/naturcleaning-almaecetes-vizkooldo-500-ml\/","title":{"rendered":"Naturcleaning Apple vinegar limescale remover 500 ml"},"content":{"rendered":"<p><strong>Naturcleaning Almaecetes V\u00edzk\u0151old\u00f3 Citromsavval<\/strong><\/p>\n<p><strong>Term\u00e9szetes tisztas\u00e1g \u2013 v\u00edzk\u0151 n\u00e9lk\u00fcl<\/strong><\/p>\n<p>A Naturcleaning almaecetes v\u00edzk\u0151old\u00f3 citromsavval gyors \u00e9s hat\u00e9kony megold\u00e1st ny\u00fajt a makacs v\u00edzk\u0151- \u00e9s szappanlerak\u00f3d\u00e1sok ellen. Term\u00e9szetes, n\u00f6v\u00e9nyi alap\u00fa \u00f6sszetev\u0151i nemcsak tiszt\u00edtanak, hanem hozz\u00e1j\u00e1rulnak az eg\u00e9szs\u00e9ges, vegyszermentes otthoni k\u00f6rnyezet megteremt\u00e9s\u00e9hez.<\/p>\n<p><strong>Mi\u00e9rt v\u00e1laszd?<\/strong><\/p>\n<ul>\n<li><strong>Er\u0151teljes tiszt\u00edt\u00f3hat\u00e1s<\/strong> a v\u00edzk\u0151 \u00e9s szappanmaradv\u00e1nyok ellen<\/li>\n<li><strong>K\u00edm\u00e9letes formula<\/strong> term\u00e9szetes eredet\u0171 alapanyagokkal<\/li>\n<li><strong>K\u00f6rnyezet- \u00e9s b\u0151rbar\u00e1t<\/strong>, ide\u00e1lis a tudatos h\u00e1ztart\u00e1sok sz\u00e1m\u00e1ra<\/li>\n<li><strong>Sokoldal\u00faan haszn\u00e1lhat\u00f3<\/strong> \u2013 a f\u00fcrd\u0151szob\u00e1t\u00f3l a konyh\u00e1ig<\/li>\n<\/ul>\n<p><strong>Application areas:<\/strong><br \/>\nCsempe, f\u00fcrd\u0151k\u00e1d, szaniter, rozsdamentes inox, ker\u00e1mia, mosd\u00f3kagyl\u00f3, zuhanykabin, v\u00edzforral\u00f3, csaptelep.<\/p>\n<p><strong>Haszn\u00e1lati \u00fatmutat\u00f3:<\/strong><br \/>\nHaszn\u00e1lat el\u0151tt r\u00e1zza fel enyh\u00e9n, majd permetezze a szert a kezelni k\u00edv\u00e1nt fel\u00fcletre. Hagyja p\u00e1r percig hatni, v\u00e9g\u00fcl b\u0151 v\u00edzzel \u00f6bl\u00edtse le.<\/p>","protected":false},"excerpt":{"rendered":"<p>Naturcleaning Almaecetes V\u00edzk\u0151old\u00f3 Citromsavval Term\u00e9szetes tisztas\u00e1g \u2013 v\u00edzk\u0151 n\u00e9lk\u00fcl A Naturcleaning almaecetes v\u00edzk\u0151old\u00f3 citromsavval gyors \u00e9s hat\u00e9kony megold\u00e1st ny\u00fajt a makacs v\u00edzk\u0151- \u00e9s szappanlerak\u00f3d\u00e1sok ellen. Term\u00e9szetes, n\u00f6v\u00e9nyi alap\u00fa \u00f6sszetev\u0151i nemcsak tiszt\u00edtanak, hanem hozz\u00e1j\u00e1rulnak az eg\u00e9szs\u00e9ges, vegyszermentes otthoni k\u00f6rnyezet megteremt\u00e9s\u00e9hez. Mi\u00e9rt v\u00e1laszd? Er\u0151teljes tiszt\u00edt\u00f3hat\u00e1s a v\u00edzk\u0151 \u00e9s szappanmaradv\u00e1nyok ellen K\u00edm\u00e9letes formula term\u00e9szetes eredet\u0171 alapanyagokkal K\u00f6rnyezet- \u00e9s [&hellip;]<\/p>\n","protected":false},"featured_media":18217,"comment_status":"open","ping_status":"closed","template":"","meta":{"_acf_changed":false},"product_brand":[],"product_cat":[24,25],"product_tag":[],"class_list":{"0":"post-363","1":"product","2":"type-product","3":"status-publish","4":"has-post-thumbnail","6":"product_cat-altalanos-tisztito-es-felmososzer","7":"product_cat-wc-higieniai-termek","9":"first","10":"instock","11":"shipping-taxable","12":"purchasable","13":"product-type-simple"},"acf":[],"_links":{"self":[{"href":"https:\/\/naturcleaning.hu\/en\/wp-json\/wp\/v2\/product\/363","targetHints":{"allow":["GET"]}}],"collection":[{"href":"https:\/\/naturcleaning.hu\/en\/wp-json\/wp\/v2\/product"}],"about":[{"href":"https:\/\/naturcleaning.hu\/en\/wp-json\/wp\/v2\/types\/product"}],"replies":[{"embeddable":true,"href":"https:\/\/naturcleaning.hu\/en\/wp-json\/wp\/v2\/comments?post=363"}],"wp:featuredmedia":[{"embeddable":true,"href":"https:\/\/naturcleaning.hu\/en\/wp-json\/wp\/v2\/media\/18217"}],"wp:attachment":[{"href":"https:\/\/naturcleaning.hu\/en\/wp-json\/wp\/v2\/media?parent=363"}],"wp:term":[{"taxonomy":"product_brand","embeddable":true,"href":"https:\/\/naturcleaning.hu\/en\/wp-json\/wp\/v2\/product_brand?post=363"},{"taxonomy":"product_cat","embeddable":true,"href":"https:\/\/naturcleaning.hu\/en\/wp-json\/wp\/v2\/product_cat?post=363"},{"taxonomy":"product_tag","embeddable":true,"href":"https:\/\/naturcleaning.hu\/en\/wp-json\/wp\/v2\/product_tag?post=363"}],"curies":[{"name":"wp","href":"https:\/\/api.w.org\/{rel}","templated":true}]}}