{"id":361,"date":"2021-06-01T15:37:33","date_gmt":"2021-06-01T13:37:33","guid":{"rendered":"https:\/\/cudyfuture.nomaddigital.hu\/?post_type=product&#038;p=361"},"modified":"2024-03-05T20:12:14","modified_gmt":"2024-03-05T20:12:14","slug":"naturcleaning-alkoholos-keztisztito-teafa-citrom-es-levendula-olajjal-100ml","status":"publish","type":"product","link":"https:\/\/naturcleaning.hu\/en\/product\/naturcleaning-alkoholos-keztisztito-teafa-citrom-es-levendula-olajjal-100ml\/","title":{"rendered":"Naturcleaning Alcohol Hand Cleanser with Tea Tree, Lemon and Lavender Oil 100ml"},"content":{"rendered":"<p>Naturcleaning Alcohol Hand Cleansing Gel with Tea Tree, Lemon and Lavender Oil provides perfect hygiene for your hands. It effectively cleanses the hands due to its alcohol and essential oil content. Thanks to its practical packaging, you can take it anywhere with you!<\/p>\n<p>Maintains hygienic cleanliness of hands.<\/p>\n<p>Enjoy proper hygiene and enjoy the beneficial effects of essential oils!<\/p>\n<p>No rinsing required!<\/p>\n<p>Vegan product!<\/p>\n<p class=\"translation-block\">How to use: Apply the required amount to your hands, gently massage into the skin until the product is completely absorbed. No need to rinse.<\/p>","protected":false},"excerpt":{"rendered":"<p>A Naturcleaning Alkoholos k\u00e9ztiszt\u00edt\u00f3 g\u00e9l Teafa,-citrom \u00e9s levendula olajjal t\u00f6k\u00e9letes higi\u00e9ni\u00e1t biztos\u00edt kezeidnek. Alkohol \u00e9s ill\u00f3olaj tartalm\u00e1nak k\u00f6sz\u00f6nhet\u0151en hat\u00e9konyan tiszt\u00edtja a kezet. Praktikus kiszerel\u00e9s\u00e9nek k\u00f6sz\u00f6nhet\u0151en b\u00e1rhova magaddal viheted! Fenntartja a kezek higi\u00e9nikus tisztas\u00e1g\u00e1t. \u00c9lvezd a megfelel\u0151 higi\u00e9ni\u00e1t \u00e9s \u00e9lvezd az ill\u00f3olajok j\u00f3t\u00e9kony hat\u00e1s\u00e1t! \u00d6bl\u00edt\u00e9st nem ig\u00e9nyel! Veg\u00e1n term\u00e9k! Haszn\u00e1lat Tegy\u00fck a sz\u00fcks\u00e9ges mennyis\u00e9get kez\u00fcnkre, finoman [&hellip;]<\/p>\n","protected":false},"featured_media":362,"comment_status":"open","ping_status":"closed","template":"","meta":{"_acf_changed":false},"product_brand":[],"product_cat":[36],"product_tag":[],"class_list":{"0":"post-361","1":"product","2":"type-product","3":"status-publish","4":"has-post-thumbnail","6":"product_cat-utazashoz","8":"first","9":"instock","10":"shipping-taxable","11":"purchasable","12":"product-type-simple"},"acf":[],"_links":{"self":[{"href":"https:\/\/naturcleaning.hu\/en\/wp-json\/wp\/v2\/product\/361","targetHints":{"allow":["GET"]}}],"collection":[{"href":"https:\/\/naturcleaning.hu\/en\/wp-json\/wp\/v2\/product"}],"about":[{"href":"https:\/\/naturcleaning.hu\/en\/wp-json\/wp\/v2\/types\/product"}],"replies":[{"embeddable":true,"href":"https:\/\/naturcleaning.hu\/en\/wp-json\/wp\/v2\/comments?post=361"}],"wp:featuredmedia":[{"embeddable":true,"href":"https:\/\/naturcleaning.hu\/en\/wp-json\/wp\/v2\/media\/362"}],"wp:attachment":[{"href":"https:\/\/naturcleaning.hu\/en\/wp-json\/wp\/v2\/media?parent=361"}],"wp:term":[{"taxonomy":"product_brand","embeddable":true,"href":"https:\/\/naturcleaning.hu\/en\/wp-json\/wp\/v2\/product_brand?post=361"},{"taxonomy":"product_cat","embeddable":true,"href":"https:\/\/naturcleaning.hu\/en\/wp-json\/wp\/v2\/product_cat?post=361"},{"taxonomy":"product_tag","embeddable":true,"href":"https:\/\/naturcleaning.hu\/en\/wp-json\/wp\/v2\/product_tag?post=361"}],"curies":[{"name":"wp","href":"https:\/\/api.w.org\/{rel}","templated":true}]}}