{"id":35713,"date":"2025-07-29T11:58:47","date_gmt":"2025-07-29T11:58:47","guid":{"rendered":"https:\/\/naturcleaning.hu\/?post_type=product&#038;p=35713"},"modified":"2025-10-08T09:46:31","modified_gmt":"2025-10-08T09:46:31","slug":"naturcleaning-butortisztito-spray-granatalma-pomegranate-shine-500-ml","status":"publish","type":"product","link":"https:\/\/naturcleaning.hu\/en\/product\/naturcleaning-butortisztito-spray-granatalma-pomegranate-shine-500-ml\/","title":{"rendered":"Naturcleaning B\u00fatortiszt\u00edt\u00f3 Spray Gr\u00e1n\u00e1talma Pomegranate Shine 500 ml"},"content":{"rendered":"<p><strong>Naturcleaning Pomegranate Shine B\u00fatortiszt\u00edt\u00f3 Spray<\/strong><\/p>\n<p>Term\u00e9szet ihlette tisztas\u00e1g \u2013 ragyog\u00f3 fel\u00fcletek, friss otthon<\/p>\n<p>&nbsp;<\/p>\n<p>The <strong>Naturcleaning Pomegranate Shine<\/strong> egy term\u00e9szetes b\u00fatortiszt\u00edt\u00f3 spray, amely nemcsak alaposan tiszt\u00edt, hanem megel\u0151zi a por gyors visszatapad\u00e1s\u00e1t is. Antisztatikus hat\u00e1sa r\u00e9v\u00e9n hosszabb ideig \u00e9lvezheted a pormentes, rendezett k\u00f6rnyezetet, mik\u00f6zben a fel\u00fcletek term\u00e9szetes f\u00e9nyben ragyognak.<\/p>\n<p>A formula gyorsan sz\u00e1rad, nem hagy cs\u00edkokat vagy foltokat, \u00e9s kellemes, friss gr\u00e1n\u00e1talma illat\u00e1val teszi m\u00e9g \u00e9lvezetesebb\u00e9 a takar\u00edt\u00e1st. T\u00f6k\u00e9letes v\u00e1laszt\u00e1s, ha szereted a tisztas\u00e1got, de fontos sz\u00e1modra a term\u00e9szetess\u00e9g \u00e9s az egyszer\u0171 haszn\u00e1lat.<\/p>\n<ul>\n<li>Term\u00e9szetes hat\u00f3anyagokkal k\u00edm\u00e9li otthonod \u00e9s a k\u00f6rnyezetet<\/li>\n<li>Cs\u00edkmentes \u00e9s gyorsan sz\u00e1rad\u00f3 formula a ragyog\u00f3 v\u00e9geredm\u00e9ny\u00e9rt<\/li>\n<li>Antisztatikus v\u00e9delem \u2013 hosszabb ideig pormentes fel\u00fcletek<\/li>\n<li>Friss, gy\u00fcm\u00f6lcs\u00f6s illat, ami kellemesebb\u00e9 teszi a takar\u00edt\u00e1st!<\/li>\n<\/ul>\n<p>Haszn\u00e1lhat\u00f3 szinte minden otthoni fel\u00fcleten:<\/p>\n<ul>\n<li>fa b\u00fatorokon<\/li>\n<li>lamin\u00e1lt lapokon<\/li>\n<li>\u00fcveg fel\u00fcleteken<\/li>\n<li>m\u0171anyag t\u00e1rgyakon<\/li>\n<\/ul>\n<p><strong>Haszn\u00e1lat m\u00f3dja:<\/strong><\/p>\n<p>Permetezd k\u00f6zvetlen\u00fcl a tiszt\u00edtand\u00f3 fel\u00fcletre, majd egy tiszta, sz\u00e1raz kend\u0151vel t\u00f6r\u00f6ld le. Nincs sz\u00fcks\u00e9g le\u00f6bl\u00edt\u00e9sre \u2013 a fel\u00fcletek azonnal tiszt\u00e1k \u00e9s ragyog\u00f3ak lesznek.<\/p>\n<p>&nbsp;<\/p>\n<p>&nbsp;<\/p>","protected":false},"excerpt":{"rendered":"<p>Naturcleaning Pomegranate Shine B\u00fatortiszt\u00edt\u00f3 Spray Term\u00e9szet ihlette tisztas\u00e1g \u2013 ragyog\u00f3 fel\u00fcletek, friss otthon &nbsp; A Naturcleaning Pomegranate Shine egy term\u00e9szetes b\u00fatortiszt\u00edt\u00f3 spray, amely nemcsak alaposan tiszt\u00edt, hanem megel\u0151zi a por gyors visszatapad\u00e1s\u00e1t is. Antisztatikus hat\u00e1sa r\u00e9v\u00e9n hosszabb ideig \u00e9lvezheted a pormentes, rendezett k\u00f6rnyezetet, mik\u00f6zben a fel\u00fcletek term\u00e9szetes f\u00e9nyben ragyognak. A formula gyorsan sz\u00e1rad, nem hagy [&hellip;]<\/p>\n","protected":false},"featured_media":35714,"comment_status":"open","ping_status":"closed","template":"","meta":{"_acf_changed":false},"product_brand":[],"product_cat":[24,720],"product_tag":[658],"class_list":{"0":"post-35713","1":"product","2":"type-product","3":"status-publish","4":"has-post-thumbnail","6":"product_cat-altalanos-tisztito-es-felmososzer","7":"product_cat-ujdonsagok","8":"product_tag-uj-termek","10":"first","11":"instock","12":"shipping-taxable","13":"purchasable","14":"product-type-simple"},"acf":[],"_links":{"self":[{"href":"https:\/\/naturcleaning.hu\/en\/wp-json\/wp\/v2\/product\/35713","targetHints":{"allow":["GET"]}}],"collection":[{"href":"https:\/\/naturcleaning.hu\/en\/wp-json\/wp\/v2\/product"}],"about":[{"href":"https:\/\/naturcleaning.hu\/en\/wp-json\/wp\/v2\/types\/product"}],"replies":[{"embeddable":true,"href":"https:\/\/naturcleaning.hu\/en\/wp-json\/wp\/v2\/comments?post=35713"}],"wp:featuredmedia":[{"embeddable":true,"href":"https:\/\/naturcleaning.hu\/en\/wp-json\/wp\/v2\/media\/35714"}],"wp:attachment":[{"href":"https:\/\/naturcleaning.hu\/en\/wp-json\/wp\/v2\/media?parent=35713"}],"wp:term":[{"taxonomy":"product_brand","embeddable":true,"href":"https:\/\/naturcleaning.hu\/en\/wp-json\/wp\/v2\/product_brand?post=35713"},{"taxonomy":"product_cat","embeddable":true,"href":"https:\/\/naturcleaning.hu\/en\/wp-json\/wp\/v2\/product_cat?post=35713"},{"taxonomy":"product_tag","embeddable":true,"href":"https:\/\/naturcleaning.hu\/en\/wp-json\/wp\/v2\/product_tag?post=35713"}],"curies":[{"name":"wp","href":"https:\/\/api.w.org\/{rel}","templated":true}]}}