{"id":35537,"date":"2025-07-14T09:35:37","date_gmt":"2025-07-14T09:35:37","guid":{"rendered":"https:\/\/naturcleaning.hu\/?post_type=product&#038;p=35537"},"modified":"2025-07-23T13:22:17","modified_gmt":"2025-07-23T13:22:17","slug":"csepke-baby-hipoallergen-oblito-babapuder-3m-100-ml","status":"publish","type":"product","link":"https:\/\/naturcleaning.hu\/en\/product\/csepke-baby-hipoallergen-oblito-babapuder-3m-100-ml\/","title":{"rendered":"Csepke baby hipoallerg\u00e9n \u00f6bl\u00edt\u0151 babap\u00fader 3m+ 100 ml"},"content":{"rendered":"<p>Speci\u00e1lis \u00d6bl\u00edt\u0151 baba \u00e9s kismama ruh\u00e1k mos\u00e1s\u00e1hoz. Kellemes illat sz\u00e1r\u00edt\u00f3g\u00e9p ut\u00e1n is. Hipoallerg\u00e9n- Olyan \u00f6sszetev\u0151ket tartalmaz, amelyek minimaliz\u00e1lj\u00e1k az allergi\u00e1s reakci\u00f3k kialakul\u00e1s\u00e1nak val\u00f3sz\u00edn\u0171s\u00e9g\u00e9t. VEG\u00c1N-nem tartalmaz \u00e1llati eredet\u0171 anyagokat, term\u00e9szetes \u00f6sszetev\u0151kb\u0151l \u00e1ll. G\u00e9pi \u00e9s k\u00e9zi mos\u00e1shoz is alkalmazhat\u00f3. K\u00f6zvetlen\u00fcl a ruh\u00e1ra t\u00e9ve sem roncsolja a text\u00edli\u00e1kat, gyapj\u00fa \u00e9s selyem anyagokhoz is haszn\u00e1lhat\u00f3. \u00d6bl\u00edt\u0151 koncentr\u00e1tumunk puh\u00e1v\u00e1, k\u00e9nyelmes tapint\u00e1s\u00fav\u00e1 var\u00e1zsolja a ruh\u00e1kat.<\/p>\n<p>3 h\u00f3napos kort\u00f3l aj\u00e1nljuk (0-3 h\u00f3napos korig a Csepke baby 0+ illat \u00e9s allerg\u00e9nmentes term\u00e9keket javasoljuk, hogy a baba sz\u00e1m\u00e1ra idegen illatanyagok ne zavarj\u00e1k a k\u00f6t\u0151d\u00e9s kialakul\u00e1s\u00e1t).<\/p>","protected":false},"excerpt":{"rendered":"<p>Speci\u00e1lis \u00d6bl\u00edt\u0151 baba \u00e9s kismama ruh\u00e1k mos\u00e1s\u00e1hoz. Kellemes illat sz\u00e1r\u00edt\u00f3g\u00e9p ut\u00e1n is. Hipoallerg\u00e9n- Olyan \u00f6sszetev\u0151ket tartalmaz, amelyek minimaliz\u00e1lj\u00e1k az allergi\u00e1s reakci\u00f3k kialakul\u00e1s\u00e1nak val\u00f3sz\u00edn\u0171s\u00e9g\u00e9t. VEG\u00c1N-nem tartalmaz \u00e1llati eredet\u0171 anyagokat, term\u00e9szetes \u00f6sszetev\u0151kb\u0151l \u00e1ll. G\u00e9pi \u00e9s k\u00e9zi mos\u00e1shoz is alkalmazhat\u00f3. K\u00f6zvetlen\u00fcl a ruh\u00e1ra t\u00e9ve sem roncsolja a text\u00edli\u00e1kat, gyapj\u00fa \u00e9s selyem anyagokhoz is haszn\u00e1lhat\u00f3. \u00d6bl\u00edt\u0151 koncentr\u00e1tumunk puh\u00e1v\u00e1, k\u00e9nyelmes [&hellip;]<\/p>\n","protected":false},"featured_media":35538,"comment_status":"open","ping_status":"closed","template":"","meta":{"_acf_changed":false},"product_brand":[],"product_cat":[34,36],"product_tag":[658],"class_list":{"0":"post-35537","1":"product","2":"type-product","3":"status-publish","4":"has-post-thumbnail","6":"product_cat-100-ml-es-termekminta","7":"product_cat-utazashoz","8":"product_tag-uj-termek","10":"first","11":"instock","12":"shipping-taxable","13":"purchasable","14":"product-type-simple"},"acf":[],"_links":{"self":[{"href":"https:\/\/naturcleaning.hu\/en\/wp-json\/wp\/v2\/product\/35537","targetHints":{"allow":["GET"]}}],"collection":[{"href":"https:\/\/naturcleaning.hu\/en\/wp-json\/wp\/v2\/product"}],"about":[{"href":"https:\/\/naturcleaning.hu\/en\/wp-json\/wp\/v2\/types\/product"}],"replies":[{"embeddable":true,"href":"https:\/\/naturcleaning.hu\/en\/wp-json\/wp\/v2\/comments?post=35537"}],"wp:featuredmedia":[{"embeddable":true,"href":"https:\/\/naturcleaning.hu\/en\/wp-json\/wp\/v2\/media\/35538"}],"wp:attachment":[{"href":"https:\/\/naturcleaning.hu\/en\/wp-json\/wp\/v2\/media?parent=35537"}],"wp:term":[{"taxonomy":"product_brand","embeddable":true,"href":"https:\/\/naturcleaning.hu\/en\/wp-json\/wp\/v2\/product_brand?post=35537"},{"taxonomy":"product_cat","embeddable":true,"href":"https:\/\/naturcleaning.hu\/en\/wp-json\/wp\/v2\/product_cat?post=35537"},{"taxonomy":"product_tag","embeddable":true,"href":"https:\/\/naturcleaning.hu\/en\/wp-json\/wp\/v2\/product_tag?post=35537"}],"curies":[{"name":"wp","href":"https:\/\/api.w.org\/{rel}","templated":true}]}}