{"id":35524,"date":"2025-07-13T21:42:57","date_gmt":"2025-07-13T21:42:57","guid":{"rendered":"https:\/\/naturcleaning.hu\/?post_type=product&#038;p=35524"},"modified":"2026-01-08T23:30:01","modified_gmt":"2026-01-08T23:30:01","slug":"szivmano-es-a-szeretetnyelvek-kartyajatek","status":"publish","type":"product","link":"https:\/\/naturcleaning.hu\/en\/product\/szivmano-es-a-szeretetnyelvek-kartyajatek\/","title":{"rendered":"Sz\u00edvman\u00f3 \u00e9s a szeretetnyelvek k\u00e1rtyaj\u00e1t\u00e9k"},"content":{"rendered":"<p>Sz\u00edvman\u00f3 \u00e9s a szeretetnyelvek k\u00e1rtyaj\u00e1t\u00e9k az \u00e9rzelmi kommunik\u00e1ci\u00f3 \u00e9s a kapcsolati k\u00f6tel\u00e9kek elm\u00e9ly\u00edt\u00e9s\u00e9hez<\/p>\n<p>&nbsp;<\/p>\n<p>A gyermekek eg\u00e9szs\u00e9ges fejl\u0151d\u00e9s\u00e9nek alapja a szeretetteljes, biztons\u00e1got ad\u00f3 kapcsolat. Ha a gyermek \u00fagy \u00e9rzi, hogy szeretik \u00e9s meg\u00e9rtik, akkor k\u00f6nnyebben fejl\u0151dik az \u00f6nbizalma, stabilabb lesz az \u00e9rzelmi vil\u00e1ga, \u00e9s nyitottabban kapcsol\u00f3dik m\u00e1sokhoz.<\/p>\n<p>A szeretetnyelvek seg\u00edtenek abban, hogy ne csak adjunk szeretetet, hanem val\u00f3ban el is juttassuk azt a gyermek sz\u00edv\u00e9hez. A Sz\u00edvman\u00f3 \u00e9s a szeretetnyelvek k\u00e1rtyaj\u00e1t\u00e9k c\u00e9lja, hogy a gyermekek \u00e9s nevel\u0151ik \u00e9rzelmi kommunik\u00e1ci\u00f3j\u00e1nak fejl\u0151d\u00e9s\u00e9t j\u00e1t\u00e9kosan t\u00e1mogassa.<\/p>\n<p><strong>Mit is tartalmaz pontosan a k\u00e1rtyacsomag?<\/strong><\/p>\n<p>Szeretetnyelvk\u00e1rty\u00e1k (40db)<\/p>\n<p>K\u00fcldet\u00e9sk\u00e1rty\u00e1k (10db)<\/p>\n<p>Meglepet\u00e9sk\u00e1rty\u00e1k (10 db)<\/p>\n<p>Mesek\u00e1rty\u00e1k (5 db)<\/p>\n<p>\u201eAz 5 szeretetnyelv\u201d seg\u00e9dk\u00e1rtya (1 db)<\/p>\n<p>\u201eAz \u00e9n k\u00f6r\u00f6m\u201d seg\u00e9dk\u00e1rty\u00e1k (4 db)<\/p>\n<p>J\u00e1t\u00e9k- \u00e9s mesef\u00fczet<\/p>\n<p>A k\u00e1rtyaj\u00e1t\u00e9kot t\u00f6bbf\u00e9lek\u00e9ppen is haszn\u00e1lhatj\u00e1tok: a j\u00e1t\u00e9k sor\u00e1n k\u00fcldet\u00e9seket teljes\u00edthettek \u00e9s szeretetpontokat gy\u0171jthettek, fejleszthetitek vele a mem\u00f3ri\u00e1tokat, vagy haszn\u00e1lhatj\u00e1tok egy\u00e9ni \u00e9s csoportos besz\u00e9lget\u00e9sek sor\u00e1n besz\u00e9lget\u00e9sind\u00edt\u00f3k\u00e9nt is. Ezekr\u0151l b\u0151vebb le\u00edr\u00e1s a j\u00e1t\u00e9k- \u00e9s mesef\u00fczetben tal\u00e1lhat\u00f3.<\/p>\n<p><strong>Kinek val\u00f3 ez a j\u00e1t\u00e9k?<\/strong><\/p>\n<p>Els\u0151sorban 3-12 \u00e9ves gyerekeknek, de nem csak nekik lehet hasznos, hanem:<\/p>\n<p>Sz\u00fcl\u0151knek, akik szeretn\u00e9k jobban meg\u00e9rteni a gyermek\u00fck bels\u0151 vil\u00e1g\u00e1t.<\/p>\n<p>Pedag\u00f3gusoknak, \u00f3vodai vagy iskolai csoportban \u00e9rzelmi nevel\u00e9shez \u00e9s a k\u00f6z\u00f6ss\u00e9g er\u0151s\u00edt\u00e9s\u00e9hez.<\/p>\n<p>Fejleszt\u0151 szakembereknek, pszichol\u00f3gusoknak, akik j\u00e1t\u00e9kosan szeretn\u00e9k seg\u00edteni a gyerekeket.<\/p>\n<p>Csal\u00e1doknak, ahol fontos, hogy a szeretet kifejez\u00e9se \u00e9s elfogad\u00e1sa ne csak sz\u00f3ban legyen jelen, hanem k\u00f6z\u00f6sen meg\u00e9lt \u00e9lm\u00e9nyk\u00e9nt is.<\/p>\n<p>Legyen sz\u00f3 csal\u00e1di egy\u00fcttl\u00e9tr\u0151l, \u00f3vodai vagy iskolai foglalkoz\u00e1sr\u00f3l, a Sz\u00edvman\u00f3 \u00e9s a szeretetnyelvek k\u00e1rtyaj\u00e1t\u00e9k val\u00f3di tal\u00e1lkoz\u00e1sokra ad lehet\u0151s\u00e9get: j\u00e1t\u00e9kos, \u00f6nfeledt pillanatokra, amelyek nemcsak \u00f6r\u00f6met hoznak, hanem \u00e9letre sz\u00f3l\u00f3 \u00e9lm\u00e9nnyel \u00e9s tud\u00e1ssal is gazdag\u00edtanak benn\u00fcnket. Mind a gyermekeinkre, mind a t\u00e1gabb csal\u00e1di vagy bar\u00e1ti kapcsolatainkra j\u00f3t\u00e9konyan hathat a szeretetnyelvek meg\u00e9rt\u00e9se \u00e9s j\u00e1t\u00e9kos kommunik\u00e1ci\u00f3ja.<\/p>\n<p><strong>Miben seg\u00edt?<\/strong><\/p>\n<p>A gyermek k\u00f6nnyebben meg tudja fogalmazni, mi esik j\u00f3l neki.<\/p>\n<p>Megtanul m\u00e1sokra is figyelni, felismerni a t\u00e1rsai szeretetmegnyilv\u00e1nul\u00e1sait.<\/p>\n<p>K\u00f6nnyebb\u00e9 v\u00e1lik a csal\u00e1don bel\u00fcli kommunik\u00e1ci\u00f3, k\u00fcl\u00f6n\u00f6sen testv\u00e9rek, sz\u00fcl\u0151k, nagysz\u00fcl\u0151k k\u00f6z\u00f6tt.<\/p>\n<p>Er\u0151s\u00edti az \u00e9rzelmi biztons\u00e1got \u00e9s a szeretetteli k\u00f6t\u0151d\u00e9st.<\/p>\n<p>Mindezt \u00fagy, hogy k\u00f6zben a gyerek j\u00e1tszik \u00e9s j\u00f3l \u00e9rzi mag\u00e1t.<\/p>","protected":false},"excerpt":{"rendered":"<p>Sz\u00edvman\u00f3 \u00e9s a szeretetnyelvek k\u00e1rtyaj\u00e1t\u00e9k az \u00e9rzelmi kommunik\u00e1ci\u00f3 \u00e9s a kapcsolati k\u00f6tel\u00e9kek elm\u00e9ly\u00edt\u00e9s\u00e9hez &nbsp; A gyermekek eg\u00e9szs\u00e9ges fejl\u0151d\u00e9s\u00e9nek alapja a szeretetteljes, biztons\u00e1got ad\u00f3 kapcsolat. Ha a gyermek \u00fagy \u00e9rzi, hogy szeretik \u00e9s meg\u00e9rtik, akkor k\u00f6nnyebben fejl\u0151dik az \u00f6nbizalma, stabilabb lesz az \u00e9rzelmi vil\u00e1ga, \u00e9s nyitottabban kapcsol\u00f3dik m\u00e1sokhoz. A szeretetnyelvek seg\u00edtenek abban, hogy ne csak adjunk [&hellip;]<\/p>\n","protected":false},"featured_media":35529,"comment_status":"open","ping_status":"closed","template":"","meta":{"_acf_changed":false},"product_brand":[],"product_cat":[35],"product_tag":[658],"class_list":{"0":"post-35524","1":"product","2":"type-product","3":"status-publish","4":"has-post-thumbnail","6":"product_cat-szakkonyv","7":"product_tag-uj-termek","9":"first","10":"outofstock","11":"shipping-taxable","12":"purchasable","13":"product-type-simple"},"acf":[],"_links":{"self":[{"href":"https:\/\/naturcleaning.hu\/en\/wp-json\/wp\/v2\/product\/35524","targetHints":{"allow":["GET"]}}],"collection":[{"href":"https:\/\/naturcleaning.hu\/en\/wp-json\/wp\/v2\/product"}],"about":[{"href":"https:\/\/naturcleaning.hu\/en\/wp-json\/wp\/v2\/types\/product"}],"replies":[{"embeddable":true,"href":"https:\/\/naturcleaning.hu\/en\/wp-json\/wp\/v2\/comments?post=35524"}],"wp:featuredmedia":[{"embeddable":true,"href":"https:\/\/naturcleaning.hu\/en\/wp-json\/wp\/v2\/media\/35529"}],"wp:attachment":[{"href":"https:\/\/naturcleaning.hu\/en\/wp-json\/wp\/v2\/media?parent=35524"}],"wp:term":[{"taxonomy":"product_brand","embeddable":true,"href":"https:\/\/naturcleaning.hu\/en\/wp-json\/wp\/v2\/product_brand?post=35524"},{"taxonomy":"product_cat","embeddable":true,"href":"https:\/\/naturcleaning.hu\/en\/wp-json\/wp\/v2\/product_cat?post=35524"},{"taxonomy":"product_tag","embeddable":true,"href":"https:\/\/naturcleaning.hu\/en\/wp-json\/wp\/v2\/product_tag?post=35524"}],"curies":[{"name":"wp","href":"https:\/\/api.w.org\/{rel}","templated":true}]}}