{"id":35161,"date":"2025-07-03T14:28:55","date_gmt":"2025-07-03T14:28:55","guid":{"rendered":"https:\/\/naturcleaning.hu\/?post_type=product&#038;p=35161"},"modified":"2025-10-09T13:42:52","modified_gmt":"2025-10-09T13:42:52","slug":"csepke-baby-hipoallergen-babafurdeto-hab-es-sampon-tunderkert-200-ml","status":"publish","type":"product","link":"https:\/\/naturcleaning.hu\/en\/product\/csepke-baby-hipoallergen-babafurdeto-hab-es-sampon-tunderkert-200-ml\/","title":{"rendered":"Csepke Baby Hipoallerg\u00e9n Babaf\u00fcrdet\u0151 Hab \u00e9s Sampon T\u00fcnd\u00e9rkert 200 ml"},"content":{"rendered":"<p>Csepke Baby Hipoallerg\u00e9n Babaf\u00fcrdet\u0151 Hab \u00e9s Sampon T\u00fcnd\u00e9rkert - Gyeng\u00e9d gy\u00fcm\u00f6lcs\u00f6s illattal<\/p>\n<p>\u00c9lvezz\u00e9tek az \u00f6nfeledt pancsol\u00e1st a gy\u00fcm\u00f6lcs\u00f6s term\u00e9szet adta habf\u00fcrd\u0151vel. A gy\u00fcm\u00f6lcs\u00f6s hab k\u00e9nyezteti a bab\u00e1t, mik\u00f6zben term\u00e9szetes, b\u0151rnyugtat\u00f3 hat\u00f3anyagai gyeng\u00e9den tiszt\u00edtj\u00e1k \u00e9s t\u00e1pl\u00e1lj\u00e1k a b\u0151rt. \u00c9rz\u00e9keny b\u0151r\u0171 csecsem\u0151k b\u0151r\u00e9nek \u00e9s haj\u00e1nak \u00e1pol\u00e1s\u00e1ra kifejlesztett term\u00e9k. Szappanmentes formula, nem cs\u00edpi a szemet.<\/p>","protected":false},"excerpt":{"rendered":"<p>Csepke Baby Hipoallerg\u00e9n Babaf\u00fcrdet\u0151 Hab \u00e9s Sampon T\u00fcnd\u00e9rkert - Gyeng\u00e9d gy\u00fcm\u00f6lcs\u00f6s illattal \u00c9lvezz\u00e9tek az \u00f6nfeledt pancsol\u00e1st a gy\u00fcm\u00f6lcs\u00f6s term\u00e9szet adta habf\u00fcrd\u0151vel. A gy\u00fcm\u00f6lcs\u00f6s hab k\u00e9nyezteti a bab\u00e1t, mik\u00f6zben term\u00e9szetes, b\u0151rnyugtat\u00f3 hat\u00f3anyagai gyeng\u00e9den tiszt\u00edtj\u00e1k \u00e9s t\u00e1pl\u00e1lj\u00e1k a b\u0151rt. \u00c9rz\u00e9keny b\u0151r\u0171 csecsem\u0151k b\u0151r\u00e9nek \u00e9s haj\u00e1nak \u00e1pol\u00e1s\u00e1ra kifejlesztett term\u00e9k. Szappanmentes formula, nem cs\u00edpi a szemet.<\/p>","protected":false},"featured_media":35160,"comment_status":"open","ping_status":"closed","template":"","meta":{"_acf_changed":false},"product_brand":[],"product_cat":[28,21,720],"product_tag":[658],"class_list":{"0":"post-35161","1":"product","2":"type-product","3":"status-publish","4":"has-post-thumbnail","6":"product_cat-csepke-baby-termekek","7":"product_cat-tusfurdok-szappanok-es-kozmetikumok","8":"product_cat-ujdonsagok","9":"product_tag-uj-termek","11":"first","12":"instock","13":"shipping-taxable","14":"purchasable","15":"product-type-simple"},"acf":[],"_links":{"self":[{"href":"https:\/\/naturcleaning.hu\/en\/wp-json\/wp\/v2\/product\/35161","targetHints":{"allow":["GET"]}}],"collection":[{"href":"https:\/\/naturcleaning.hu\/en\/wp-json\/wp\/v2\/product"}],"about":[{"href":"https:\/\/naturcleaning.hu\/en\/wp-json\/wp\/v2\/types\/product"}],"replies":[{"embeddable":true,"href":"https:\/\/naturcleaning.hu\/en\/wp-json\/wp\/v2\/comments?post=35161"}],"wp:featuredmedia":[{"embeddable":true,"href":"https:\/\/naturcleaning.hu\/en\/wp-json\/wp\/v2\/media\/35160"}],"wp:attachment":[{"href":"https:\/\/naturcleaning.hu\/en\/wp-json\/wp\/v2\/media?parent=35161"}],"wp:term":[{"taxonomy":"product_brand","embeddable":true,"href":"https:\/\/naturcleaning.hu\/en\/wp-json\/wp\/v2\/product_brand?post=35161"},{"taxonomy":"product_cat","embeddable":true,"href":"https:\/\/naturcleaning.hu\/en\/wp-json\/wp\/v2\/product_cat?post=35161"},{"taxonomy":"product_tag","embeddable":true,"href":"https:\/\/naturcleaning.hu\/en\/wp-json\/wp\/v2\/product_tag?post=35161"}],"curies":[{"name":"wp","href":"https:\/\/api.w.org\/{rel}","templated":true}]}}