{"id":35157,"date":"2025-07-03T13:53:47","date_gmt":"2025-07-03T13:53:47","guid":{"rendered":"https:\/\/naturcleaning.hu\/?post_type=product&#038;p=35157"},"modified":"2025-10-22T22:09:10","modified_gmt":"2025-10-22T22:09:10","slug":"csepke-baby-ultra-sensitive-illat-es-allergenmentes-babafurdeto-hab-es-sampon","status":"publish","type":"product","link":"https:\/\/naturcleaning.hu\/en\/product\/csepke-baby-ultra-sensitive-illat-es-allergenmentes-babafurdeto-hab-es-sampon\/","title":{"rendered":"Csepke Baby Ultra Sensitive Illat- \u00e9s allerg\u00e9nmentes Babaf\u00fcrdet\u0151 Hab \u00e9s Sampon 200 ml"},"content":{"rendered":"<p>Csepke Baby Ultra Sensitive Illat- \u00e9s allerg\u00e9nmentes Babaf\u00fcrdet\u0151 Hab \u00e9s Sampon<\/p>\n<p>Gyeng\u00e9d gondoskod\u00e1s m\u00e1r az els\u0151 f\u00fcrdet\u00e9st\u0151l kezdve. A leg\u00e9rz\u00e9kenyebb babab\u0151r sz\u00e1m\u00e1ra k\u00e9sz\u00fclt, 100 % illat- \u00e9s allerg\u00e9nmentes. Ekc\u00e9m\u00e1ra hajlamos \u00e9s \u00e9rz\u00e9keny b\u0151r\u0171 csecsem\u0151k b\u0151r\u00e9nek \u00e9s haj\u00e1nak \u00e1pol\u00e1s\u00e1ra kifejlesztett term\u00e9k. Term\u00e9szetes, b\u0151rnyugtat\u00f3 hat\u00f3anyagai gyeng\u00e9den tiszt\u00edtj\u00e1k \u00e9s t\u00e1pl\u00e1lj\u00e1k a b\u0151rt. Szappanmentes formula, nem cs\u00edpi a szemet.<\/p>\n<p>Korasz\u00fcl\u00f6ttek b\u0151r\u00e1pol\u00e1s\u00e1ra is alkalmazhat\u00f3.<\/p>","protected":false},"excerpt":{"rendered":"<p>Csepke Baby Ultra Sensitive Illat- \u00e9s allerg\u00e9nmentes Babaf\u00fcrdet\u0151 Hab \u00e9s Sampon Gyeng\u00e9d gondoskod\u00e1s m\u00e1r az els\u0151 f\u00fcrdet\u00e9st\u0151l kezdve. A leg\u00e9rz\u00e9kenyebb babab\u0151r sz\u00e1m\u00e1ra k\u00e9sz\u00fclt, 100 % illat- \u00e9s allerg\u00e9nmentes. Ekc\u00e9m\u00e1ra hajlamos \u00e9s \u00e9rz\u00e9keny b\u0151r\u0171 csecsem\u0151k b\u0151r\u00e9nek \u00e9s haj\u00e1nak \u00e1pol\u00e1s\u00e1ra kifejlesztett term\u00e9k. Term\u00e9szetes, b\u0151rnyugtat\u00f3 hat\u00f3anyagai gyeng\u00e9den tiszt\u00edtj\u00e1k \u00e9s t\u00e1pl\u00e1lj\u00e1k a b\u0151rt. Szappanmentes formula, nem cs\u00edpi a szemet. [&hellip;]<\/p>\n","protected":false},"featured_media":35159,"comment_status":"open","ping_status":"closed","template":"","meta":{"_acf_changed":false},"product_brand":[],"product_cat":[28,22,21,720],"product_tag":[658],"class_list":{"0":"post-35157","1":"product","2":"type-product","3":"status-publish","4":"has-post-thumbnail","6":"product_cat-csepke-baby-termekek","7":"product_cat-cudy-illat-es-allergenmentes-tisztitoszer","8":"product_cat-tusfurdok-szappanok-es-kozmetikumok","9":"product_cat-ujdonsagok","10":"product_tag-uj-termek","12":"first","13":"instock","14":"shipping-taxable","15":"purchasable","16":"product-type-simple"},"acf":[],"_links":{"self":[{"href":"https:\/\/naturcleaning.hu\/en\/wp-json\/wp\/v2\/product\/35157","targetHints":{"allow":["GET"]}}],"collection":[{"href":"https:\/\/naturcleaning.hu\/en\/wp-json\/wp\/v2\/product"}],"about":[{"href":"https:\/\/naturcleaning.hu\/en\/wp-json\/wp\/v2\/types\/product"}],"replies":[{"embeddable":true,"href":"https:\/\/naturcleaning.hu\/en\/wp-json\/wp\/v2\/comments?post=35157"}],"wp:featuredmedia":[{"embeddable":true,"href":"https:\/\/naturcleaning.hu\/en\/wp-json\/wp\/v2\/media\/35159"}],"wp:attachment":[{"href":"https:\/\/naturcleaning.hu\/en\/wp-json\/wp\/v2\/media?parent=35157"}],"wp:term":[{"taxonomy":"product_brand","embeddable":true,"href":"https:\/\/naturcleaning.hu\/en\/wp-json\/wp\/v2\/product_brand?post=35157"},{"taxonomy":"product_cat","embeddable":true,"href":"https:\/\/naturcleaning.hu\/en\/wp-json\/wp\/v2\/product_cat?post=35157"},{"taxonomy":"product_tag","embeddable":true,"href":"https:\/\/naturcleaning.hu\/en\/wp-json\/wp\/v2\/product_tag?post=35157"}],"curies":[{"name":"wp","href":"https:\/\/api.w.org\/{rel}","templated":true}]}}