{"id":34183,"date":"2025-05-07T09:38:46","date_gmt":"2025-05-07T09:38:46","guid":{"rendered":"https:\/\/naturcleaning.hu\/?post_type=product&#038;p=34183"},"modified":"2025-10-08T10:26:22","modified_gmt":"2025-10-08T10:26:22","slug":"naturcleaning-oblito-koncentratum-levendula-1-liter-aroma-terapias","status":"publish","type":"product","link":"https:\/\/naturcleaning.hu\/en\/product\/naturcleaning-oblito-koncentratum-levendula-1-liter-aroma-terapias\/","title":{"rendered":"Naturcleaning Aromater\u00e1pi\u00e1s Levendula \u00d6bl\u00edt\u0151 koncentr\u00e1tum 1 liter"},"content":{"rendered":"<p style=\"text-align: center\"><strong>Natural rinse concentrate. Pleasant, long-lasting scent for up to weeks.<\/strong><br \/>\n<strong>Green Brand award winning brand<\/strong><\/p>\n<p>&nbsp;<\/p>\n<p class=\"v1MsoNormal\">Aromater\u00e1pi\u00e1s levendula \u00f6bl\u00edt\u0151 \u2013 kifejezetten \u00e1gynem\u0171kh\u00f6z.<\/p>\n<p class=\"v1MsoNormal\">Engedd, hogy a levendula finom illata belengje a h\u00e1l\u00f3szob\u00e1t, \u00e9s megteremtse a nyugodt, kiegyens\u00falyozott pihen\u00e9s hangulat\u00e1t. Minden egyes mos\u00e1s ut\u00e1n olyan, mintha frissen vetett, illatos mez\u0151n hajtan\u00e1d \u00e1lomra a fejed.<\/p>\n<p class=\"v1MsoNormal\">Ez az \u00f6bl\u00edt\u0151 a levendula minden j\u00f3t\u00e9kony tulajdons\u00e1g\u00e1t mag\u00e1ban hordozza \u2013 term\u00e9szetesen, mesters\u00e9ges illatanyagok n\u00e9lk\u00fcl.<\/p>\n<p class=\"v1MsoNormal\">-Term\u00e9szetes \u00f6sszetev\u0151k<\/p>\n<p class=\"v1MsoNormal\">-Kifejezetten \u00e1gynem\u0171kh\u00f6z<\/p>\n<p class=\"v1MsoNormal\">-Kiegyens\u00falyozott, l\u00e1gy illat<\/p>\n<p>&nbsp;<\/p>\n<p class=\"v1MsoNormal\">Pr\u00f3b\u00e1ld ki, \u00e9s var\u00e1zsolj meghitt, levendul\u00e1s est\u00e9ket a h\u00e1l\u00f3szob\u00e1ba!<\/p>\n<p>&nbsp;<\/p>\n<p><strong>Features:<\/strong><br \/>\nLavender scent<br \/>\n-Environmentally conscious fabric softener concentrate<br \/>\n-Pleasant smell even after using the dryer<br \/>\n-Plant ingredients<br \/>\n-Hipoallerg\u00e9n<br \/>\n- Reduces creasing, making ironing easier<br \/>\n-phosphate-free, chlorine-free, paraben-free, cruelty-free, palm oil-free, vegan<br \/>\n-Biodegradable<br \/>\n-can be dispensed economically<br \/>\n-Hungarian product<br \/>\n-Refillable bottle<\/p>\n<p><strong>Description:<\/strong><\/p>\n<p>Az \u00f6bl\u00edt\u0151 hipoallerg\u00e9n, foszf\u00e1tmentes, kl\u00f3rmentes, parab\u00e9nmentes, \u00e1llatk\u00eds\u00e9rlet mentes, p\u00e1lmaolaj mentes, veg\u00e1n, term\u00e9szetes \u00f6sszetev\u0151kb\u0151l k\u00e9sz\u00fclt (kukoricaolaj, k\u00f3kuszolaj). Biol\u00f3giailag j\u00f3l leboml\u00f3 fel\u00fcletakt\u00edv anyagokat tartalmaz.<br \/>\nDue to its natural based composition, it does not pollute the environment. It does not pollute our living waters as it is completely biodegradable.<\/p>\n<p>1 liter \u00f6bl\u00edt\u0151b\u0151l 5 liter \u00f6bl\u00edt\u0151 k\u00e9sz\u00edthet\u0151. H\u00edg\u00edt\u00e1s sor\u00e1n az \u00f6bl\u00edt\u0151 illat\u00e1nak intenzit\u00e1sa cs\u00f6kken.<\/p>","protected":false},"excerpt":{"rendered":"<p>Term\u00e9szetes \u00f6bl\u00edt\u0151 koncentr\u00e1tum. Kellemes, hosszan tart\u00f3 illat ak\u00e1r heteken \u00e1t. Green Brand d\u00edjas m\u00e1rka. &nbsp; Aromater\u00e1pi\u00e1s levendula \u00f6bl\u00edt\u0151 \u2013 kifejezetten \u00e1gynem\u0171kh\u00f6z. Engedd, hogy a levendula finom illata belengje a h\u00e1l\u00f3szob\u00e1t, \u00e9s megteremtse a nyugodt, kiegyens\u00falyozott pihen\u00e9s hangulat\u00e1t. Minden egyes mos\u00e1s ut\u00e1n olyan, mintha frissen vetett, illatos mez\u0151n hajtan\u00e1d \u00e1lomra a fejed. Ez az \u00f6bl\u00edt\u0151 a [&hellip;]<\/p>\n","protected":false},"featured_media":34184,"comment_status":"open","ping_status":"closed","template":"","meta":{"_acf_changed":false},"product_brand":[],"product_cat":[18,720],"product_tag":[690,658],"class_list":{"0":"post-34183","1":"product","2":"type-product","3":"status-publish","4":"has-post-thumbnail","6":"product_cat-oblito-koncentratum","7":"product_cat-ujdonsagok","8":"product_tag-50-mosas","9":"product_tag-uj-termek","11":"first","12":"instock","13":"shipping-taxable","14":"purchasable","15":"product-type-simple"},"acf":[],"_links":{"self":[{"href":"https:\/\/naturcleaning.hu\/en\/wp-json\/wp\/v2\/product\/34183","targetHints":{"allow":["GET"]}}],"collection":[{"href":"https:\/\/naturcleaning.hu\/en\/wp-json\/wp\/v2\/product"}],"about":[{"href":"https:\/\/naturcleaning.hu\/en\/wp-json\/wp\/v2\/types\/product"}],"replies":[{"embeddable":true,"href":"https:\/\/naturcleaning.hu\/en\/wp-json\/wp\/v2\/comments?post=34183"}],"wp:featuredmedia":[{"embeddable":true,"href":"https:\/\/naturcleaning.hu\/en\/wp-json\/wp\/v2\/media\/34184"}],"wp:attachment":[{"href":"https:\/\/naturcleaning.hu\/en\/wp-json\/wp\/v2\/media?parent=34183"}],"wp:term":[{"taxonomy":"product_brand","embeddable":true,"href":"https:\/\/naturcleaning.hu\/en\/wp-json\/wp\/v2\/product_brand?post=34183"},{"taxonomy":"product_cat","embeddable":true,"href":"https:\/\/naturcleaning.hu\/en\/wp-json\/wp\/v2\/product_cat?post=34183"},{"taxonomy":"product_tag","embeddable":true,"href":"https:\/\/naturcleaning.hu\/en\/wp-json\/wp\/v2\/product_tag?post=34183"}],"curies":[{"name":"wp","href":"https:\/\/api.w.org\/{rel}","templated":true}]}}