{"id":33321,"date":"2025-04-06T18:26:05","date_gmt":"2025-04-06T18:26:05","guid":{"rendered":"https:\/\/naturcleaning.hu\/?post_type=product&#038;p=33321"},"modified":"2025-10-08T10:33:17","modified_gmt":"2025-10-08T10:33:17","slug":"naturcleaning-furdoszobai-tisztito-500-ml","status":"publish","type":"product","link":"https:\/\/naturcleaning.hu\/en\/product\/naturcleaning-furdoszobai-tisztito-500-ml\/","title":{"rendered":"Naturcleaning F\u00fcrd\u0151szobai tiszt\u00edt\u00f3 500 ml"},"content":{"rendered":"<p><strong>Naturcleaning F\u00fcrd\u0151szobai tiszt\u00edt\u00f3\u00a0<\/strong><\/p>\n<p>Extra er\u0151s, m\u00e9gis k\u00f6rnyezetbar\u00e1t! A v\u00edzk\u0151old\u00f3 koncentr\u00e1tumunk hat\u00e9konyan sz\u00e1mol le a legmakacsabb v\u00edzk\u0151vel, szappanlerak\u00f3d\u00e1ssal \u00e9s egy\u00e9b szennyez\u0151d\u00e9sekkel, biol\u00f3giailag k\u00f6nnyen leboml\u00f3, \u00edgy nem terheli a k\u00f6rnyezetet. Er\u0151teljes savas hat\u00e1s - kompromisszumok n\u00e9lk\u00fcl!<\/p>\n<p>Haszn\u00e1lhat\u00f3: csempe, f\u00fcrd\u0151k\u00e1d, szaniter, ker\u00e1mia, mosd\u00f3kagyl\u00f3, zuhanykabin, csaptelep tiszt\u00edt\u00e1s\u00e1ra.<\/p>\n<p>Alkalmaz\u00e1s: Permetezze a kezelni k\u00edv\u00e1nt fel\u00fcletre majd hagyja p\u00e1r percig hatni. Ezut\u00e1n b\u0151 v\u00edzzel \u00f6bl\u00edtse le. Nem haszn\u00e1lhat\u00f3 s\u00e9r\u00fclt bevonat\u00fa szanitereken, por\u00f3zus csempefel\u00fcleteken. K\u00e9ts\u00e9g eset\u00e9n el\u0151zetesen v\u00e9gezzen \u00f6sszef\u00e9rhet\u0151s\u00e9gi pr\u00f3b\u00e1t egy kev\u00e9sb\u00e9 l\u00e1that\u00f3 helyen, hogy megel\u0151zze a k\u00e1rosod\u00e1st!<\/p>","protected":false},"excerpt":{"rendered":"<p>Naturcleaning F\u00fcrd\u0151szobai tiszt\u00edt\u00f3\u00a0 Extra er\u0151s, m\u00e9gis k\u00f6rnyezetbar\u00e1t! A v\u00edzk\u0151old\u00f3 koncentr\u00e1tumunk hat\u00e9konyan sz\u00e1mol le a legmakacsabb v\u00edzk\u0151vel, szappanlerak\u00f3d\u00e1ssal \u00e9s egy\u00e9b szennyez\u0151d\u00e9sekkel, biol\u00f3giailag k\u00f6nnyen leboml\u00f3, \u00edgy nem terheli a k\u00f6rnyezetet. Er\u0151teljes savas hat\u00e1s - kompromisszumok n\u00e9lk\u00fcl! Haszn\u00e1lhat\u00f3: csempe, f\u00fcrd\u0151k\u00e1d, szaniter, ker\u00e1mia, mosd\u00f3kagyl\u00f3, zuhanykabin, csaptelep tiszt\u00edt\u00e1s\u00e1ra. Alkalmaz\u00e1s: Permetezze a kezelni k\u00edv\u00e1nt fel\u00fcletre majd hagyja p\u00e1r percig hatni. Ezut\u00e1n [&hellip;]<\/p>\n","protected":false},"featured_media":33325,"comment_status":"open","ping_status":"closed","template":"","meta":{"_acf_changed":false},"product_brand":[],"product_cat":[24,645,720,25],"product_tag":[658],"class_list":{"0":"post-33321","1":"product","2":"type-product","3":"status-publish","4":"has-post-thumbnail","6":"product_cat-altalanos-tisztito-es-felmososzer","7":"product_cat-penztar_slider","8":"product_cat-ujdonsagok","9":"product_cat-wc-higieniai-termek","10":"product_tag-uj-termek","12":"first","13":"instock","14":"shipping-taxable","15":"purchasable","16":"product-type-simple"},"acf":[],"_links":{"self":[{"href":"https:\/\/naturcleaning.hu\/en\/wp-json\/wp\/v2\/product\/33321","targetHints":{"allow":["GET"]}}],"collection":[{"href":"https:\/\/naturcleaning.hu\/en\/wp-json\/wp\/v2\/product"}],"about":[{"href":"https:\/\/naturcleaning.hu\/en\/wp-json\/wp\/v2\/types\/product"}],"replies":[{"embeddable":true,"href":"https:\/\/naturcleaning.hu\/en\/wp-json\/wp\/v2\/comments?post=33321"}],"wp:featuredmedia":[{"embeddable":true,"href":"https:\/\/naturcleaning.hu\/en\/wp-json\/wp\/v2\/media\/33325"}],"wp:attachment":[{"href":"https:\/\/naturcleaning.hu\/en\/wp-json\/wp\/v2\/media?parent=33321"}],"wp:term":[{"taxonomy":"product_brand","embeddable":true,"href":"https:\/\/naturcleaning.hu\/en\/wp-json\/wp\/v2\/product_brand?post=33321"},{"taxonomy":"product_cat","embeddable":true,"href":"https:\/\/naturcleaning.hu\/en\/wp-json\/wp\/v2\/product_cat?post=33321"},{"taxonomy":"product_tag","embeddable":true,"href":"https:\/\/naturcleaning.hu\/en\/wp-json\/wp\/v2\/product_tag?post=33321"}],"curies":[{"name":"wp","href":"https:\/\/api.w.org\/{rel}","templated":true}]}}