{"id":332,"date":"2021-06-01T15:12:59","date_gmt":"2021-06-01T13:12:59","guid":{"rendered":"https:\/\/cudyfuture.nomaddigital.hu\/?post_type=product&#038;p=332"},"modified":"2025-02-18T14:28:01","modified_gmt":"2025-02-18T14:28:01","slug":"soft-power-eco-mosogatoszer-koncentratum-citrom","status":"publish","type":"product","link":"https:\/\/naturcleaning.hu\/en\/product\/soft-power-eco-mosogatoszer-koncentratum-citrom\/","title":{"rendered":"Naturcleaning Mosogat\u00f3szer Citrom 1 liter"},"content":{"rendered":"<p>A Naturcleaning Hipoallerg\u00e9n mosogat\u00f3szer koncentr\u00e1tum foszf\u00e1tmentes, kl\u00f3rmentes, parab\u00e9nmentes, \u00e1llatk\u00eds\u00e9rlet mentes, p\u00e1lmaolaj mentes, veg\u00e1n, term\u00e9szetes \u00f6sszetev\u0151kb\u0151l k\u00e9sz\u00fclt (kukoricaolaj, k\u00f3kuszolaj).<\/p>\n<p>It contains biodegradable surfactants and only food coloring.<\/p>\n<p><strong>The dishwahing liquid concentrate recommended for handwashing with running\nwater.<\/strong>DIRECTIONS: it must be diluted 1:5, so it is very economy. The Naturcleaning\ndishwashing liquid contains skin-protecting grape seed oil components, thereby\nprotecting your hands from drying out. Thanks to grape seed oil extract it nourishes\nand regenerates the skin. <strong>nourishes and regenerates the skin.<\/strong>The product contains a water softener, so it can be used effectively in water with a high total hardness and iron content. Available in 1 and 5 liter packs.<\/p>\n<p><strong>Green dishes for washing dishes:<\/strong><\/p>\n<p>Warm water alone is degreasing, use only the amount of washing up liquid you need.<\/p>\n<p>To save water, do not wash in running water.<\/p>\n<p>Dilute the detergent concentrate 2-5 times to make it easier to add.<\/p>\n<p>Soak dried or burnt dishes in washing-up water, preferring mechanical cleaning.<\/p>\n<p>Do not leave washing up liquid in the bottle, rinse with water during the last use. Without rinsing, up to two dishwashing liquid  can stick to the wall of the bottle.<\/p>\n<p><strong>What else is good for our washing up liquid:<\/strong><\/p>\n<p>for car washing, it can be used instead of car shampoo for stain removal on textiles: pour the detergent on the stain and rub it well for washing, cleaning the furniture: add 2-3 drops of dishwashing concentrate to 5 liters of water to clean the carpet. .<\/p>","protected":false},"excerpt":{"rendered":"<p>A Naturcleaning Hipoallerg\u00e9n mosogat\u00f3szer koncentr\u00e1tum foszf\u00e1tmentes, kl\u00f3rmentes, parab\u00e9nmentes, \u00e1llatk\u00eds\u00e9rlet mentes, p\u00e1lmaolaj mentes, veg\u00e1n, term\u00e9szetes \u00f6sszetev\u0151kb\u0151l k\u00e9sz\u00fclt (kukoricaolaj, k\u00f3kuszolaj). Biol\u00f3giailag j\u00f3l leboml\u00f3 fel\u00fcletakt\u00edv anyagokat \u00e9s kiz\u00e1r\u00f3lag \u00e9lelmiszeripari sz\u00ednez\u0151anyagot tartalmaz. A Naturcleaning Hypoallergen mosogat\u00f3szert foly\u00f3vizes mosogat\u00e1shoz javasoljuk 5-sz\u00f6r\u00f6s\u00e9re h\u00edg\u00edtani, \u00edgy gazdas\u00e1gosan adagolhat\u00f3. A Naturcleaning mosogat\u00f3szer b\u0151rv\u00e9d\u0151 sz\u0151l\u0151magolaj komponenseket tartalmaz, ez\u00e1ltal v\u00e9di kezeit a kisz\u00e1rad\u00e1st\u00f3l. A sz\u0151l\u0151magolaj kivonatnak [&hellip;]<\/p>\n","protected":false},"featured_media":6684,"comment_status":"open","ping_status":"closed","template":"","meta":{"_acf_changed":false},"product_brand":[],"product_cat":[19],"product_tag":[],"class_list":{"0":"post-332","1":"product","2":"type-product","3":"status-publish","4":"has-post-thumbnail","6":"product_cat-mosogatoszer","8":"first","9":"instock","10":"shipping-taxable","11":"purchasable","12":"product-type-simple"},"acf":[],"_links":{"self":[{"href":"https:\/\/naturcleaning.hu\/en\/wp-json\/wp\/v2\/product\/332","targetHints":{"allow":["GET"]}}],"collection":[{"href":"https:\/\/naturcleaning.hu\/en\/wp-json\/wp\/v2\/product"}],"about":[{"href":"https:\/\/naturcleaning.hu\/en\/wp-json\/wp\/v2\/types\/product"}],"replies":[{"embeddable":true,"href":"https:\/\/naturcleaning.hu\/en\/wp-json\/wp\/v2\/comments?post=332"}],"wp:featuredmedia":[{"embeddable":true,"href":"https:\/\/naturcleaning.hu\/en\/wp-json\/wp\/v2\/media\/6684"}],"wp:attachment":[{"href":"https:\/\/naturcleaning.hu\/en\/wp-json\/wp\/v2\/media?parent=332"}],"wp:term":[{"taxonomy":"product_brand","embeddable":true,"href":"https:\/\/naturcleaning.hu\/en\/wp-json\/wp\/v2\/product_brand?post=332"},{"taxonomy":"product_cat","embeddable":true,"href":"https:\/\/naturcleaning.hu\/en\/wp-json\/wp\/v2\/product_cat?post=332"},{"taxonomy":"product_tag","embeddable":true,"href":"https:\/\/naturcleaning.hu\/en\/wp-json\/wp\/v2\/product_tag?post=332"}],"curies":[{"name":"wp","href":"https:\/\/api.w.org\/{rel}","templated":true}]}}