{"id":32924,"date":"2025-03-11T17:22:14","date_gmt":"2025-03-11T17:22:14","guid":{"rendered":"https:\/\/naturcleaning.hu\/?post_type=product&#038;p=32924"},"modified":"2025-03-11T17:28:44","modified_gmt":"2025-03-11T17:28:44","slug":"a-viragtunderek-titkai-7-gigi-es-a-varazspirulak-mechler-anna","status":"publish","type":"product","link":"https:\/\/naturcleaning.hu\/en\/product\/a-viragtunderek-titkai-7-gigi-es-a-varazspirulak-mechler-anna\/","title":{"rendered":"A Vir\u00e1gt\u00fcnd\u00e9rek Titkai 7. - Gigi \u00e9s a var\u00e1zspirul\u00e1k (Mechler Anna)"},"content":{"rendered":"<p>El\u00e9rkezett a ny\u00e1r els\u0151 napja, minden t\u00fcnd\u00e9r izgatottan k\u00e9sz\u00fcl a vir\u00e1gvar\u00e1zslatra - vagy m\u00e9gsem? L\u00e9tezik, hogy err\u0151l a fontos esem\u00e9nyr\u0151l valaki elfeledkezett? A var\u00e1zsg\u00f6mbben egy igaz\u00e1n k\u00fcl\u00f6n\u00f6s n\u00f6v\u00e9ny jelenik meg: a sz\u00e9ps\u00e9ges level\u0171 p\u00e1fr\u00e1nyfeny\u0151, avagy ginkgo. Az \u0151rz\u0151je \u00e9s seg\u00edt\u0151je mindenki meglepet\u00e9s\u00e9re Gigi lesz, akinek \u00e9pp el\u00e9g gondot jelent a saj\u00e1t sz\u00e9tsz\u00f3rts\u00e1ga. \u00c1m a megh\u00f6kkent\u0151 esem\u00e9nyek itt nem \u00e9rnek v\u00e9get: Nik\u00f3 szem\u00e9ly\u00e9ben egy v\u00e1ratlan l\u00e1togat\u00f3 \u00e9rkezik a r\u00e9tre, \u00e9s \u00fagy l\u00e1tszik, csak Gigi tud seg\u00edteni rajta. No de mi k\u00f6ze lehet mindehhez a p\u00e1fr\u00e1nyfeny\u0151nek?!?<\/p>\n<p>\u00dajabb taggal b\u0151v\u00fcl a vir\u00e1gt\u00fcnd\u00e9rek csapata, mik\u00f6zben Mechler Anna \u00e9s L\u00e1ng Anna k\u00f6nyve egy csod\u00e1latos, egyed\u00fcl\u00e1ll\u00f3 n\u00f6v\u00e9ny\u00f3ri\u00e1s titkait mutatja be. Az izgalmas kalandok sor\u00e1n a gyerekek \u00e9rdekes inform\u00e1ci\u00f3kat tudhatnak meg a ginkgo gy\u00f3gyhat\u00e1s\u00e1r\u00f3l \u00e9s k\u00fcl\u00f6nleges tulajdons\u00e1gair\u00f3l.<\/p>\n<div class=\"title\">Term\u00e9kadatok<\/div>\n<div>\n<div>\n<div>C\u00edm:\u00a0A vir\u00e1gt\u00fcnd\u00e9rek titkai 7. - Gigi \u00e9s a var\u00e1zspirul\u00e1k<\/div>\n<div>Szerz\u0151:\u00a0Mechler Anna<\/div>\n<div>Kiad\u00f3:\u00a0MAN\u00d3 K\u00d6NYVEK<\/div>\n<div>Sorozat:\u00a0A vir\u00e1gt\u00fcnd\u00e9rek titkai<\/div>\n<div>Oldalak sz\u00e1ma:\u00a064<\/div>\n<div>Megjelen\u00e9s:\u00a02025. m\u00e1rcius 05.<\/div>\n<div>K\u00f6t\u00e9s:\u00a0Kem\u00e9nyt\u00e1bl\u00e1s<\/div>\n<div>ISBN:\u00a09789635846337<\/div>\n<div>M\u00e9ret:\u00a0196 mm x 196 mm x 5 mm<\/div>\n<\/div>\n<\/div>","protected":false},"excerpt":{"rendered":"<p>El\u00e9rkezett a ny\u00e1r els\u0151 napja, minden t\u00fcnd\u00e9r izgatottan k\u00e9sz\u00fcl a vir\u00e1gvar\u00e1zslatra - vagy m\u00e9gsem? L\u00e9tezik, hogy err\u0151l a fontos esem\u00e9nyr\u0151l valaki elfeledkezett? A var\u00e1zsg\u00f6mbben egy igaz\u00e1n k\u00fcl\u00f6n\u00f6s n\u00f6v\u00e9ny jelenik meg: a sz\u00e9ps\u00e9ges level\u0171 p\u00e1fr\u00e1nyfeny\u0151, avagy ginkgo. Az \u0151rz\u0151je \u00e9s seg\u00edt\u0151je mindenki meglepet\u00e9s\u00e9re Gigi lesz, akinek \u00e9pp el\u00e9g gondot jelent a saj\u00e1t sz\u00e9tsz\u00f3rts\u00e1ga. \u00c1m a megh\u00f6kkent\u0151 [&hellip;]<\/p>\n","protected":false},"featured_media":32925,"comment_status":"open","ping_status":"closed","template":"","meta":{"_acf_changed":false},"product_brand":[],"product_cat":[32,35],"product_tag":[658],"class_list":{"0":"post-32924","1":"product","2":"type-product","3":"status-publish","4":"has-post-thumbnail","6":"product_cat-ajandekotletek","7":"product_cat-szakkonyv","8":"product_tag-uj-termek","10":"first","11":"instock","12":"shipping-taxable","13":"purchasable","14":"product-type-simple"},"acf":[],"_links":{"self":[{"href":"https:\/\/naturcleaning.hu\/en\/wp-json\/wp\/v2\/product\/32924","targetHints":{"allow":["GET"]}}],"collection":[{"href":"https:\/\/naturcleaning.hu\/en\/wp-json\/wp\/v2\/product"}],"about":[{"href":"https:\/\/naturcleaning.hu\/en\/wp-json\/wp\/v2\/types\/product"}],"replies":[{"embeddable":true,"href":"https:\/\/naturcleaning.hu\/en\/wp-json\/wp\/v2\/comments?post=32924"}],"wp:featuredmedia":[{"embeddable":true,"href":"https:\/\/naturcleaning.hu\/en\/wp-json\/wp\/v2\/media\/32925"}],"wp:attachment":[{"href":"https:\/\/naturcleaning.hu\/en\/wp-json\/wp\/v2\/media?parent=32924"}],"wp:term":[{"taxonomy":"product_brand","embeddable":true,"href":"https:\/\/naturcleaning.hu\/en\/wp-json\/wp\/v2\/product_brand?post=32924"},{"taxonomy":"product_cat","embeddable":true,"href":"https:\/\/naturcleaning.hu\/en\/wp-json\/wp\/v2\/product_cat?post=32924"},{"taxonomy":"product_tag","embeddable":true,"href":"https:\/\/naturcleaning.hu\/en\/wp-json\/wp\/v2\/product_tag?post=32924"}],"curies":[{"name":"wp","href":"https:\/\/api.w.org\/{rel}","templated":true}]}}