{"id":32596,"date":"2025-03-03T08:18:09","date_gmt":"2025-03-03T08:18:09","guid":{"rendered":"https:\/\/naturcleaning.hu\/?post_type=product&#038;p=32596"},"modified":"2025-10-08T19:52:45","modified_gmt":"2025-10-08T19:52:45","slug":"naturcleaning-pure-flower-altalanos-felulettisztito-spray-500-ml","status":"publish","type":"product","link":"https:\/\/naturcleaning.hu\/en\/product\/naturcleaning-pure-flower-altalanos-felulettisztito-spray-500-ml\/","title":{"rendered":"Naturcleaning Pure Flower \u00c1ltal\u00e1nos Fel\u00fclettiszt\u00edt\u00f3 Spray 500 ml"},"content":{"rendered":"<p>Naturcleaning Pure Flower \u00c1ltal\u00e1nos Fel\u00fclettiszt\u00edt\u00f3 Spray 500 ml<\/p>\n<p>Our goal with our NATURCLEANING philosophy of life and environmentally friendly products is to contribute to a clean and healthy home and work environment while taking as little space as possible away from wildlife and continuously reducing our ecological footprint.<\/p>\n<p>Term\u00e9szetes tisztas\u00e1g, vir\u00e1g illat\u00fa frissess\u00e9g egyszer\u0171en, \u00e9s term\u00e9szetesen fenntarthat\u00f3v\u00e1!<\/p>\n<p>A Naturcleaning Pure Flower hat\u00e9konyan elt\u00e1vol\u00edtja a szennyez\u0151d\u00e9seket, mik\u00f6zben friss vir\u00e1gos illattal t\u00f6lti meg a teret.VEG\u00c1N-nem tartalmaz \u00e1llati eredet\u0171 anyagokat. HIPOALLERG\u00c9N- olyan \u00f6sszetev\u0151ket tartalmaz, amelyek minimaliz\u00e1lj\u00e1k az allergi\u00e1s reakci\u00f3k kialakul\u00e1s\u00e1nak val\u00f3sz\u00edn\u0171s\u00e9g\u00e9t.<\/p>\n<p>&nbsp;<\/p>","protected":false},"excerpt":{"rendered":"<p>Naturcleaning Pure Flower \u00c1ltal\u00e1nos Fel\u00fclettiszt\u00edt\u00f3 Spray 500 ml C\u00e9lunk, hogy NATURCLEANING \u00e9letfiloz\u00f3fi\u00e1nkkal \u00e9s k\u00f6rnyezetbar\u00e1t term\u00e9keinkkel hozz\u00e1j\u00e1ruljunk a tiszta \u00e9s eg\u00e9szs\u00e9ges otthon \u00e9s munkak\u00f6rnyezet kialak\u00edt\u00e1s\u00e1hoz, mik\u00f6zben a lehet\u0151 legkevesebb teret vonjuk el az \u00e9l\u0151vil\u00e1gt\u00f3l \u00e9s folyamatosan cs\u00f6kkentj\u00fck \u00f6kol\u00f3giai l\u00e1bnyomunkat. Term\u00e9szetes tisztas\u00e1g, vir\u00e1g illat\u00fa frissess\u00e9g egyszer\u0171en, \u00e9s term\u00e9szetesen fenntarthat\u00f3v\u00e1! A Naturcleaning Pure Flower hat\u00e9konyan elt\u00e1vol\u00edtja a szennyez\u0151d\u00e9seket, [&hellip;]<\/p>\n","protected":false},"featured_media":32600,"comment_status":"open","ping_status":"closed","template":"","meta":{"_acf_changed":false},"product_brand":[],"product_cat":[24,720],"product_tag":[658],"class_list":{"0":"post-32596","1":"product","2":"type-product","3":"status-publish","4":"has-post-thumbnail","6":"product_cat-altalanos-tisztito-es-felmososzer","7":"product_cat-ujdonsagok","8":"product_tag-uj-termek","10":"first","11":"instock","12":"shipping-taxable","13":"purchasable","14":"product-type-simple"},"acf":[],"_links":{"self":[{"href":"https:\/\/naturcleaning.hu\/en\/wp-json\/wp\/v2\/product\/32596","targetHints":{"allow":["GET"]}}],"collection":[{"href":"https:\/\/naturcleaning.hu\/en\/wp-json\/wp\/v2\/product"}],"about":[{"href":"https:\/\/naturcleaning.hu\/en\/wp-json\/wp\/v2\/types\/product"}],"replies":[{"embeddable":true,"href":"https:\/\/naturcleaning.hu\/en\/wp-json\/wp\/v2\/comments?post=32596"}],"wp:featuredmedia":[{"embeddable":true,"href":"https:\/\/naturcleaning.hu\/en\/wp-json\/wp\/v2\/media\/32600"}],"wp:attachment":[{"href":"https:\/\/naturcleaning.hu\/en\/wp-json\/wp\/v2\/media?parent=32596"}],"wp:term":[{"taxonomy":"product_brand","embeddable":true,"href":"https:\/\/naturcleaning.hu\/en\/wp-json\/wp\/v2\/product_brand?post=32596"},{"taxonomy":"product_cat","embeddable":true,"href":"https:\/\/naturcleaning.hu\/en\/wp-json\/wp\/v2\/product_cat?post=32596"},{"taxonomy":"product_tag","embeddable":true,"href":"https:\/\/naturcleaning.hu\/en\/wp-json\/wp\/v2\/product_tag?post=32596"}],"curies":[{"name":"wp","href":"https:\/\/api.w.org\/{rel}","templated":true}]}}