{"id":32413,"date":"2025-02-18T14:19:19","date_gmt":"2025-02-18T14:19:19","guid":{"rendered":"https:\/\/naturcleaning.hu\/?post_type=product&#038;p=32413"},"modified":"2025-03-03T14:13:26","modified_gmt":"2025-03-03T14:13:26","slug":"naturcleaning-illat-es-allergenmentes-oblito-koncentratum-4-liter","status":"publish","type":"product","link":"https:\/\/naturcleaning.hu\/en\/product\/naturcleaning-illat-es-allergenmentes-oblito-koncentratum-4-liter\/","title":{"rendered":"Naturcleaning Illat,- \u00e9s allerg\u00e9nmentes \u00f6bl\u00edt\u0151 koncentr\u00e1tum 4 liter"},"content":{"rendered":"<p style=\"text-align: center\"><strong>Special product line for allergy sufferers. Green Brand Award Winning Product<\/strong><\/p>\n<p><strong>Features:<\/strong><br \/>\n-Environmentally conscious, skin-friendly rinse<br \/>\n-Of course very effective<br \/>\n-Plant ingredients<br \/>\n-Smell and allergen free<br \/>\n-For people with allergies<br \/>\n-phosphate-free, chlorine-free, paraben-free, cruelty-free, palm oil-free, vegan<br \/>\n-Biodegradable<br \/>\n-Economical dosing<br \/>\n-Soft towels, velvety clothes<br \/>\n-Hungarian product<br \/>\n-Refillable bottle<\/p>\n<p><strong>Description:<\/strong><\/p>\n<p>By using Naturcleaning Sensitive Fragrance and Allergen-Free Products, we don\u2019t only prevent but also eliminate allergy symptoms caused by cleansers.<br \/>\nNaturcleaning Sensitive products Phosphate-free, chlorine-free, paraben-free, animal-free, palm oil-free, vegan, made from natural ingredients (corn oil, coconut oil) (soybean-based) Free of colorings and fragrances. It does not contain corrosive irritants, does not cause rashes, itching or allergies. Easy to rinse, no detergent left in the clothes. Gentle on textiles.<br \/>\nHighly recommended for allergy sufferers, pregnant mothers and families with small children!<br \/>\nDue to its natural based composition, it does not pollute the environment. It does not pollute our living waters as it is completely biodegradable.<\/p>","protected":false},"excerpt":{"rendered":"<p>Speci\u00e1lis term\u00e9kcsal\u00e1d allergi\u00e1ban szenved\u0151knek. Green Brand d\u00edjas term\u00e9k Jellemz\u0151i: -K\u00f6rnyezettudatos, b\u0151rk\u00edm\u00e9l\u0151 \u00f6bl\u00edt\u0151 -Term\u00e9szetesen hat\u00e9kony -N\u00f6v\u00e9nyi \u00f6sszetev\u0151k -Illat \u00e9s allerg\u00e9nmentes -Allergi\u00e1ban szenved\u0151knek -foszf\u00e1tmentes, kl\u00f3rmentes, parab\u00e9nmentes, \u00e1llatk\u00eds\u00e9rlet mentes, p\u00e1lmaolaj mentes, veg\u00e1n -Biol\u00f3giailag leboml\u00f3 -Gazdas\u00e1gosan adagolhat\u00f3 -Puha t\u00f6r\u00fclk\u00f6z\u0151k, b\u00e1rsonyos ruh\u00e1k -Magyar term\u00e9k -\u00dajrat\u00f6lthet\u0151 flakon Le\u00edr\u00e1s: A Naturcleaning Sensitive Illat \u00e9s allerg\u00e9nmentes term\u00e9kek haszn\u00e1lat\u00e1val nem csak megel\u0151zhetj\u00fck de ak\u00e1r [&hellip;]<\/p>\n","protected":false},"featured_media":26927,"comment_status":"open","ping_status":"closed","template":"","meta":{"_acf_changed":false},"product_brand":[],"product_cat":[18,22],"product_tag":[695],"class_list":{"0":"post-32413","1":"product","2":"type-product","3":"status-publish","4":"has-post-thumbnail","6":"product_cat-oblito-koncentratum","7":"product_cat-cudy-illat-es-allergenmentes-tisztitoszer","8":"product_tag-200-mosas","10":"first","11":"instock","12":"shipping-taxable","13":"purchasable","14":"product-type-simple"},"acf":[],"_links":{"self":[{"href":"https:\/\/naturcleaning.hu\/en\/wp-json\/wp\/v2\/product\/32413","targetHints":{"allow":["GET"]}}],"collection":[{"href":"https:\/\/naturcleaning.hu\/en\/wp-json\/wp\/v2\/product"}],"about":[{"href":"https:\/\/naturcleaning.hu\/en\/wp-json\/wp\/v2\/types\/product"}],"replies":[{"embeddable":true,"href":"https:\/\/naturcleaning.hu\/en\/wp-json\/wp\/v2\/comments?post=32413"}],"wp:featuredmedia":[{"embeddable":true,"href":"https:\/\/naturcleaning.hu\/en\/wp-json\/wp\/v2\/media\/26927"}],"wp:attachment":[{"href":"https:\/\/naturcleaning.hu\/en\/wp-json\/wp\/v2\/media?parent=32413"}],"wp:term":[{"taxonomy":"product_brand","embeddable":true,"href":"https:\/\/naturcleaning.hu\/en\/wp-json\/wp\/v2\/product_brand?post=32413"},{"taxonomy":"product_cat","embeddable":true,"href":"https:\/\/naturcleaning.hu\/en\/wp-json\/wp\/v2\/product_cat?post=32413"},{"taxonomy":"product_tag","embeddable":true,"href":"https:\/\/naturcleaning.hu\/en\/wp-json\/wp\/v2\/product_tag?post=32413"}],"curies":[{"name":"wp","href":"https:\/\/api.w.org\/{rel}","templated":true}]}}