{"id":31904,"date":"2025-02-03T07:56:47","date_gmt":"2025-02-03T07:56:47","guid":{"rendered":"https:\/\/naturcleaning.hu\/?post_type=product&#038;p=31904"},"modified":"2025-11-14T13:17:25","modified_gmt":"2025-11-14T13:17:25","slug":"csepke-baby-mosogel-kis-felfedezoknek-3m-1-liter","status":"publish","type":"product","link":"https:\/\/naturcleaning.hu\/en\/product\/csepke-baby-mosogel-kis-felfedezoknek-3m-1-liter\/","title":{"rendered":"Csepke Baby Mos\u00f3g\u00e9l Kis Felfedez\u0151knek 3m+ 1 liter"},"content":{"rendered":"<p><strong>Csepke Baby Mos\u00f3g\u00e9l Kis Felfedez\u0151knek 3m+ 1 liter<\/strong><\/p>\n<p>A mos\u00f3szer kifejezetten a k\u00fasz\u00f3-m\u00e1sz\u00f3 \u00e9s kalandozni v\u00e1gy\u00f3 bab\u00e1k nagyon szennyezett ruh\u00e1inak mos\u00e1s\u00e1ra lett kifejlesztve, hogy hat\u00e9konyan, de k\u00edm\u00e9letesen tiszt\u00edtsa meg a legnehezebben elt\u00e1vol\u00edthat\u00f3 szennyez\u0151d\u00e9seket. Megn\u00f6velt enzim tartalm\u00e1nak k\u00f6sz\u00f6nhet\u0151en k\u00f6nnyed\u00e9n elt\u00e1vol\u00edtja az \u00e9tel- \u00e9s szennyez\u0151d\u00e9s foltokat, mik\u00f6zben \u00f3vja a baba \u00e9rz\u00e9keny b\u0151r\u00e9t.<\/p>\n<p>3 h\u00f3napos kort\u00f3l aj\u00e1nljuk (0-3 h\u00f3napos korig a Csepke baby 0+ illat \u00e9s allerg\u00e9nmentes term\u00e9keket javasoljuk, hogy a baba sz\u00e1m\u00e1ra idegen illatanyagok ne zavarj\u00e1k a k\u00f6t\u0151d\u00e9s kialakul\u00e1s\u00e1t). VEG\u00c1N-nem tartalmaz \u00e1llati eredet\u0171 anyagokat. HIPOALLERG\u00c9N- olyan \u00f6sszetev\u0151ket tartalmaz, melyek minimaliz\u00e1lj\u00e1k az allergi\u00e1s reakci\u00f3k kialakul\u00e1s\u00e1nak val\u00f3sz\u00edn\u0171s\u00e9g\u00e9t. G\u00e9pi \u00e9s k\u00e9zi mos\u00e1shoz is alkalmazhat\u00f3. K\u00f6zvetlen\u00fcl a ruh\u00e1ra t\u00e9ve sem roncsolja a text\u00edli\u00e1kat.<\/p>","protected":false},"excerpt":{"rendered":"<p>Csepke Baby Mos\u00f3g\u00e9l Kis Felfedez\u0151knek 3m+ 1 liter A mos\u00f3szer kifejezetten a k\u00fasz\u00f3-m\u00e1sz\u00f3 \u00e9s kalandozni v\u00e1gy\u00f3 bab\u00e1k nagyon szennyezett ruh\u00e1inak mos\u00e1s\u00e1ra lett kifejlesztve, hogy hat\u00e9konyan, de k\u00edm\u00e9letesen tiszt\u00edtsa meg a legnehezebben elt\u00e1vol\u00edthat\u00f3 szennyez\u0151d\u00e9seket. Megn\u00f6velt enzim tartalm\u00e1nak k\u00f6sz\u00f6nhet\u0151en k\u00f6nnyed\u00e9n elt\u00e1vol\u00edtja az \u00e9tel- \u00e9s szennyez\u0151d\u00e9s foltokat, mik\u00f6zben \u00f3vja a baba \u00e9rz\u00e9keny b\u0151r\u00e9t. 3 h\u00f3napos kort\u00f3l aj\u00e1nljuk (0-3 [&hellip;]<\/p>\n","protected":false},"featured_media":34846,"comment_status":"open","ping_status":"closed","template":"","meta":{"_acf_changed":false},"product_brand":[],"product_cat":[28,17,720],"product_tag":[688,658],"class_list":{"0":"post-31904","1":"product","2":"type-product","3":"status-publish","4":"has-post-thumbnail","6":"product_cat-csepke-baby-termekek","7":"product_cat-mososzer","8":"product_cat-ujdonsagok","9":"product_tag-33-mosas","10":"product_tag-uj-termek","12":"first","13":"instock","14":"shipping-taxable","15":"purchasable","16":"product-type-simple"},"acf":[],"_links":{"self":[{"href":"https:\/\/naturcleaning.hu\/en\/wp-json\/wp\/v2\/product\/31904","targetHints":{"allow":["GET"]}}],"collection":[{"href":"https:\/\/naturcleaning.hu\/en\/wp-json\/wp\/v2\/product"}],"about":[{"href":"https:\/\/naturcleaning.hu\/en\/wp-json\/wp\/v2\/types\/product"}],"replies":[{"embeddable":true,"href":"https:\/\/naturcleaning.hu\/en\/wp-json\/wp\/v2\/comments?post=31904"}],"wp:featuredmedia":[{"embeddable":true,"href":"https:\/\/naturcleaning.hu\/en\/wp-json\/wp\/v2\/media\/34846"}],"wp:attachment":[{"href":"https:\/\/naturcleaning.hu\/en\/wp-json\/wp\/v2\/media?parent=31904"}],"wp:term":[{"taxonomy":"product_brand","embeddable":true,"href":"https:\/\/naturcleaning.hu\/en\/wp-json\/wp\/v2\/product_brand?post=31904"},{"taxonomy":"product_cat","embeddable":true,"href":"https:\/\/naturcleaning.hu\/en\/wp-json\/wp\/v2\/product_cat?post=31904"},{"taxonomy":"product_tag","embeddable":true,"href":"https:\/\/naturcleaning.hu\/en\/wp-json\/wp\/v2\/product_tag?post=31904"}],"curies":[{"name":"wp","href":"https:\/\/api.w.org\/{rel}","templated":true}]}}