{"id":30849,"date":"2024-12-03T17:52:35","date_gmt":"2024-12-03T17:52:35","guid":{"rendered":"https:\/\/naturcleaning.hu\/?post_type=product&#038;p=30849"},"modified":"2024-12-19T19:59:54","modified_gmt":"2024-12-19T19:59:54","slug":"naturcleaning-vadgesztenye-mosogel-1-l","status":"publish","type":"product","link":"https:\/\/naturcleaning.hu\/en\/product\/naturcleaning-vadgesztenye-mosogel-1-l\/","title":{"rendered":"Naturcleaning Vadgesztenye Mos\u00f3g\u00e9l 1 L"},"content":{"rendered":"<p>Naturcleaning Vadgesztenye Mos\u00f3g\u00e9l 1 Liter<\/p>\n<p>Sz\u00ednes, \u00e9s feh\u00e9r ruh\u00e1khoz fejlesztett vadgeszteny\u00e9s mos\u00f3g\u00e9l. Az eszcin \u2013 a vadgeszteny\u00e9ben l\u00e9v\u0151 hat\u00f3anyag \u2013 a ruh\u00e1k sz\u00edn\u00e9nek meg\u00f3v\u00e1s\u00e1ban seg\u00edt. A mos\u00f3g\u00e9l nem sz\u00ednezi a feh\u00e9reket.<\/p>\n<p>A vadgesztenye tanninokat \u00e9s szaponinokat tartalmaz (csak\u00fagy, mint a mos\u00f3di\u00f3) \u00e1m ezt nem kell t\u00f6bb ezer kilom\u00e9terr\u0151l import\u00e1lni. A n\u00f6v\u00e9nyben tal\u00e1lhat\u00f3 szaponinok term\u00e9szetes tiszt\u00edt\u00f3szerek, amelyek hat\u00e9konyan elt\u00e1vol\u00edtj\u00e1k a szennyez\u0151d\u00e9seket \u00e9s a foltokat. A vadgesztenye kivonat teljesen k\u00f6rnyezetbar\u00e1t alternat\u00edva a mos\u00f3szerek vil\u00e1g\u00e1ban.<\/p>\n<p><i>A vadgesztenye a szappanfaf\u00e9l\u00e9k csal\u00e1dj\u00e1nak egyik legismertebb, \u00c9szak-Amerik\u00e1ban \u00e9s Eur\u00f3p\u00e1ban is \u0151shonos nemzets\u00e9ge, melyek k\u00f6z\u00fcl a k\u00f6z\u00f6ns\u00e9ges vadgesztenye (Aesculus hippocastanum) d\u00edszfak\u00e9nt n\u00e1lunk is \u00e1ltal\u00e1nosan \u00fcltetett n\u00f6v\u00e9nyfaj.<\/i><\/p>\n<p>&nbsp;<\/p>","protected":false},"excerpt":{"rendered":"<p>Naturcleaning Vadgesztenye Mos\u00f3g\u00e9l 1 Liter Sz\u00ednes, \u00e9s feh\u00e9r ruh\u00e1khoz fejlesztett vadgeszteny\u00e9s mos\u00f3g\u00e9l. Az eszcin \u2013 a vadgeszteny\u00e9ben l\u00e9v\u0151 hat\u00f3anyag \u2013 a ruh\u00e1k sz\u00edn\u00e9nek meg\u00f3v\u00e1s\u00e1ban seg\u00edt. A mos\u00f3g\u00e9l nem sz\u00ednezi a feh\u00e9reket. A vadgesztenye tanninokat \u00e9s szaponinokat tartalmaz (csak\u00fagy, mint a mos\u00f3di\u00f3) \u00e1m ezt nem kell t\u00f6bb ezer kilom\u00e9terr\u0151l import\u00e1lni. A n\u00f6v\u00e9nyben tal\u00e1lhat\u00f3 szaponinok term\u00e9szetes tiszt\u00edt\u00f3szerek, [&hellip;]<\/p>\n","protected":false},"featured_media":30841,"comment_status":"open","ping_status":"closed","template":"","meta":{"_acf_changed":false},"product_brand":[],"product_cat":[17],"product_tag":[688],"class_list":{"0":"post-30849","1":"product","2":"type-product","3":"status-publish","4":"has-post-thumbnail","6":"product_cat-mososzer","7":"product_tag-33-mosas","9":"first","10":"instock","11":"shipping-taxable","12":"purchasable","13":"product-type-simple"},"acf":[],"_links":{"self":[{"href":"https:\/\/naturcleaning.hu\/en\/wp-json\/wp\/v2\/product\/30849","targetHints":{"allow":["GET"]}}],"collection":[{"href":"https:\/\/naturcleaning.hu\/en\/wp-json\/wp\/v2\/product"}],"about":[{"href":"https:\/\/naturcleaning.hu\/en\/wp-json\/wp\/v2\/types\/product"}],"replies":[{"embeddable":true,"href":"https:\/\/naturcleaning.hu\/en\/wp-json\/wp\/v2\/comments?post=30849"}],"wp:featuredmedia":[{"embeddable":true,"href":"https:\/\/naturcleaning.hu\/en\/wp-json\/wp\/v2\/media\/30841"}],"wp:attachment":[{"href":"https:\/\/naturcleaning.hu\/en\/wp-json\/wp\/v2\/media?parent=30849"}],"wp:term":[{"taxonomy":"product_brand","embeddable":true,"href":"https:\/\/naturcleaning.hu\/en\/wp-json\/wp\/v2\/product_brand?post=30849"},{"taxonomy":"product_cat","embeddable":true,"href":"https:\/\/naturcleaning.hu\/en\/wp-json\/wp\/v2\/product_cat?post=30849"},{"taxonomy":"product_tag","embeddable":true,"href":"https:\/\/naturcleaning.hu\/en\/wp-json\/wp\/v2\/product_tag?post=30849"}],"curies":[{"name":"wp","href":"https:\/\/api.w.org\/{rel}","templated":true}]}}