{"id":30643,"date":"2024-12-02T11:39:35","date_gmt":"2024-12-02T11:39:35","guid":{"rendered":"https:\/\/naturcleaning.hu\/?post_type=product&#038;p=30643"},"modified":"2026-03-18T22:39:10","modified_gmt":"2026-03-18T22:39:10","slug":"naturcleaning-holiday-lakasparfum-30-ml","status":"publish","type":"product","link":"https:\/\/naturcleaning.hu\/en\/product\/naturcleaning-holiday-lakasparfum-30-ml\/","title":{"rendered":"Naturcleaning Holiday Lak\u00e1sparf\u00fcm 30 ml"},"content":{"rendered":"<p>Naturcleaning Holiday Lak\u00e1sparf\u00fcm<\/p>\n<p>Var\u00e1zsold otthonodba az \u00fcnnepi hangulatot a Holiday lak\u00e1sparf\u00fcm seg\u00edts\u00e9g\u00e9vel. A t\u00e9l \u00e9des-f\u0171szeres illat\u00e1val minden pillanat k\u00fcl\u00f6nlegess\u00e9 v\u00e1lhat. A narancs, szegf\u0171szeg, fah\u00e9j \u00e9s mandarin ill\u00f3olajok harm\u00f3ni\u00e1ja melenget\u0151, f\u0171szeres illattal t\u00f6ltik meg a teret. Permetezd a leveg\u0151be \u00e9s engedd, hogy \u00e1tj\u00e1rjon a szeretet \u00e9s a meghitts\u00e9g.<\/p>\n<p>&nbsp;<\/p>","protected":false},"excerpt":{"rendered":"<p>Naturcleaning Holiday Lak\u00e1sparf\u00fcm Var\u00e1zsold otthonodba az \u00fcnnepi hangulatot a Holiday lak\u00e1sparf\u00fcm seg\u00edts\u00e9g\u00e9vel. A t\u00e9l \u00e9des-f\u0171szeres illat\u00e1val minden pillanat k\u00fcl\u00f6nlegess\u00e9 v\u00e1lhat. A narancs, szegf\u0171szeg, fah\u00e9j \u00e9s mandarin ill\u00f3olajok harm\u00f3ni\u00e1ja melenget\u0151, f\u0171szeres illattal t\u00f6ltik meg a teret. Permetezd a leveg\u0151be \u00e9s engedd, hogy \u00e1tj\u00e1rjon a szeretet \u00e9s a meghitts\u00e9g. &nbsp;<\/p>","protected":false},"featured_media":30645,"comment_status":"open","ping_status":"closed","template":"","meta":{"_acf_changed":false},"product_brand":[],"product_cat":[711,645,720],"product_tag":[658],"class_list":{"0":"post-30643","1":"product","2":"type-product","3":"status-publish","4":"has-post-thumbnail","6":"product_cat-lakasparfumok","7":"product_cat-penztar_slider","8":"product_cat-ujdonsagok","9":"product_tag-uj-termek","11":"first","12":"instock","13":"shipping-taxable","14":"purchasable","15":"product-type-simple"},"acf":[],"_links":{"self":[{"href":"https:\/\/naturcleaning.hu\/en\/wp-json\/wp\/v2\/product\/30643","targetHints":{"allow":["GET"]}}],"collection":[{"href":"https:\/\/naturcleaning.hu\/en\/wp-json\/wp\/v2\/product"}],"about":[{"href":"https:\/\/naturcleaning.hu\/en\/wp-json\/wp\/v2\/types\/product"}],"replies":[{"embeddable":true,"href":"https:\/\/naturcleaning.hu\/en\/wp-json\/wp\/v2\/comments?post=30643"}],"wp:featuredmedia":[{"embeddable":true,"href":"https:\/\/naturcleaning.hu\/en\/wp-json\/wp\/v2\/media\/30645"}],"wp:attachment":[{"href":"https:\/\/naturcleaning.hu\/en\/wp-json\/wp\/v2\/media?parent=30643"}],"wp:term":[{"taxonomy":"product_brand","embeddable":true,"href":"https:\/\/naturcleaning.hu\/en\/wp-json\/wp\/v2\/product_brand?post=30643"},{"taxonomy":"product_cat","embeddable":true,"href":"https:\/\/naturcleaning.hu\/en\/wp-json\/wp\/v2\/product_cat?post=30643"},{"taxonomy":"product_tag","embeddable":true,"href":"https:\/\/naturcleaning.hu\/en\/wp-json\/wp\/v2\/product_tag?post=30643"}],"curies":[{"name":"wp","href":"https:\/\/api.w.org\/{rel}","templated":true}]}}