{"id":30503,"date":"2024-11-21T14:21:20","date_gmt":"2024-11-21T14:21:20","guid":{"rendered":"https:\/\/naturcleaning.hu\/?post_type=product&#038;p=30503"},"modified":"2025-11-04T18:28:01","modified_gmt":"2025-11-04T18:28:01","slug":"natural-mosogatoszivacs-rezmikroszemcsekkel-2-db-cs","status":"publish","type":"product","link":"https:\/\/naturcleaning.hu\/en\/product\/natural-mosogatoszivacs-rezmikroszemcsekkel-2-db-cs\/","title":{"rendered":"Natural mosogat\u00f3szivacs r\u00e9zmikroszemcs\u00e9kkel 2 db\/cs."},"content":{"rendered":"<p>A szivacs PU habb\u00f3l k\u00e9sz\u00fclt. Vegyszermentes, antibakteri\u00e1lis hat\u00e1s\u00fa s\u00farol\u00f3 lap. Bakt\u00e9riumok, v\u00edrusok \u00e9s gomb\u00e1k ellen. Innovat\u00edv CuBright(tm) technol\u00f3gia. Hat\u00e1s\u00e1t meg\u0151rzi t\u00f6bbsz\u00f6ri felhaszn\u00e1l\u00e1s ut\u00e1n is.<\/p>","protected":false},"excerpt":{"rendered":"<p>A szivacs PU habb\u00f3l k\u00e9sz\u00fclt. Vegyszermentes, antibakteri\u00e1lis hat\u00e1s\u00fa s\u00farol\u00f3 lap. Bakt\u00e9riumok, v\u00edrusok \u00e9s gomb\u00e1k ellen. Innovat\u00edv CuBright(tm) technol\u00f3gia. Hat\u00e1s\u00e1t meg\u0151rzi t\u00f6bbsz\u00f6ri felhaszn\u00e1l\u00e1s ut\u00e1n is.<\/p>","protected":false},"featured_media":30504,"comment_status":"open","ping_status":"closed","template":"","meta":{"_acf_changed":false},"product_brand":[],"product_cat":[26,720],"product_tag":[],"class_list":{"0":"post-30503","1":"product","2":"type-product","3":"status-publish","4":"has-post-thumbnail","6":"product_cat-bio-torlokendo-mosogatoszivacs-szemeteszsak","7":"product_cat-ujdonsagok","9":"first","10":"instock","11":"shipping-taxable","12":"purchasable","13":"product-type-simple"},"acf":[],"_links":{"self":[{"href":"https:\/\/naturcleaning.hu\/en\/wp-json\/wp\/v2\/product\/30503","targetHints":{"allow":["GET"]}}],"collection":[{"href":"https:\/\/naturcleaning.hu\/en\/wp-json\/wp\/v2\/product"}],"about":[{"href":"https:\/\/naturcleaning.hu\/en\/wp-json\/wp\/v2\/types\/product"}],"replies":[{"embeddable":true,"href":"https:\/\/naturcleaning.hu\/en\/wp-json\/wp\/v2\/comments?post=30503"}],"wp:featuredmedia":[{"embeddable":true,"href":"https:\/\/naturcleaning.hu\/en\/wp-json\/wp\/v2\/media\/30504"}],"wp:attachment":[{"href":"https:\/\/naturcleaning.hu\/en\/wp-json\/wp\/v2\/media?parent=30503"}],"wp:term":[{"taxonomy":"product_brand","embeddable":true,"href":"https:\/\/naturcleaning.hu\/en\/wp-json\/wp\/v2\/product_brand?post=30503"},{"taxonomy":"product_cat","embeddable":true,"href":"https:\/\/naturcleaning.hu\/en\/wp-json\/wp\/v2\/product_cat?post=30503"},{"taxonomy":"product_tag","embeddable":true,"href":"https:\/\/naturcleaning.hu\/en\/wp-json\/wp\/v2\/product_tag?post=30503"}],"curies":[{"name":"wp","href":"https:\/\/api.w.org\/{rel}","templated":true}]}}