{"id":301,"date":"2021-05-31T18:20:51","date_gmt":"2021-05-31T16:20:51","guid":{"rendered":"https:\/\/cudyfuture.nomaddigital.hu\/?post_type=product&#038;p=301"},"modified":"2025-09-16T20:08:06","modified_gmt":"2025-09-16T20:08:06","slug":"wolt-folttisztito","status":"publish","type":"product","link":"https:\/\/naturcleaning.hu\/en\/product\/wolt-folttisztito\/","title":{"rendered":"Wolt stain remover"},"content":{"rendered":"<p>Wolt stain remover is a powder-based stain remover that can be used either for addition to washing powder or for pre-soaking.<\/p>\n<p>The product is easy and economical to add, adding one tablespoon to the washing powder increases the washing efficiency of the washing powder. A lot of washing powder can be saved by soaking heavily soiled clothes.<\/p>","protected":false},"excerpt":{"rendered":"<p>A Wolt folttiszt\u00edt\u00f3 adal\u00e9k por alap\u00fa folttiszt\u00edt\u00f3, amelyet ak\u00e1r a mos\u00f3porhoz adagolva, ak\u00e1r el\u0151\u00e1ztat\u00e1sra haszn\u00e1lhatunk. A term\u00e9k adagol\u00e1sa egyszer\u0171 \u00e9s gazdas\u00e1gos, egy ev\u0151kan\u00e1llal a mos\u00f3porhoz adagolva megn\u00f6veli a mos\u00f3por mos\u00e1si hat\u00e9konys\u00e1g\u00e1t. Sok mos\u00f3port sp\u00f3rolhatunk meg, ha a nagyon szennyezett ruh\u00e1t el\u0151\u00e1ztatjuk.<\/p>","protected":false},"featured_media":37014,"comment_status":"open","ping_status":"closed","template":"","meta":{"_acf_changed":false},"product_brand":[],"product_cat":[20],"product_tag":[],"class_list":{"0":"post-301","1":"product","2":"type-product","3":"status-publish","4":"has-post-thumbnail","6":"product_cat-folttisztito","8":"first","9":"instock","10":"shipping-taxable","11":"purchasable","12":"product-type-variable"},"acf":[],"_links":{"self":[{"href":"https:\/\/naturcleaning.hu\/en\/wp-json\/wp\/v2\/product\/301","targetHints":{"allow":["GET"]}}],"collection":[{"href":"https:\/\/naturcleaning.hu\/en\/wp-json\/wp\/v2\/product"}],"about":[{"href":"https:\/\/naturcleaning.hu\/en\/wp-json\/wp\/v2\/types\/product"}],"replies":[{"embeddable":true,"href":"https:\/\/naturcleaning.hu\/en\/wp-json\/wp\/v2\/comments?post=301"}],"wp:featuredmedia":[{"embeddable":true,"href":"https:\/\/naturcleaning.hu\/en\/wp-json\/wp\/v2\/media\/37014"}],"wp:attachment":[{"href":"https:\/\/naturcleaning.hu\/en\/wp-json\/wp\/v2\/media?parent=301"}],"wp:term":[{"taxonomy":"product_brand","embeddable":true,"href":"https:\/\/naturcleaning.hu\/en\/wp-json\/wp\/v2\/product_brand?post=301"},{"taxonomy":"product_cat","embeddable":true,"href":"https:\/\/naturcleaning.hu\/en\/wp-json\/wp\/v2\/product_cat?post=301"},{"taxonomy":"product_tag","embeddable":true,"href":"https:\/\/naturcleaning.hu\/en\/wp-json\/wp\/v2\/product_tag?post=301"}],"curies":[{"name":"wp","href":"https:\/\/api.w.org\/{rel}","templated":true}]}}