{"id":29976,"date":"2024-10-31T13:36:27","date_gmt":"2024-10-31T13:36:27","guid":{"rendered":"https:\/\/naturcleaning.hu\/?post_type=product&#038;p=29976"},"modified":"2026-03-28T08:54:32","modified_gmt":"2026-03-28T08:54:32","slug":"naturcleaning-tappancsbarat-kuckomoso-1-liter","status":"publish","type":"product","link":"https:\/\/naturcleaning.hu\/en\/product\/naturcleaning-tappancsbarat-kuckomoso-1-liter\/","title":{"rendered":"Naturcleaning Tappancsbar\u00e1t Kuck\u00f3mos\u00f3 1 liter"},"content":{"rendered":"<p>Tappancsbar\u00e1t Kuck\u00f3mos\u00f3 Hipoallerg\u00e9n <strong>Szagtalan\u00edt\u00f3 Fekhelymos\u00f3szer<\/strong> Levendula \u00e9s Zs\u00e1lya olajjal.<\/p>\n<p>T\u00f6k\u00e9letes v\u00e1laszt\u00e1s kis\u00e1llatok fekhelyeinek, \u00e1gynem\u0171inek \u00e9s takar\u00f3inak biztons\u00e1gos tiszt\u00edt\u00e1s\u00e1hoz. Hat\u00e9konyan elt\u00e1vol\u00edtja a makacs szennyez\u0151d\u00e9seket, an\u00e9lk\u00fcl hogy er\u0151s illatanyagokat tartalmazna, amelyek zavarn\u00e1k kedvenceink \u00e9rz\u00e9keny szagl\u00e1s\u00e1t, \u00e9s stresszt okozn\u00e1nak sz\u00e1mukra. Helyette egy enyhe ill\u00f3olaj-kever\u00e9ket tartalmaz, amely gyeng\u00e9d mind a kis\u00e1llatok, mind a gazd\u00e1ik sz\u00e1m\u00e1ra. Kit\u0171n\u0151 szagtalan\u00edt\u00f3 hat\u00e1ssal rendelkezik. A term\u00e9k biol\u00f3giailag leboml\u00f3, veg\u00e1n \u00e9s \u00e1llatk\u00eds\u00e9rlet-mentes. Mivel koncentr\u00e1lt form\u00e1ban k\u00e9sz\u00fcl, \u00fcgyelj arra, hogy ne adagolj t\u00fal sokat a mos\u00f3g\u00e9pbe \u2013 mindig k\u00f6vesd a haszn\u00e1lati utas\u00edt\u00e1sban szerepl\u0151 aj\u00e1nl\u00e1sokat! Ne haszn\u00e1lj \u00f6bl\u00edt\u0151t a kis\u00e1llatok t\u00e1rgyainak mos\u00e1sakor!<\/p>\n<p>&nbsp;<\/p>","protected":false},"excerpt":{"rendered":"<p>Tappancsbar\u00e1t Kuck\u00f3mos\u00f3 Hipoallerg\u00e9n Szagtalan\u00edt\u00f3 Fekhelymos\u00f3szer Levendula \u00e9s Zs\u00e1lya olajjal. T\u00f6k\u00e9letes v\u00e1laszt\u00e1s kis\u00e1llatok fekhelyeinek, \u00e1gynem\u0171inek \u00e9s takar\u00f3inak biztons\u00e1gos tiszt\u00edt\u00e1s\u00e1hoz. Hat\u00e9konyan elt\u00e1vol\u00edtja a makacs szennyez\u0151d\u00e9seket, an\u00e9lk\u00fcl hogy er\u0151s illatanyagokat tartalmazna, amelyek zavarn\u00e1k kedvenceink \u00e9rz\u00e9keny szagl\u00e1s\u00e1t, \u00e9s stresszt okozn\u00e1nak sz\u00e1mukra. Helyette egy enyhe ill\u00f3olaj-kever\u00e9ket tartalmaz, amely gyeng\u00e9d mind a kis\u00e1llatok, mind a gazd\u00e1ik sz\u00e1m\u00e1ra. Kit\u0171n\u0151 szagtalan\u00edt\u00f3 hat\u00e1ssal rendelkezik. [&hellip;]<\/p>\n","protected":false},"featured_media":37588,"comment_status":"open","ping_status":"closed","template":"","meta":{"_acf_changed":false},"product_brand":[],"product_cat":[17,30,720],"product_tag":[688,658],"class_list":{"0":"post-29976","1":"product","2":"type-product","3":"status-publish","4":"has-post-thumbnail","6":"product_cat-mososzer","7":"product_cat-tappancsbarat-termek","8":"product_cat-ujdonsagok","9":"product_tag-33-mosas","10":"product_tag-uj-termek","12":"first","13":"instock","14":"shipping-taxable","15":"purchasable","16":"product-type-simple"},"acf":[],"_links":{"self":[{"href":"https:\/\/naturcleaning.hu\/en\/wp-json\/wp\/v2\/product\/29976","targetHints":{"allow":["GET"]}}],"collection":[{"href":"https:\/\/naturcleaning.hu\/en\/wp-json\/wp\/v2\/product"}],"about":[{"href":"https:\/\/naturcleaning.hu\/en\/wp-json\/wp\/v2\/types\/product"}],"replies":[{"embeddable":true,"href":"https:\/\/naturcleaning.hu\/en\/wp-json\/wp\/v2\/comments?post=29976"}],"wp:featuredmedia":[{"embeddable":true,"href":"https:\/\/naturcleaning.hu\/en\/wp-json\/wp\/v2\/media\/37588"}],"wp:attachment":[{"href":"https:\/\/naturcleaning.hu\/en\/wp-json\/wp\/v2\/media?parent=29976"}],"wp:term":[{"taxonomy":"product_brand","embeddable":true,"href":"https:\/\/naturcleaning.hu\/en\/wp-json\/wp\/v2\/product_brand?post=29976"},{"taxonomy":"product_cat","embeddable":true,"href":"https:\/\/naturcleaning.hu\/en\/wp-json\/wp\/v2\/product_cat?post=29976"},{"taxonomy":"product_tag","embeddable":true,"href":"https:\/\/naturcleaning.hu\/en\/wp-json\/wp\/v2\/product_tag?post=29976"}],"curies":[{"name":"wp","href":"https:\/\/api.w.org\/{rel}","templated":true}]}}