{"id":29971,"date":"2024-10-31T09:52:39","date_gmt":"2024-10-31T09:52:39","guid":{"rendered":"https:\/\/naturcleaning.hu\/?post_type=product&#038;p=29971"},"modified":"2026-01-18T22:11:24","modified_gmt":"2026-01-18T22:11:24","slug":"naturcleaning-hipoallergen-folttisztito-spray-500-ml","status":"publish","type":"product","link":"https:\/\/naturcleaning.hu\/en\/product\/naturcleaning-hipoallergen-folttisztito-spray-500-ml\/","title":{"rendered":"Naturcleaning Hipoallerg\u00e9n Folttiszt\u00edt\u00f3 Spray 500 ml"},"content":{"rendered":"<p>The <strong>Naturcleaning Hipoallerg\u00e9n Folttiszt\u00edt\u00f3 Spray<\/strong> kellemesen friss \u00e9s gy\u00fcm\u00f6lcs\u00f6s illattal, ide\u00e1lis a foltok c\u00e9lzott el\u0151kezel\u00e9s\u00e9re, feh\u00e9r \u00e9s sz\u00ednes text\u00edli\u00e1khoz is. Akt\u00edv habja hat\u00e9konyan oldja fel a foltokat, \u00edgy minden moshat\u00f3, sz\u00edn\u00e9t nem ereszt\u0151 text\u00edli\u00e1hoz, illetve sz\u0151nyegre \u00e9s k\u00e1rpitra is haszn\u00e1lhat\u00f3. Elt\u00e1vol\u00edtja nemcsak a makacs, hanem a gall\u00e9ron vagy mandzsett\u00e1n tal\u00e1lhat\u00f3 foltokat is, illetve besz\u00e1radt foltok eset\u00e9n is hat\u00e9kony.<\/p>\n<p><strong>How to use:<\/strong><\/p>\n<p>1. Haszn\u00e1lat el\u0151tt ford\u00edtsa el a sz\u00f3r\u00f3fejet! 2. Permetezze a foltra! 3. Max. 10 perc v\u00e1rakoz\u00e1s. Majd mossa ki a ruh\u00e1t a megszokott m\u00f3don. K\u00f6vesse a ruha c\u00edmk\u00e9j\u00e9n felt\u00fcntetett mos\u00e1si \u00fatmutat\u00f3t. Amennyiben k\u00e9ts\u00e9gei vannak, ellen\u0151rizze, hogy engedi-e az anyag a sz\u00edn\u00e9t. A kiv\u00e1l\u00f3 eredm\u00e9ny el\u00e9r\u00e9se \u00e9rdek\u00e9ben, t\u00f6bbsz\u00f6r permetezze \u00e1t! Mos\u00e1si tippek: Ne haszn\u00e1lja b\u0151r, t\u0171z\u00e1ll\u00f3, kiz\u00e1r\u00f3lag sz\u00e1razon tiszt\u00edthat\u00f3 vagy f\u00e9m ruhakieg\u00e9sz\u00edt\u0151vel rendelkez\u0151 sz\u00f6veten. N\u00e9h\u00e1ny szennyez\u0151d\u00e9s: pl. rozsdafolt, besz\u00e1radt fest\u00e9k vagy tinta, nem minden esetben t\u00e1vol\u00edthat\u00f3 el. Haszn\u00e1lat el\u0151tt felt\u00e9tlen\u00fcl v\u00e9gezzen pr\u00f3b\u00e1t az anyag egy nem l\u00e1that\u00f3 pontj\u00e1n az anyag sz\u00edntart\u00f3ss\u00e1g\u00e1ra \u00e9s ellen\u00e1ll\u00f3s\u00e1g\u00e1ra vonatkoz\u00f3an. Tartsa be a text\u00edlia gy\u00e1rt\u00f3j\u00e1nak \u00e1pol\u00e1si \u00e9s tiszt\u00edt\u00e1si \u00fatmutat\u00f3j\u00e1t.<\/p>","protected":false},"excerpt":{"rendered":"<p>A Naturcleaning Hipoallerg\u00e9n Folttiszt\u00edt\u00f3 Spray kellemesen friss \u00e9s gy\u00fcm\u00f6lcs\u00f6s illattal, ide\u00e1lis a foltok c\u00e9lzott el\u0151kezel\u00e9s\u00e9re, feh\u00e9r \u00e9s sz\u00ednes text\u00edli\u00e1khoz is. Akt\u00edv habja hat\u00e9konyan oldja fel a foltokat, \u00edgy minden moshat\u00f3, sz\u00edn\u00e9t nem ereszt\u0151 text\u00edli\u00e1hoz, illetve sz\u0151nyegre \u00e9s k\u00e1rpitra is haszn\u00e1lhat\u00f3. Elt\u00e1vol\u00edtja nemcsak a makacs, hanem a gall\u00e9ron vagy mandzsett\u00e1n tal\u00e1lhat\u00f3 foltokat is, illetve besz\u00e1radt foltok [&hellip;]<\/p>\n","protected":false},"featured_media":29968,"comment_status":"open","ping_status":"closed","template":"","meta":{"_acf_changed":false},"product_brand":[],"product_cat":[20,720],"product_tag":[658],"class_list":{"0":"post-29971","1":"product","2":"type-product","3":"status-publish","4":"has-post-thumbnail","6":"product_cat-folttisztito","7":"product_cat-ujdonsagok","8":"product_tag-uj-termek","10":"first","11":"instock","12":"shipping-taxable","13":"purchasable","14":"product-type-simple"},"acf":[],"_links":{"self":[{"href":"https:\/\/naturcleaning.hu\/en\/wp-json\/wp\/v2\/product\/29971","targetHints":{"allow":["GET"]}}],"collection":[{"href":"https:\/\/naturcleaning.hu\/en\/wp-json\/wp\/v2\/product"}],"about":[{"href":"https:\/\/naturcleaning.hu\/en\/wp-json\/wp\/v2\/types\/product"}],"replies":[{"embeddable":true,"href":"https:\/\/naturcleaning.hu\/en\/wp-json\/wp\/v2\/comments?post=29971"}],"wp:featuredmedia":[{"embeddable":true,"href":"https:\/\/naturcleaning.hu\/en\/wp-json\/wp\/v2\/media\/29968"}],"wp:attachment":[{"href":"https:\/\/naturcleaning.hu\/en\/wp-json\/wp\/v2\/media?parent=29971"}],"wp:term":[{"taxonomy":"product_brand","embeddable":true,"href":"https:\/\/naturcleaning.hu\/en\/wp-json\/wp\/v2\/product_brand?post=29971"},{"taxonomy":"product_cat","embeddable":true,"href":"https:\/\/naturcleaning.hu\/en\/wp-json\/wp\/v2\/product_cat?post=29971"},{"taxonomy":"product_tag","embeddable":true,"href":"https:\/\/naturcleaning.hu\/en\/wp-json\/wp\/v2\/product_tag?post=29971"}],"curies":[{"name":"wp","href":"https:\/\/api.w.org\/{rel}","templated":true}]}}