{"id":29970,"date":"2024-10-31T09:27:15","date_gmt":"2024-10-31T09:27:15","guid":{"rendered":"https:\/\/naturcleaning.hu\/?post_type=product&#038;p=29970"},"modified":"2026-03-28T08:54:55","modified_gmt":"2026-03-28T08:54:55","slug":"naturcleaning-tappancsbarat-kuckomoso-illat-es-allergenmentes-1-liter","status":"publish","type":"product","link":"https:\/\/naturcleaning.hu\/en\/product\/naturcleaning-tappancsbarat-kuckomoso-illat-es-allergenmentes-1-liter\/","title":{"rendered":"Naturcleaning Tappancsbar\u00e1t  Kuck\u00f3mos\u00f3 Illat \u00e9s Allerg\u00e9nmentes 1 liter"},"content":{"rendered":"<p>Naturcleaning Tappancsbar\u00e1t Kuck\u00f3mos\u00f3 Illat \u00e9s Allerg\u00e9nmentes <strong>Szagtalan\u00edt\u00f3 Fekhelymos\u00f3szer<\/strong> 1 liter<\/p>\n<p>T\u00f6k\u00e9letes v\u00e1laszt\u00e1s kis\u00e1llatok fekhelyeinek, \u00e1gynem\u0171inek \u00e9s takar\u00f3inak biztons\u00e1gos tiszt\u00edt\u00e1s\u00e1hoz. Hat\u00e9konyan elt\u00e1vol\u00edtja a makacs szennyez\u0151d\u00e9seket, an\u00e9lk\u00fcl hogy er\u0151s illatanyagokat tartalmazna, amelyek zavarn\u00e1k kedvenceink \u00e9rz\u00e9keny szagl\u00e1s\u00e1t, \u00e9s stresszt okozn\u00e1nak sz\u00e1mukra. Kit\u0171n\u0151 szagtalan\u00edt\u00f3 hat\u00e1ssal rendelkezik. A term\u00e9k biol\u00f3giailag leboml\u00f3, veg\u00e1n \u00e9s \u00e1llatk\u00eds\u00e9rlet-mentes. Mivel koncentr\u00e1lt form\u00e1ban k\u00e9sz\u00fcl, \u00fcgyelj arra, hogy ne adagolj t\u00fal sokat a mos\u00f3g\u00e9pbe \u2013 mindig k\u00f6vesd a haszn\u00e1lati utas\u00edt\u00e1sban szerepl\u0151 aj\u00e1nl\u00e1sokat! Ne haszn\u00e1lj \u00f6bl\u00edt\u0151t a kis\u00e1llatok t\u00e1rgyainak mos\u00e1sakor!<\/p>\n<p>&nbsp;<\/p>","protected":false},"excerpt":{"rendered":"<p>Naturcleaning Tappancsbar\u00e1t Kuck\u00f3mos\u00f3 Illat \u00e9s Allerg\u00e9nmentes Szagtalan\u00edt\u00f3 Fekhelymos\u00f3szer 1 liter T\u00f6k\u00e9letes v\u00e1laszt\u00e1s kis\u00e1llatok fekhelyeinek, \u00e1gynem\u0171inek \u00e9s takar\u00f3inak biztons\u00e1gos tiszt\u00edt\u00e1s\u00e1hoz. Hat\u00e9konyan elt\u00e1vol\u00edtja a makacs szennyez\u0151d\u00e9seket, an\u00e9lk\u00fcl hogy er\u0151s illatanyagokat tartalmazna, amelyek zavarn\u00e1k kedvenceink \u00e9rz\u00e9keny szagl\u00e1s\u00e1t, \u00e9s stresszt okozn\u00e1nak sz\u00e1mukra. Kit\u0171n\u0151 szagtalan\u00edt\u00f3 hat\u00e1ssal rendelkezik. A term\u00e9k biol\u00f3giailag leboml\u00f3, veg\u00e1n \u00e9s \u00e1llatk\u00eds\u00e9rlet-mentes. Mivel koncentr\u00e1lt form\u00e1ban k\u00e9sz\u00fcl, \u00fcgyelj arra, [&hellip;]<\/p>\n","protected":false},"featured_media":37587,"comment_status":"open","ping_status":"closed","template":"","meta":{"_acf_changed":false},"product_brand":[],"product_cat":[17,645,22,30,720],"product_tag":[688,658],"class_list":{"0":"post-29970","1":"product","2":"type-product","3":"status-publish","4":"has-post-thumbnail","6":"product_cat-mososzer","7":"product_cat-penztar_slider","8":"product_cat-cudy-illat-es-allergenmentes-tisztitoszer","9":"product_cat-tappancsbarat-termek","10":"product_cat-ujdonsagok","11":"product_tag-33-mosas","12":"product_tag-uj-termek","14":"first","15":"instock","16":"shipping-taxable","17":"purchasable","18":"product-type-simple"},"acf":[],"_links":{"self":[{"href":"https:\/\/naturcleaning.hu\/en\/wp-json\/wp\/v2\/product\/29970","targetHints":{"allow":["GET"]}}],"collection":[{"href":"https:\/\/naturcleaning.hu\/en\/wp-json\/wp\/v2\/product"}],"about":[{"href":"https:\/\/naturcleaning.hu\/en\/wp-json\/wp\/v2\/types\/product"}],"replies":[{"embeddable":true,"href":"https:\/\/naturcleaning.hu\/en\/wp-json\/wp\/v2\/comments?post=29970"}],"wp:featuredmedia":[{"embeddable":true,"href":"https:\/\/naturcleaning.hu\/en\/wp-json\/wp\/v2\/media\/37587"}],"wp:attachment":[{"href":"https:\/\/naturcleaning.hu\/en\/wp-json\/wp\/v2\/media?parent=29970"}],"wp:term":[{"taxonomy":"product_brand","embeddable":true,"href":"https:\/\/naturcleaning.hu\/en\/wp-json\/wp\/v2\/product_brand?post=29970"},{"taxonomy":"product_cat","embeddable":true,"href":"https:\/\/naturcleaning.hu\/en\/wp-json\/wp\/v2\/product_cat?post=29970"},{"taxonomy":"product_tag","embeddable":true,"href":"https:\/\/naturcleaning.hu\/en\/wp-json\/wp\/v2\/product_tag?post=29970"}],"curies":[{"name":"wp","href":"https:\/\/api.w.org\/{rel}","templated":true}]}}