{"id":29966,"date":"2024-10-31T09:09:48","date_gmt":"2024-10-31T09:09:48","guid":{"rendered":"https:\/\/naturcleaning.hu\/?post_type=product&#038;p=29966"},"modified":"2025-10-09T14:00:20","modified_gmt":"2025-10-09T14:00:20","slug":"naturcleaning-tappancsbarat-mosogatoszer-tal-es-jatektisztito-500-ml","status":"publish","type":"product","link":"https:\/\/naturcleaning.hu\/en\/product\/naturcleaning-tappancsbarat-mosogatoszer-tal-es-jatektisztito-500-ml\/","title":{"rendered":"Naturcleaning Tappancsbar\u00e1t Mosogat\u00f3szer T\u00e1l - \u00e9s j\u00e1t\u00e9ktiszt\u00edt\u00f3 500 ml"},"content":{"rendered":"<p>Tappancsbar\u00e1t Illat \u00e9s Allerg\u00e9nmentes Mosogat\u00f3szer T\u00e1l- \u00e9s j\u00e1t\u00e9ktiszt\u00edt\u00f3<\/p>\n<p>Haszn\u00e1ld a Tappancsbar\u00e1t mosogat\u00f3szert kiskedvenced etet\u0151, itat\u00f3 ed\u00e9ny\u00e9nek k\u00e9zi mosogat\u00e1s\u00e1ra. Makacs szennyez\u0151d\u00e9sek elt\u00e1vol\u00edt\u00e1s\u00e1ra, \u00fagy hogy k\u00f6zben nem haszn\u00e1lsz er\u0151s vegyi anyagot \u00e9s m\u00e9gis t\u00f6k\u00e9letes eredm\u00e9nyt kapsz. Magas zs\u00edrold\u00f3 k\u00e9pess\u00e9ge biztos\u00edtja az elmosott ed\u00e9nyek higi\u00e9niai tisztas\u00e1g\u00e1t.<\/p>\n<p>Hat\u00e9konyan tiszt\u00edtja az er\u0151s szennyez\u0151d\u00e9seket, mik\u00f6zben gyeng\u00e9d kedvenceink \u00e9s saj\u00e1t magunk eg\u00e9szs\u00e9g\u00e9hez.<\/p>\n<p>&nbsp;<\/p>","protected":false},"excerpt":{"rendered":"<p>Tappancsbar\u00e1t Illat \u00e9s Allerg\u00e9nmentes Mosogat\u00f3szer T\u00e1l- \u00e9s j\u00e1t\u00e9ktiszt\u00edt\u00f3 Haszn\u00e1ld a Tappancsbar\u00e1t mosogat\u00f3szert kiskedvenced etet\u0151, itat\u00f3 ed\u00e9ny\u00e9nek k\u00e9zi mosogat\u00e1s\u00e1ra. Makacs szennyez\u0151d\u00e9sek elt\u00e1vol\u00edt\u00e1s\u00e1ra, \u00fagy hogy k\u00f6zben nem haszn\u00e1lsz er\u0151s vegyi anyagot \u00e9s m\u00e9gis t\u00f6k\u00e9letes eredm\u00e9nyt kapsz. Magas zs\u00edrold\u00f3 k\u00e9pess\u00e9ge biztos\u00edtja az elmosott ed\u00e9nyek higi\u00e9niai tisztas\u00e1g\u00e1t. Hat\u00e9konyan tiszt\u00edtja az er\u0151s szennyez\u0151d\u00e9seket, mik\u00f6zben gyeng\u00e9d kedvenceink \u00e9s saj\u00e1t magunk eg\u00e9szs\u00e9g\u00e9hez. [&hellip;]<\/p>\n","protected":false},"featured_media":29969,"comment_status":"open","ping_status":"closed","template":"","meta":{"_acf_changed":false},"product_brand":[],"product_cat":[19,30,720],"product_tag":[658],"class_list":{"0":"post-29966","1":"product","2":"type-product","3":"status-publish","4":"has-post-thumbnail","6":"product_cat-mosogatoszer","7":"product_cat-tappancsbarat-termek","8":"product_cat-ujdonsagok","9":"product_tag-uj-termek","11":"first","12":"instock","13":"shipping-taxable","14":"purchasable","15":"product-type-simple"},"acf":[],"_links":{"self":[{"href":"https:\/\/naturcleaning.hu\/en\/wp-json\/wp\/v2\/product\/29966","targetHints":{"allow":["GET"]}}],"collection":[{"href":"https:\/\/naturcleaning.hu\/en\/wp-json\/wp\/v2\/product"}],"about":[{"href":"https:\/\/naturcleaning.hu\/en\/wp-json\/wp\/v2\/types\/product"}],"replies":[{"embeddable":true,"href":"https:\/\/naturcleaning.hu\/en\/wp-json\/wp\/v2\/comments?post=29966"}],"wp:featuredmedia":[{"embeddable":true,"href":"https:\/\/naturcleaning.hu\/en\/wp-json\/wp\/v2\/media\/29969"}],"wp:attachment":[{"href":"https:\/\/naturcleaning.hu\/en\/wp-json\/wp\/v2\/media?parent=29966"}],"wp:term":[{"taxonomy":"product_brand","embeddable":true,"href":"https:\/\/naturcleaning.hu\/en\/wp-json\/wp\/v2\/product_brand?post=29966"},{"taxonomy":"product_cat","embeddable":true,"href":"https:\/\/naturcleaning.hu\/en\/wp-json\/wp\/v2\/product_cat?post=29966"},{"taxonomy":"product_tag","embeddable":true,"href":"https:\/\/naturcleaning.hu\/en\/wp-json\/wp\/v2\/product_tag?post=29966"}],"curies":[{"name":"wp","href":"https:\/\/api.w.org\/{rel}","templated":true}]}}