{"id":299,"date":"2021-05-31T18:17:19","date_gmt":"2021-05-31T18:17:19","guid":{"rendered":"https:\/\/cudyfuture.nomaddigital.hu\/?post_type=product&#038;p=299"},"modified":"2024-01-21T01:26:21","modified_gmt":"2024-01-21T01:26:21","slug":"naturcleaning-folttisztito-granulatum-olaj-foltok-ellen-100-g","status":"publish","type":"product","link":"https:\/\/naturcleaning.hu\/en\/product\/naturcleaning-folttisztito-granulatum-olaj-foltok-ellen-100-g\/","title":{"rendered":"Naturcleaning stain remover granules against oil stains 100 g"},"content":{"rendered":"<p><strong>Your favorite dress got oil stained?<\/strong><\/p>\n<p>Do not be sad! Here's the solution!<br \/>\nWith this little jar stain remover you can save not only one but up to 10 of your favourite clothes!<\/p>\n<p>&nbsp;<\/p>","protected":false},"excerpt":{"rendered":"<p>A kedvenc ruh\u00e1d olajfoltos lett? Ne szomorkodj! Itt a megold\u00e1s! Ezzel a kis t\u00e9gely folttiszt\u00edt\u00f3val nem csak egy hanem ak\u00e1r 10 sz\u00e1modra kedves ruh\u00e1t is megmenthetsz! &nbsp;<\/p>","protected":false},"featured_media":2912,"comment_status":"open","ping_status":"closed","template":"","meta":{"_acf_changed":false},"product_brand":[],"product_cat":[20],"product_tag":[],"class_list":{"0":"post-299","1":"product","2":"type-product","3":"status-publish","4":"has-post-thumbnail","6":"product_cat-folttisztito","8":"first","9":"instock","10":"shipping-taxable","11":"purchasable","12":"product-type-simple"},"acf":[],"_links":{"self":[{"href":"https:\/\/naturcleaning.hu\/en\/wp-json\/wp\/v2\/product\/299","targetHints":{"allow":["GET"]}}],"collection":[{"href":"https:\/\/naturcleaning.hu\/en\/wp-json\/wp\/v2\/product"}],"about":[{"href":"https:\/\/naturcleaning.hu\/en\/wp-json\/wp\/v2\/types\/product"}],"replies":[{"embeddable":true,"href":"https:\/\/naturcleaning.hu\/en\/wp-json\/wp\/v2\/comments?post=299"}],"wp:featuredmedia":[{"embeddable":true,"href":"https:\/\/naturcleaning.hu\/en\/wp-json\/wp\/v2\/media\/2912"}],"wp:attachment":[{"href":"https:\/\/naturcleaning.hu\/en\/wp-json\/wp\/v2\/media?parent=299"}],"wp:term":[{"taxonomy":"product_brand","embeddable":true,"href":"https:\/\/naturcleaning.hu\/en\/wp-json\/wp\/v2\/product_brand?post=299"},{"taxonomy":"product_cat","embeddable":true,"href":"https:\/\/naturcleaning.hu\/en\/wp-json\/wp\/v2\/product_cat?post=299"},{"taxonomy":"product_tag","embeddable":true,"href":"https:\/\/naturcleaning.hu\/en\/wp-json\/wp\/v2\/product_tag?post=299"}],"curies":[{"name":"wp","href":"https:\/\/api.w.org\/{rel}","templated":true}]}}