{"id":29887,"date":"2024-10-22T17:05:45","date_gmt":"2024-10-22T17:05:45","guid":{"rendered":"https:\/\/naturcleaning.hu\/?post_type=product&#038;p=29887"},"modified":"2025-09-15T19:06:07","modified_gmt":"2025-09-15T19:06:07","slug":"csepke-baby-babavaro-csomag","status":"publish","type":"product","link":"https:\/\/naturcleaning.hu\/en\/product\/csepke-baby-babavaro-csomag\/","title":{"rendered":"Csepke Baby Babav\u00e1r\u00f3 csomag"},"content":{"rendered":"<p style=\"text-align: center\"><strong>Csepke Baby allergen-free washing gel\u00a0<\/strong><\/p>\n<p>Fragrance, Allergen and Color Free. Vegan - does not contain substances of animal origin. Hypoallergenic - Contains ingredients that minimize the chance of allergic reactions. It consists of natural ingredients free of phosphate, chlorine, paraben and palm oil. Can be used for both machine and hand washing. It does not destroy textiles when placed directly on clothing, it can also be used on wool and silk materials.<\/p>\n<p style=\"text-align: center\"><strong>Csepke Baby allergen-free fabric softener 0m+<\/strong><\/p>\n<p>Gentle care not only for the baby\u2019s skin but also for clothes. An infant's skin is about five times thinner than an adult's. Because of higher permeability, the chemicals that get on the skin are more easily absorbed and get into the deeper layers of the skin. During the development of the CSEPKE baby product family, we took these aspects into account.<\/p>\n<p>Special fabric softener family, for the baby\u2019s and for the mother\u2019s clothes. Csepke Baby products are phosphate-free, chlorine-free, paraben-free, animal-free, palm oil-free, and made of vegan natural ingredients (corn oil, coconut oil). Does not contain coloring and fragrances.<\/p>\n<p>The ideal detergent does not contain corrosive irritants, does not cause rashes, itching or allergies. It removes stains even at low temperatures. Easy to rinse, no detergent remains in the clothes. Gentle on textiles. Also suitable for washing bamboo nappies. Safe to use from infancy.<\/p>\n<p style=\"text-align: center\"><strong>Csepke Baby dishwashing liquid concentrate, baby bottle washer 0m +<\/strong><\/p>\n<p>Csepke Baby washing up liquid and baby bottle washer should not be missing from any mom's kitchen, as our baby most often takes his baby bottle in his mouth, so it is especially important to keep these everyday supplies clean at all times.<\/p>\n<p>Csepke Baby washing up liquid has been developed with the attention of keeping our baby's equipment clean from birth without any chemical or allergenic substances. Special allergen-free washing up liquid for cleaning baby bottles, dummies, baby cutlery and baby toys. Available in 500 ml.<\/p>\n<p>AJ\u00c1ND\u00c9K: <strong>1 db Naturcleaning v\u00e1szon t\u00e1ska<\/strong><\/p>\n<p>A k\u00e9p csak illusztr\u00e1ci\u00f3!<\/p>\n<p>&nbsp;<\/p>","protected":false},"excerpt":{"rendered":"<p>CSEPKE Baby allerg\u00e9nmentes mos\u00f3g\u00e9l\u00a0 Illat, Allerg\u00e9n \u00e9s Sz\u00ednez\u0151anyag mentes. Veg\u00e1n - nem tartalmaz \u00e1llati eredet\u0171 anyagokat. Hipoallerg\u00e9n- Olyan \u00f6sszetev\u0151ket tartalmaz, amelyek minimaliz\u00e1lj\u00e1k az allergi\u00e1s reakci\u00f3k kialakul\u00e1s\u00e1nak val\u00f3sz\u00edn\u0171s\u00e9g\u00e9t. Foszf\u00e1t, kl\u00f3r, parab\u00e9n \u00e9s p\u00e1lmaolajmentes, term\u00e9szetes \u00f6sszetev\u0151kb\u0151l \u00e1ll. G\u00e9pi \u00e9s k\u00e9zi mos\u00e1shoz is alkalmazhat\u00f3. K\u00f6zvetlen\u00fcl a ruh\u00e1ra t\u00e9ve sem roncsolja a text\u00edli\u00e1kat, gyapj\u00fa \u00e9s selyem anyagokhoz is haszn\u00e1lhat\u00f3. [&hellip;]<\/p>\n","protected":false},"featured_media":27850,"comment_status":"open","ping_status":"closed","template":"","meta":{"_acf_changed":false},"product_brand":[],"product_cat":[28,33,645],"product_tag":[658],"class_list":{"0":"post-29887","1":"product","2":"type-product","3":"status-publish","4":"has-post-thumbnail","6":"product_cat-csepke-baby-termekek","7":"product_cat-csomagajanlat","8":"product_cat-penztar_slider","9":"product_tag-uj-termek","11":"first","12":"instock","13":"shipping-taxable","14":"purchasable","15":"product-type-simple"},"acf":[],"_links":{"self":[{"href":"https:\/\/naturcleaning.hu\/en\/wp-json\/wp\/v2\/product\/29887","targetHints":{"allow":["GET"]}}],"collection":[{"href":"https:\/\/naturcleaning.hu\/en\/wp-json\/wp\/v2\/product"}],"about":[{"href":"https:\/\/naturcleaning.hu\/en\/wp-json\/wp\/v2\/types\/product"}],"replies":[{"embeddable":true,"href":"https:\/\/naturcleaning.hu\/en\/wp-json\/wp\/v2\/comments?post=29887"}],"wp:featuredmedia":[{"embeddable":true,"href":"https:\/\/naturcleaning.hu\/en\/wp-json\/wp\/v2\/media\/27850"}],"wp:attachment":[{"href":"https:\/\/naturcleaning.hu\/en\/wp-json\/wp\/v2\/media?parent=29887"}],"wp:term":[{"taxonomy":"product_brand","embeddable":true,"href":"https:\/\/naturcleaning.hu\/en\/wp-json\/wp\/v2\/product_brand?post=29887"},{"taxonomy":"product_cat","embeddable":true,"href":"https:\/\/naturcleaning.hu\/en\/wp-json\/wp\/v2\/product_cat?post=29887"},{"taxonomy":"product_tag","embeddable":true,"href":"https:\/\/naturcleaning.hu\/en\/wp-json\/wp\/v2\/product_tag?post=29887"}],"curies":[{"name":"wp","href":"https:\/\/api.w.org\/{rel}","templated":true}]}}