{"id":297,"date":"2021-05-31T18:14:37","date_gmt":"2021-05-31T18:14:37","guid":{"rendered":"https:\/\/cudyfuture.nomaddigital.hu\/?post_type=product&#038;p=297"},"modified":"2024-12-03T09:55:30","modified_gmt":"2024-12-03T09:55:30","slug":"naturcleaning-virgin-mojito-tusfurdo-250-ml","status":"publish","type":"product","link":"https:\/\/naturcleaning.hu\/en\/product\/naturcleaning-virgin-mojito-tusfurdo-250-ml\/","title":{"rendered":"Naturcleaning Virgin Mojito shower gel 250 ml"},"content":{"rendered":"<p>Tiszt\u00edtsd meg b\u0151r\u00f6d \u00e9s \u00e9leszd fel \u00e9rz\u00e9keidet a friss \u00e9s \u00fcde illat\u00fa Virgin Mojito tusf\u00fcrd\u0151vel! Val\u00f3di felfriss\u00fcl\u00e9st ny\u00fajt testnek \u00e9s l\u00e9leknek, nap, mint nap.<\/p>\n<p>Our goal with our NATURCLEANING philosophy of life and environmentally friendly products is to contribute to a clean, healthy home and work environment while taking as little space as possible away from wildlife and continuously reducing our ecological footprint.<\/p>","protected":false},"excerpt":{"rendered":"<p>Tiszt\u00edtsd meg b\u0151r\u00f6d \u00e9s \u00e9leszd fel \u00e9rz\u00e9keidet a friss \u00e9s \u00fcde illat\u00fa Virgin Mojito tusf\u00fcrd\u0151vel! Val\u00f3di felfriss\u00fcl\u00e9st ny\u00fajt testnek \u00e9s l\u00e9leknek, nap, mint nap. C\u00e9lunk, hogy NATURCLEANING \u00e9letfiloz\u00f3fi\u00e1nkkal \u00e9s k\u00f6rnyezetbar\u00e1t term\u00e9keinkkel hozz\u00e1j\u00e1ruljunk a tiszta eg\u00e9szs\u00e9ges otthon \u00e9s munkak\u00f6rnyezet kialak\u00edt\u00e1s\u00e1hoz, mik\u00f6zben a lehet\u0151 legkevesebb teret vonjuk el az \u00e9l\u0151vil\u00e1gt\u00f3l \u00e9s folyamatosan cs\u00f6kkentj\u00fck \u00f6kol\u00f3giai l\u00e1bnyomunkat.<\/p>","protected":false},"featured_media":27849,"comment_status":"open","ping_status":"closed","template":"","meta":{"_acf_changed":false},"product_brand":[],"product_cat":[21],"product_tag":[],"class_list":{"0":"post-297","1":"product","2":"type-product","3":"status-publish","4":"has-post-thumbnail","6":"product_cat-tusfurdok-szappanok-es-kozmetikumok","8":"first","9":"instock","10":"shipping-taxable","11":"purchasable","12":"product-type-simple"},"acf":[],"_links":{"self":[{"href":"https:\/\/naturcleaning.hu\/en\/wp-json\/wp\/v2\/product\/297","targetHints":{"allow":["GET"]}}],"collection":[{"href":"https:\/\/naturcleaning.hu\/en\/wp-json\/wp\/v2\/product"}],"about":[{"href":"https:\/\/naturcleaning.hu\/en\/wp-json\/wp\/v2\/types\/product"}],"replies":[{"embeddable":true,"href":"https:\/\/naturcleaning.hu\/en\/wp-json\/wp\/v2\/comments?post=297"}],"wp:featuredmedia":[{"embeddable":true,"href":"https:\/\/naturcleaning.hu\/en\/wp-json\/wp\/v2\/media\/27849"}],"wp:attachment":[{"href":"https:\/\/naturcleaning.hu\/en\/wp-json\/wp\/v2\/media?parent=297"}],"wp:term":[{"taxonomy":"product_brand","embeddable":true,"href":"https:\/\/naturcleaning.hu\/en\/wp-json\/wp\/v2\/product_brand?post=297"},{"taxonomy":"product_cat","embeddable":true,"href":"https:\/\/naturcleaning.hu\/en\/wp-json\/wp\/v2\/product_cat?post=297"},{"taxonomy":"product_tag","embeddable":true,"href":"https:\/\/naturcleaning.hu\/en\/wp-json\/wp\/v2\/product_tag?post=297"}],"curies":[{"name":"wp","href":"https:\/\/api.w.org\/{rel}","templated":true}]}}