{"id":295,"date":"2021-05-31T18:13:24","date_gmt":"2021-05-31T18:13:24","guid":{"rendered":"https:\/\/cudyfuture.nomaddigital.hu\/?post_type=product&#038;p=295"},"modified":"2024-12-03T09:55:38","modified_gmt":"2024-12-03T09:55:38","slug":"naturcleaning-sensitive-tusfurdo-250ml","status":"publish","type":"product","link":"https:\/\/naturcleaning.hu\/en\/product\/naturcleaning-sensitive-tusfurdo-250ml\/","title":{"rendered":"Naturcleaning Sensitive Shower Gel 250ml"},"content":{"rendered":"<p style=\"text-align: center\"><strong>Sensitive illat-, \u00e9s allerg\u00e9nmentes tusf\u00fcrd\u0151<\/strong><\/p>\n<p>Hidrat\u00e1l\u00f3, gyeng\u00e9d k\u00e9nyeztet\u00e9s az \u00e9rz\u00e9keny, allergi\u00e1s b\u0151rnek. A Naturcleaning sensitive tusf\u00fcrd\u0151 pozit\u00edv hat\u00e1ssal lehet a b\u0151rre, megel\u0151zhetj\u00fck, cs\u00f6kkenthetj\u00fck vagy ak\u00e1r teljesen megsz\u00fcntethetj\u00fck a kozmetikumok okozta b\u0151rp\u00edrt, irrit\u00e1ci\u00f3t \u00e9s viszket\u00e9st.<\/p>\n<p>Our goal with our NATURCLEANING philosophy of life and environmentally friendly products is to contribute to a clean, healthy home and work environment while taking as little space as possible away from wildlife and continuously reducing our ecological footprint.<\/p>","protected":false},"excerpt":{"rendered":"<p>Sensitive illat-, \u00e9s allerg\u00e9nmentes tusf\u00fcrd\u0151 Hidrat\u00e1l\u00f3, gyeng\u00e9d k\u00e9nyeztet\u00e9s az \u00e9rz\u00e9keny, allergi\u00e1s b\u0151rnek. A Naturcleaning sensitive tusf\u00fcrd\u0151 pozit\u00edv hat\u00e1ssal lehet a b\u0151rre, megel\u0151zhetj\u00fck, cs\u00f6kkenthetj\u00fck vagy ak\u00e1r teljesen megsz\u00fcntethetj\u00fck a kozmetikumok okozta b\u0151rp\u00edrt, irrit\u00e1ci\u00f3t \u00e9s viszket\u00e9st. C\u00e9lunk, hogy NATURCLEANING \u00e9letfiloz\u00f3fi\u00e1nkkal \u00e9s k\u00f6rnyezetbar\u00e1t term\u00e9keinkkel hozz\u00e1j\u00e1ruljunk a tiszta eg\u00e9szs\u00e9ges otthon \u00e9s munkak\u00f6rnyezet kialak\u00edt\u00e1s\u00e1hoz, mik\u00f6zben a lehet\u0151 legkevesebb teret vonjuk [&hellip;]<\/p>\n","protected":false},"featured_media":27856,"comment_status":"open","ping_status":"closed","template":"","meta":{"_acf_changed":false},"product_brand":[],"product_cat":[22,21],"product_tag":[],"class_list":{"0":"post-295","1":"product","2":"type-product","3":"status-publish","4":"has-post-thumbnail","6":"product_cat-cudy-illat-es-allergenmentes-tisztitoszer","7":"product_cat-tusfurdok-szappanok-es-kozmetikumok","9":"first","10":"instock","11":"shipping-taxable","12":"purchasable","13":"product-type-simple"},"acf":[],"_links":{"self":[{"href":"https:\/\/naturcleaning.hu\/en\/wp-json\/wp\/v2\/product\/295","targetHints":{"allow":["GET"]}}],"collection":[{"href":"https:\/\/naturcleaning.hu\/en\/wp-json\/wp\/v2\/product"}],"about":[{"href":"https:\/\/naturcleaning.hu\/en\/wp-json\/wp\/v2\/types\/product"}],"replies":[{"embeddable":true,"href":"https:\/\/naturcleaning.hu\/en\/wp-json\/wp\/v2\/comments?post=295"}],"wp:featuredmedia":[{"embeddable":true,"href":"https:\/\/naturcleaning.hu\/en\/wp-json\/wp\/v2\/media\/27856"}],"wp:attachment":[{"href":"https:\/\/naturcleaning.hu\/en\/wp-json\/wp\/v2\/media?parent=295"}],"wp:term":[{"taxonomy":"product_brand","embeddable":true,"href":"https:\/\/naturcleaning.hu\/en\/wp-json\/wp\/v2\/product_brand?post=295"},{"taxonomy":"product_cat","embeddable":true,"href":"https:\/\/naturcleaning.hu\/en\/wp-json\/wp\/v2\/product_cat?post=295"},{"taxonomy":"product_tag","embeddable":true,"href":"https:\/\/naturcleaning.hu\/en\/wp-json\/wp\/v2\/product_tag?post=295"}],"curies":[{"name":"wp","href":"https:\/\/api.w.org\/{rel}","templated":true}]}}