{"id":29395,"date":"2024-10-06T21:07:25","date_gmt":"2024-10-06T21:07:25","guid":{"rendered":"https:\/\/naturcleaning.hu\/?post_type=product&#038;p=29395"},"modified":"2026-01-18T13:10:14","modified_gmt":"2026-01-18T13:10:14","slug":"naturcleaning-granatalma-oblito-termekminta-100-ml","status":"publish","type":"product","link":"https:\/\/naturcleaning.hu\/en\/product\/naturcleaning-granatalma-oblito-termekminta-100-ml\/","title":{"rendered":"Naturcleaning Gr\u00e1n\u00e1talma \u00d6bl\u00edt\u0151 term\u00e9kminta 100 ml"},"content":{"rendered":"<p style=\"text-align: center\">Naturcleaning Pomegranate term\u00e9szetes \u00f6bl\u00edt\u0151 koncentr\u00e1tum. Kellemes, hosszan tart\u00f3 illat ak\u00e1r heteken \u00e1t.<br \/>\nGreen Brand d\u00edjas term\u00e9k.<\/p>\n<p><strong>Features:<\/strong><br \/>\n- Friss, gy\u00fcm\u00f6lcs\u00f6s illat<br \/>\n-Environmentally conscious fabric softener concentrate<br \/>\n-Pleasant smell even after using the dryer<br \/>\n-Plant ingredients<br \/>\n-Hypoallergenic<br \/>\n- Reduces creasing, making ironing easier<br \/>\n-phosphate-free, chlorine-free, paraben-free, cruelty-free, palm oil-free, vegan<br \/>\n-Biodegradable<br \/>\n-can be dispensed economically<br \/>\n-Hungarian product<br \/>\n-Refillable bottle<\/p>\n<p><strong>Description:<\/strong><br \/>\nA Naturcleaning Pomegranate \u00f6bl\u00edt\u0151 koncentr\u00e1tum puh\u00e1v\u00e1, k\u00e9nyelmes tapint\u00e1s\u00fav\u00e1 var\u00e1zsolja ruh\u00e1idat \u00e9s hosszan tart\u00f3 kellemes illattal k\u00e1pr\u00e1ztat el. \u00c9lvezd, ahogy a gyeng\u00e9d, kellemes \u00e9rz\u00e9st kelt\u0151 illat \u00e1tj\u00e1rja ruh\u00e1idat \u00e9s felpezsd\u00edt.<br \/>\nNaturcleaning \u00f6bl\u00edt\u0151ink sz\u00e1r\u00edt\u00f3g\u00e9p haszn\u00e1lata ut\u00e1n is kellemes illat\u00fa ruh\u00e1kat biztos\u00edthatnak.<br \/>\nThe fabric softener is hypoallergenic, phosphate-free, chlorine-free, paraben-free, cruelty-free, palm oil-free, vegan, made from natural ingredients (soybeans). Contains biodegradable surfactants.<br \/>\nDue to its natural based composition, it does not pollute the environment. It does not pollute our living waters as it is completely biodegradable.<\/p>\n<p>1 liters of fabric softener can be used to make 5 liters of fabric softener. During dilution, the intensity of the scent decreases.<\/p>","protected":false},"excerpt":{"rendered":"<p>Naturcleaning Pomegranate term\u00e9szetes \u00f6bl\u00edt\u0151 koncentr\u00e1tum. Kellemes, hosszan tart\u00f3 illat ak\u00e1r heteken \u00e1t. Green Brand d\u00edjas term\u00e9k. Jellemz\u0151i: - Friss, gy\u00fcm\u00f6lcs\u00f6s illat -K\u00f6rnyezettudatos \u00f6bl\u00edt\u0151 koncentr\u00e1tum -Kellemes illat sz\u00e1r\u00edt\u00f3g\u00e9p haszn\u00e1lata ut\u00e1n is -N\u00f6v\u00e9nyi \u00f6sszetev\u0151k -Hypoallerg\u00e9n - Cs\u00f6kkenti a gy\u0171r\u0151d\u00e9st, ez\u00e1ltal megk\u00f6nny\u00edtheti a vasal\u00e1st -foszf\u00e1tmentes, kl\u00f3rmentes, parab\u00e9nmentes, \u00e1llatk\u00eds\u00e9rlet mentes, p\u00e1lmaolaj mentes, veg\u00e1n -Biol\u00f3giailag leboml\u00f3 -gazdas\u00e1gosan adagolhat\u00f3 -Magyar term\u00e9k [&hellip;]<\/p>\n","protected":false},"featured_media":27397,"comment_status":"open","ping_status":"closed","template":"","meta":{"_acf_changed":false},"product_brand":[],"product_cat":[34,36],"product_tag":[658],"class_list":{"0":"post-29395","1":"product","2":"type-product","3":"status-publish","4":"has-post-thumbnail","6":"product_cat-100-ml-es-termekminta","7":"product_cat-utazashoz","8":"product_tag-uj-termek","10":"first","11":"instock","12":"shipping-taxable","13":"purchasable","14":"product-type-simple"},"acf":[],"_links":{"self":[{"href":"https:\/\/naturcleaning.hu\/en\/wp-json\/wp\/v2\/product\/29395","targetHints":{"allow":["GET"]}}],"collection":[{"href":"https:\/\/naturcleaning.hu\/en\/wp-json\/wp\/v2\/product"}],"about":[{"href":"https:\/\/naturcleaning.hu\/en\/wp-json\/wp\/v2\/types\/product"}],"replies":[{"embeddable":true,"href":"https:\/\/naturcleaning.hu\/en\/wp-json\/wp\/v2\/comments?post=29395"}],"wp:featuredmedia":[{"embeddable":true,"href":"https:\/\/naturcleaning.hu\/en\/wp-json\/wp\/v2\/media\/27397"}],"wp:attachment":[{"href":"https:\/\/naturcleaning.hu\/en\/wp-json\/wp\/v2\/media?parent=29395"}],"wp:term":[{"taxonomy":"product_brand","embeddable":true,"href":"https:\/\/naturcleaning.hu\/en\/wp-json\/wp\/v2\/product_brand?post=29395"},{"taxonomy":"product_cat","embeddable":true,"href":"https:\/\/naturcleaning.hu\/en\/wp-json\/wp\/v2\/product_cat?post=29395"},{"taxonomy":"product_tag","embeddable":true,"href":"https:\/\/naturcleaning.hu\/en\/wp-json\/wp\/v2\/product_tag?post=29395"}],"curies":[{"name":"wp","href":"https:\/\/api.w.org\/{rel}","templated":true}]}}