{"id":29336,"date":"2024-10-02T12:33:18","date_gmt":"2024-10-02T12:33:18","guid":{"rendered":"https:\/\/naturcleaning.hu\/?post_type=product&#038;p=29336"},"modified":"2025-09-15T18:42:25","modified_gmt":"2025-09-15T18:42:25","slug":"naturcleaning-hipoallergen-mosogel-borostyan-termekminta-100-ml","status":"publish","type":"product","link":"https:\/\/naturcleaning.hu\/en\/product\/naturcleaning-hipoallergen-mosogel-borostyan-termekminta-100-ml\/","title":{"rendered":"Naturcleaning Hipoallerg\u00e9n Mos\u00f3g\u00e9l Borosty\u00e1n Term\u00e9kminta 100 ml"},"content":{"rendered":"<p>Naturcleaning Hipoallerg\u00e9n Mos\u00f3g\u00e9l Borosty\u00e1n Term\u00e9kminta 100 ml<\/p>\n<p>A tisztas\u00e1g term\u00e9szetes titka<\/p>\n<p>A Naturcleaning borosty\u00e1n kivonatos mos\u00f3g\u00e9l term\u00e9szetes szaponinokat tartalmaz, amelyek hat\u00e9konyan t\u00e1vol\u00edtj\u00e1k el a szennyez\u0151d\u00e9seket an\u00e9lk\u00fcl, hogy irrit\u00e1ln\u00e1k a b\u0151rt. Hipoallerg\u00e9n formul\u00e1ja miatt \u00e9rz\u00e9keny b\u0151r\u0171ek sz\u00e1m\u00e1ra is ide\u00e1lis.<\/p>\n<ul>\n<li><strong>Hipoallerg\u00e9n \u00e9s b\u0151rbar\u00e1t:<\/strong> Nem irrit\u00e1lja a b\u0151rt, \u00edgy ide\u00e1lis \u00e9rz\u00e9keny b\u0151r\u0171eknek.<\/li>\n<li><strong>Borosty\u00e1n kivonat:<\/strong> Term\u00e9szetes szaponinokat tartalmaz, amik hat\u00e9konyan tiszt\u00edtanak.<\/li>\n<li><strong>Sz\u00ednes \u00e9s feh\u00e9r ruh\u00e1khoz egyar\u00e1nt:<\/strong> Nem fak\u00edtja vagy sz\u00ednezi el a ruh\u00e1kat.<\/li>\n<li><strong>Alkalmas g\u00e9pi \u00e9s k\u00e9zi mos\u00e1shoz.<\/strong><\/li>\n<li><strong>K\u00f6rnyezetbar\u00e1t:<\/strong> Foszf\u00e1t- \u00e9s sz\u00ednez\u00e9kmentes, 90%-n\u00e1l nagyobb ar\u00e1nyban biol\u00f3giailag leboml\u00f3 \u00f6sszetev\u0151ket tartalmaz, veg\u00e1n \u00e9s k\u00f6rnyezetk\u00edm\u00e9l\u0151.<\/li>\n<li><strong>Dosage:<\/strong> Enyhe szennyezetts\u00e9gn\u00e9l 25-30 ml, er\u0151sebb szennyezetts\u00e9gn\u00e9l 30-35 ml.<\/li>\n<li><strong>1,5 liter kb. 50 mos\u00e1sra elegend\u0151.<\/strong><\/li>\n<li><strong>Mos\u00e1si h\u0151fok:<\/strong> 20-90 \u00b0C k\u00f6z\u00f6tt aj\u00e1nlott.<\/li>\n<\/ul>\n<p>&nbsp;<\/p>","protected":false},"excerpt":{"rendered":"<p>Naturcleaning Hipoallerg\u00e9n Mos\u00f3g\u00e9l Borosty\u00e1n Term\u00e9kminta 100 ml A tisztas\u00e1g term\u00e9szetes titka A Naturcleaning borosty\u00e1n kivonatos mos\u00f3g\u00e9l term\u00e9szetes szaponinokat tartalmaz, amelyek hat\u00e9konyan t\u00e1vol\u00edtj\u00e1k el a szennyez\u0151d\u00e9seket an\u00e9lk\u00fcl, hogy irrit\u00e1ln\u00e1k a b\u0151rt. Hipoallerg\u00e9n formul\u00e1ja miatt \u00e9rz\u00e9keny b\u0151r\u0171ek sz\u00e1m\u00e1ra is ide\u00e1lis. Hipoallerg\u00e9n \u00e9s b\u0151rbar\u00e1t: Nem irrit\u00e1lja a b\u0151rt, \u00edgy ide\u00e1lis \u00e9rz\u00e9keny b\u0151r\u0171eknek. Borosty\u00e1n kivonat: Term\u00e9szetes szaponinokat tartalmaz, amik [&hellip;]<\/p>\n","protected":false},"featured_media":29337,"comment_status":"open","ping_status":"closed","template":"","meta":{"_acf_changed":false},"product_brand":[],"product_cat":[34],"product_tag":[658],"class_list":{"0":"post-29336","1":"product","2":"type-product","3":"status-publish","4":"has-post-thumbnail","6":"product_cat-100-ml-es-termekminta","7":"product_tag-uj-termek","9":"first","10":"instock","11":"shipping-taxable","12":"purchasable","13":"product-type-simple"},"acf":[],"_links":{"self":[{"href":"https:\/\/naturcleaning.hu\/en\/wp-json\/wp\/v2\/product\/29336","targetHints":{"allow":["GET"]}}],"collection":[{"href":"https:\/\/naturcleaning.hu\/en\/wp-json\/wp\/v2\/product"}],"about":[{"href":"https:\/\/naturcleaning.hu\/en\/wp-json\/wp\/v2\/types\/product"}],"replies":[{"embeddable":true,"href":"https:\/\/naturcleaning.hu\/en\/wp-json\/wp\/v2\/comments?post=29336"}],"wp:featuredmedia":[{"embeddable":true,"href":"https:\/\/naturcleaning.hu\/en\/wp-json\/wp\/v2\/media\/29337"}],"wp:attachment":[{"href":"https:\/\/naturcleaning.hu\/en\/wp-json\/wp\/v2\/media?parent=29336"}],"wp:term":[{"taxonomy":"product_brand","embeddable":true,"href":"https:\/\/naturcleaning.hu\/en\/wp-json\/wp\/v2\/product_brand?post=29336"},{"taxonomy":"product_cat","embeddable":true,"href":"https:\/\/naturcleaning.hu\/en\/wp-json\/wp\/v2\/product_cat?post=29336"},{"taxonomy":"product_tag","embeddable":true,"href":"https:\/\/naturcleaning.hu\/en\/wp-json\/wp\/v2\/product_tag?post=29336"}],"curies":[{"name":"wp","href":"https:\/\/api.w.org\/{rel}","templated":true}]}}