{"id":29271,"date":"2024-09-28T19:13:46","date_gmt":"2024-09-28T19:13:46","guid":{"rendered":"https:\/\/naturcleaning.hu\/?post_type=product&#038;p=29271"},"modified":"2026-01-18T14:54:47","modified_gmt":"2026-01-18T14:54:47","slug":"naturcleaning-oblito-koncentratum-sweet-dreams","status":"publish","type":"product","link":"https:\/\/naturcleaning.hu\/en\/product\/naturcleaning-oblito-koncentratum-sweet-dreams\/","title":{"rendered":"Naturcleaning \u00d6bl\u00edt\u0151 koncentr\u00e1tum Sweet Dreams 1 liter"},"content":{"rendered":"<p><strong>Naturcleaning \u00d6bl\u00edt\u0151 koncentr\u00e1tum Sweet Dreams 1 liter<\/strong><\/p>\n<p>Aludj el az \u00e9des \u00e1lmok vil\u00e1g\u00e1ban a Naturcleaning Sweet Dreams \u00f6bl\u00edt\u0151 koncentr\u00e1tummal, amely az intenz\u00edv, \u00e9des parf\u00fcm\u00f6s illat var\u00e1zs\u00e1t hozza el otthonodba! Hosszan tart\u00f3, b\u00e1jos illat\u00e1val \u00e9s k\u00f6rnyezettudatos formul\u00e1j\u00e1val minden mos\u00e1st k\u00fcl\u00f6nlegess\u00e9 var\u00e1zsol. A Green Brand d\u00edjas, magyar term\u00e9k k\u00edm\u00e9letes a b\u0151rh\u00f6z, mik\u00f6zben a term\u00e9szetet is v\u00e9di.<\/p>\n<p><strong>F\u0151bb jellemz\u0151k:<\/strong><\/p>\n<ul>\n<li><strong>Intenz\u00edv, \u00e9des parf\u00fcm\u00f6s illat<\/strong>: \u00c9lvezd a var\u00e1zslatos \u00e9rz\u00e9st ak\u00e1r heteken \u00e1t.<\/li>\n<li><strong>K\u00f6rnyezetbar\u00e1t<\/strong>: N\u00f6v\u00e9nyi \u00f6sszetev\u0151k, amelyek k\u00edm\u00e9lik a F\u00f6ldet.<\/li>\n<li><strong>Kellemes illat sz\u00e1r\u00edt\u00f3g\u00e9p haszn\u00e1lata ut\u00e1n is<\/strong>: Friss ruh\u00e1k minden alkalommal.<\/li>\n<li><strong>Hypoallerg\u00e9n<\/strong>: Ide\u00e1lis \u00e9rz\u00e9keny b\u0151r\u0171ek sz\u00e1m\u00e1ra.<\/li>\n<li><strong>K\u00f6nnyebb vasal\u00e1s<\/strong>: Cs\u00f6kkenti a gy\u0171r\u0151d\u00e9st, megk\u00f6nny\u00edtve a ruh\u00e1k kezel\u00e9s\u00e9t.<\/li>\n<li><strong>Foszf\u00e1t-, kl\u00f3r-, parab\u00e9n-, p\u00e1lmaolaj- \u00e9s \u00e1llatk\u00eds\u00e9rlet mentes<\/strong>: Veg\u00e1n \u00e9s term\u00e9szetes \u00f6sszetev\u0151k.<\/li>\n<li><strong>Biol\u00f3giailag leboml\u00f3<\/strong>: Tiszteletben tartja a k\u00f6rnyezetet.<\/li>\n<li><strong>Gazdas\u00e1gos adagol\u00e1s<\/strong>: 1 liter \u00f6bl\u00edt\u0151b\u0151l 5 liter \u00f6bl\u00edt\u0151 k\u00e9sz\u00edthet\u0151. H\u00edg\u00edt\u00e1s sor\u00e1n az \u00f6bl\u00edt\u0151 illat\u00e1nak intenzit\u00e1sa cs\u00f6kken.<\/li>\n<li><strong>\u00dajrat\u00f6lthet\u0151 flakon<\/strong>: Fenntarthat\u00f3 megold\u00e1s a k\u00f6rnyezet\u00e9rt.<\/li>\n<\/ul>\n<p><strong>Description:<\/strong> A Naturcleaning Sweet Dreams \u00f6bl\u00edt\u0151 puh\u00e1v\u00e1 \u00e9s k\u00e9nyelmes tapint\u00e1s\u00fav\u00e1 var\u00e1zsolja ruh\u00e1idat, mik\u00f6zben az intenz\u00edv, \u00e9des parf\u00fcm\u00f6s illat \u00e1tj\u00e1rja \u0151ket, felpezsd\u00edtve a mindennapjaidat. Sz\u00e1r\u00edt\u00f3g\u00e9p haszn\u00e1lata ut\u00e1n is garant\u00e1lja a kellemes illatot, \u00edgy biztos lehetsz benne, hogy ruh\u00e1id mindig friss \u00e9lm\u00e9nyt ny\u00fajtanak.<\/p>\n<p>A term\u00e9k term\u00e9szetes \u00f6sszetev\u0151kb\u0151l k\u00e9sz\u00fclt, \u00e9s biol\u00f3giailag j\u00f3l leboml\u00f3 fel\u00fcletakt\u00edv anyagokat tartalmaz. K\u00edm\u00e9ld a ruh\u00e1idat \u00e9s a k\u00f6rnyezetet a Naturcleaning \u00f6bl\u00edt\u0151vel!<\/p>","protected":false},"excerpt":{"rendered":"<p>Naturcleaning \u00d6bl\u00edt\u0151 koncentr\u00e1tum Sweet Dreams 1 liter Aludj el az \u00e9des \u00e1lmok vil\u00e1g\u00e1ban a Naturcleaning Sweet Dreams \u00f6bl\u00edt\u0151 koncentr\u00e1tummal, amely az intenz\u00edv, \u00e9des parf\u00fcm\u00f6s illat var\u00e1zs\u00e1t hozza el otthonodba! Hosszan tart\u00f3, b\u00e1jos illat\u00e1val \u00e9s k\u00f6rnyezettudatos formul\u00e1j\u00e1val minden mos\u00e1st k\u00fcl\u00f6nlegess\u00e9 var\u00e1zsol. A Green Brand d\u00edjas, magyar term\u00e9k k\u00edm\u00e9letes a b\u0151rh\u00f6z, mik\u00f6zben a term\u00e9szetet is v\u00e9di. F\u0151bb [&hellip;]<\/p>\n","protected":false},"featured_media":28335,"comment_status":"open","ping_status":"closed","template":"","meta":{"_acf_changed":false},"product_brand":[],"product_cat":[18],"product_tag":[690],"class_list":{"0":"post-29271","1":"product","2":"type-product","3":"status-publish","4":"has-post-thumbnail","6":"product_cat-oblito-koncentratum","7":"product_tag-50-mosas","9":"first","10":"instock","11":"shipping-taxable","12":"purchasable","13":"product-type-simple"},"acf":[],"_links":{"self":[{"href":"https:\/\/naturcleaning.hu\/en\/wp-json\/wp\/v2\/product\/29271","targetHints":{"allow":["GET"]}}],"collection":[{"href":"https:\/\/naturcleaning.hu\/en\/wp-json\/wp\/v2\/product"}],"about":[{"href":"https:\/\/naturcleaning.hu\/en\/wp-json\/wp\/v2\/types\/product"}],"replies":[{"embeddable":true,"href":"https:\/\/naturcleaning.hu\/en\/wp-json\/wp\/v2\/comments?post=29271"}],"wp:featuredmedia":[{"embeddable":true,"href":"https:\/\/naturcleaning.hu\/en\/wp-json\/wp\/v2\/media\/28335"}],"wp:attachment":[{"href":"https:\/\/naturcleaning.hu\/en\/wp-json\/wp\/v2\/media?parent=29271"}],"wp:term":[{"taxonomy":"product_brand","embeddable":true,"href":"https:\/\/naturcleaning.hu\/en\/wp-json\/wp\/v2\/product_brand?post=29271"},{"taxonomy":"product_cat","embeddable":true,"href":"https:\/\/naturcleaning.hu\/en\/wp-json\/wp\/v2\/product_cat?post=29271"},{"taxonomy":"product_tag","embeddable":true,"href":"https:\/\/naturcleaning.hu\/en\/wp-json\/wp\/v2\/product_tag?post=29271"}],"curies":[{"name":"wp","href":"https:\/\/api.w.org\/{rel}","templated":true}]}}