{"id":29254,"date":"2024-09-28T16:29:22","date_gmt":"2024-09-28T16:29:22","guid":{"rendered":"https:\/\/naturcleaning.hu\/?post_type=product&#038;p=29254"},"modified":"2025-09-30T18:51:14","modified_gmt":"2025-09-30T18:51:14","slug":"naturcleaning-oblito-koncentratum-ocean-4-liter","status":"publish","type":"product","link":"https:\/\/naturcleaning.hu\/en\/product\/naturcleaning-oblito-koncentratum-ocean-4-liter\/","title":{"rendered":"Naturcleaning \u00d6bl\u00edt\u0151 Koncentr\u00e1tum Ocean 4 liter"},"content":{"rendered":"<p><strong>Naturcleaning \u00d6bl\u00edt\u0151 Koncentr\u00e1tum Ocean 4 liter<\/strong><\/p>\n<p>\u00c9lvezd a ruh\u00e1id frissess\u00e9g\u00e9t a Naturcleaning term\u00e9szetes \u00f6bl\u00edt\u0151 koncentr\u00e1tummal, amely h\u0171s\u00edt\u0151, tiszta illat\u00e1val ak\u00e1r heteken \u00e1t k\u00e9nyeztet! Ez a Green Brand d\u00edjas, magyar term\u00e9k k\u00f6rnyezettudatos megold\u00e1s, n\u00f6v\u00e9nyi \u00f6sszetev\u0151kb\u0151l k\u00e9sz\u00fclt, hipoallerg\u00e9n, \u00e9s mentes a foszf\u00e1tokt\u00f3l, kl\u00f3rt\u00f3l, parab\u00e9nekt\u0151l, p\u00e1lmaolajt\u00f3l, \u00e9s \u00e1llatk\u00eds\u00e9rletekt\u0151l.<\/p>\n<p><strong>F\u0151bb jellemz\u0151k:<\/strong><\/p>\n<ul>\n<li><strong>Friss, h\u0171s\u00edt\u0151 illat<\/strong>: Kellemes tapint\u00e1s\u00fa ruh\u00e1k sz\u00e1r\u00edt\u00f3g\u00e9p haszn\u00e1lata ut\u00e1n is.<\/li>\n<li><strong>K\u00f6rnyezetbar\u00e1t<\/strong>: Biol\u00f3giailag leboml\u00f3 \u00f6sszetev\u0151k, nem szennyezi az \u00e9l\u0151vizeket.<\/li>\n<li><strong>K\u00f6nnyebb vasal\u00e1s<\/strong>: Cs\u00f6kkenti a gy\u0171r\u0151d\u00e9st.<\/li>\n<li><strong>Gazdas\u00e1gos adagol\u00e1s<\/strong>: 1 liter \u00f6bl\u00edt\u0151b\u0151l 5 liter k\u00e9sz\u00edthet\u0151.<\/li>\n<li><strong>\u00dajrat\u00f6lthet\u0151 flakon<\/strong>: Fenntarthat\u00f3 v\u00e1laszt\u00e1s a k\u00f6rnyezet\u00e9rt.<\/li>\n<\/ul>\n<p>A Naturcleaning Ocean \u00f6bl\u00edt\u0151 puh\u00e1v\u00e1 var\u00e1zsolja ruh\u00e1idat, \u00e9s friss illat\u00e1val energikus \u00e9rz\u00e9st k\u00f6lcs\u00f6n\u00f6z. Fedezd fel a term\u00e9szet erej\u00e9t, \u00e9s \u00e9lvezd a hosszan tart\u00f3 frissess\u00e9get!<\/p>","protected":false},"excerpt":{"rendered":"<p>Naturcleaning \u00d6bl\u00edt\u0151 Koncentr\u00e1tum Ocean 4 liter \u00c9lvezd a ruh\u00e1id frissess\u00e9g\u00e9t a Naturcleaning term\u00e9szetes \u00f6bl\u00edt\u0151 koncentr\u00e1tummal, amely h\u0171s\u00edt\u0151, tiszta illat\u00e1val ak\u00e1r heteken \u00e1t k\u00e9nyeztet! Ez a Green Brand d\u00edjas, magyar term\u00e9k k\u00f6rnyezettudatos megold\u00e1s, n\u00f6v\u00e9nyi \u00f6sszetev\u0151kb\u0151l k\u00e9sz\u00fclt, hipoallerg\u00e9n, \u00e9s mentes a foszf\u00e1tokt\u00f3l, kl\u00f3rt\u00f3l, parab\u00e9nekt\u0151l, p\u00e1lmaolajt\u00f3l, \u00e9s \u00e1llatk\u00eds\u00e9rletekt\u0151l. F\u0151bb jellemz\u0151k: Friss, h\u0171s\u00edt\u0151 illat: Kellemes tapint\u00e1s\u00fa ruh\u00e1k sz\u00e1r\u00edt\u00f3g\u00e9p haszn\u00e1lata [&hellip;]<\/p>\n","protected":false},"featured_media":26924,"comment_status":"open","ping_status":"closed","template":"","meta":{"_acf_changed":false},"product_brand":[],"product_cat":[18],"product_tag":[695],"class_list":{"0":"post-29254","1":"product","2":"type-product","3":"status-publish","4":"has-post-thumbnail","6":"product_cat-oblito-koncentratum","7":"product_tag-200-mosas","9":"first","10":"instock","11":"shipping-taxable","12":"purchasable","13":"product-type-simple"},"acf":[],"_links":{"self":[{"href":"https:\/\/naturcleaning.hu\/en\/wp-json\/wp\/v2\/product\/29254","targetHints":{"allow":["GET"]}}],"collection":[{"href":"https:\/\/naturcleaning.hu\/en\/wp-json\/wp\/v2\/product"}],"about":[{"href":"https:\/\/naturcleaning.hu\/en\/wp-json\/wp\/v2\/types\/product"}],"replies":[{"embeddable":true,"href":"https:\/\/naturcleaning.hu\/en\/wp-json\/wp\/v2\/comments?post=29254"}],"wp:featuredmedia":[{"embeddable":true,"href":"https:\/\/naturcleaning.hu\/en\/wp-json\/wp\/v2\/media\/26924"}],"wp:attachment":[{"href":"https:\/\/naturcleaning.hu\/en\/wp-json\/wp\/v2\/media?parent=29254"}],"wp:term":[{"taxonomy":"product_brand","embeddable":true,"href":"https:\/\/naturcleaning.hu\/en\/wp-json\/wp\/v2\/product_brand?post=29254"},{"taxonomy":"product_cat","embeddable":true,"href":"https:\/\/naturcleaning.hu\/en\/wp-json\/wp\/v2\/product_cat?post=29254"},{"taxonomy":"product_tag","embeddable":true,"href":"https:\/\/naturcleaning.hu\/en\/wp-json\/wp\/v2\/product_tag?post=29254"}],"curies":[{"name":"wp","href":"https:\/\/api.w.org\/{rel}","templated":true}]}}