{"id":29147,"date":"2024-09-23T10:01:08","date_gmt":"2024-09-23T10:01:08","guid":{"rendered":"https:\/\/naturcleaning.hu\/?post_type=product&#038;p=29147"},"modified":"2025-09-16T19:10:16","modified_gmt":"2025-09-16T19:10:16","slug":"adagolo-kupak-125-ml","status":"publish","type":"product","link":"https:\/\/naturcleaning.hu\/en\/product\/adagolo-kupak-125-ml\/","title":{"rendered":"Adagol\u00f3 kupak 125 ml"},"content":{"rendered":"<p>25 ml-k\u00e9nt m\u00e9rc\u00e9zett adagol\u00f3 g\u00f6mb foly\u00e9kony mos\u00f3szer vagy \u00f6bl\u00edt\u0151 adagol\u00e1s\u00e1hoz.<\/p>","protected":false},"excerpt":{"rendered":"<p>25 ml-k\u00e9nt m\u00e9rc\u00e9zett adagol\u00f3 g\u00f6mb foly\u00e9kony mos\u00f3szer vagy \u00f6bl\u00edt\u0151 adagol\u00e1s\u00e1hoz.<\/p>","protected":false},"featured_media":29152,"comment_status":"open","ping_status":"closed","template":"","meta":{"_acf_changed":false},"product_brand":[],"product_cat":[24,26,17],"product_tag":[],"class_list":{"0":"post-29147","1":"product","2":"type-product","3":"status-publish","4":"has-post-thumbnail","6":"product_cat-altalanos-tisztito-es-felmososzer","7":"product_cat-bio-torlokendo-mosogatoszivacs-szemeteszsak","8":"product_cat-mososzer","10":"first","11":"instock","12":"shipping-taxable","13":"purchasable","14":"product-type-simple"},"acf":[],"_links":{"self":[{"href":"https:\/\/naturcleaning.hu\/en\/wp-json\/wp\/v2\/product\/29147","targetHints":{"allow":["GET"]}}],"collection":[{"href":"https:\/\/naturcleaning.hu\/en\/wp-json\/wp\/v2\/product"}],"about":[{"href":"https:\/\/naturcleaning.hu\/en\/wp-json\/wp\/v2\/types\/product"}],"replies":[{"embeddable":true,"href":"https:\/\/naturcleaning.hu\/en\/wp-json\/wp\/v2\/comments?post=29147"}],"wp:featuredmedia":[{"embeddable":true,"href":"https:\/\/naturcleaning.hu\/en\/wp-json\/wp\/v2\/media\/29152"}],"wp:attachment":[{"href":"https:\/\/naturcleaning.hu\/en\/wp-json\/wp\/v2\/media?parent=29147"}],"wp:term":[{"taxonomy":"product_brand","embeddable":true,"href":"https:\/\/naturcleaning.hu\/en\/wp-json\/wp\/v2\/product_brand?post=29147"},{"taxonomy":"product_cat","embeddable":true,"href":"https:\/\/naturcleaning.hu\/en\/wp-json\/wp\/v2\/product_cat?post=29147"},{"taxonomy":"product_tag","embeddable":true,"href":"https:\/\/naturcleaning.hu\/en\/wp-json\/wp\/v2\/product_tag?post=29147"}],"curies":[{"name":"wp","href":"https:\/\/api.w.org\/{rel}","templated":true}]}}