{"id":291,"date":"2021-05-31T18:09:55","date_gmt":"2021-05-31T18:09:55","guid":{"rendered":"https:\/\/cudyfuture.nomaddigital.hu\/?post_type=product&#038;p=291"},"modified":"2024-12-03T09:56:08","modified_gmt":"2024-12-03T09:56:08","slug":"naturcleaning-pomegranate-noi-tusfurdo-250-ml","status":"publish","type":"product","link":"https:\/\/naturcleaning.hu\/en\/product\/naturcleaning-pomegranate-noi-tusfurdo-250-ml\/","title":{"rendered":"Naturcleaning Gr\u00e1n\u00e1talma N\u0151i tusf\u00fcrd\u0151 250 ml"},"content":{"rendered":"<p>Naturcleaning Pomegranate tusf\u00fcrd\u0151 arg\u00e1n olajjal<\/p>\n<p>Start your skin care right in the shower and take in this special, argan oil shower gel that transforms into a creamy, velvety foam when it comes in contact with your wet skin. It gently cleanses without drying out your skin and helps retain its natural moisture content.<\/p>\n<p>Our goal with our NATURCLEANING philosophy of life and environmentally friendly products is to contribute to a clean, healthy home and work environment while taking as little space as possible away from wildlife and continuously reducing our ecological footprint.<\/p>","protected":false},"excerpt":{"rendered":"<p>Naturcleaning Pomegranate tusf\u00fcrd\u0151 arg\u00e1n olajjal Kezdd a b\u0151r\u00e1pol\u00e1st m\u00e1r a tusol\u00e1sn\u00e1l, \u00e9s vesd be ezt a k\u00fcl\u00f6nleges, arg\u00e1n olajos tusf\u00fcrd\u0151t, amely a nedves b\u0151r\u00f6ddel \u00e9rintkezve kr\u00e9mes, b\u00e1rsonyos habb\u00e1 alakul \u00e1t. Gyeng\u00e9den tiszt\u00edt, an\u00e9lk\u00fcl, hogy kisz\u00e1r\u00edtan\u00e1 a b\u0151r\u00f6d, \u00e9s seg\u00edt meg\u0151rizni annak term\u00e9szetes nedvess\u00e9gtartalm\u00e1t. C\u00e9lunk, hogy NATURCLEANING \u00e9letfiloz\u00f3fi\u00e1nkkal \u00e9s k\u00f6rnyezetbar\u00e1t term\u00e9keinkkel hozz\u00e1j\u00e1ruljunk a tiszta eg\u00e9szs\u00e9ges otthon [&hellip;]<\/p>\n","protected":false},"featured_media":27859,"comment_status":"open","ping_status":"closed","template":"","meta":{"_acf_changed":false},"product_brand":[],"product_cat":[21],"product_tag":[],"class_list":{"0":"post-291","1":"product","2":"type-product","3":"status-publish","4":"has-post-thumbnail","6":"product_cat-tusfurdok-szappanok-es-kozmetikumok","8":"first","9":"instock","10":"shipping-taxable","11":"purchasable","12":"product-type-simple"},"acf":[],"_links":{"self":[{"href":"https:\/\/naturcleaning.hu\/en\/wp-json\/wp\/v2\/product\/291","targetHints":{"allow":["GET"]}}],"collection":[{"href":"https:\/\/naturcleaning.hu\/en\/wp-json\/wp\/v2\/product"}],"about":[{"href":"https:\/\/naturcleaning.hu\/en\/wp-json\/wp\/v2\/types\/product"}],"replies":[{"embeddable":true,"href":"https:\/\/naturcleaning.hu\/en\/wp-json\/wp\/v2\/comments?post=291"}],"wp:featuredmedia":[{"embeddable":true,"href":"https:\/\/naturcleaning.hu\/en\/wp-json\/wp\/v2\/media\/27859"}],"wp:attachment":[{"href":"https:\/\/naturcleaning.hu\/en\/wp-json\/wp\/v2\/media?parent=291"}],"wp:term":[{"taxonomy":"product_brand","embeddable":true,"href":"https:\/\/naturcleaning.hu\/en\/wp-json\/wp\/v2\/product_brand?post=291"},{"taxonomy":"product_cat","embeddable":true,"href":"https:\/\/naturcleaning.hu\/en\/wp-json\/wp\/v2\/product_cat?post=291"},{"taxonomy":"product_tag","embeddable":true,"href":"https:\/\/naturcleaning.hu\/en\/wp-json\/wp\/v2\/product_tag?post=291"}],"curies":[{"name":"wp","href":"https:\/\/api.w.org\/{rel}","templated":true}]}}