{"id":29005,"date":"2024-09-10T11:47:36","date_gmt":"2024-09-10T11:47:36","guid":{"rendered":"https:\/\/naturcleaning.hu\/?post_type=product&#038;p=29005"},"modified":"2025-10-22T21:15:17","modified_gmt":"2025-10-22T21:15:17","slug":"amikor-beut-a-cukor-ling-balogh-erna","status":"publish","type":"product","link":"https:\/\/naturcleaning.hu\/en\/product\/amikor-beut-a-cukor-ling-balogh-erna\/","title":{"rendered":"Amikor be\u00fct a cukor (Ling-Balogh Erna)"},"content":{"rendered":"<div class=\"prod-title\">\n<div class=\"prod-title\">\n<div class=\"prod-title\">\n<p>Izolda: 13 \u00e9ves vagyok, van egy majom b\u00e1ty\u00e1m, \u00e9s szerelmes vagyok az \u00fasz\u00e1sba. Az \u00e9letem f\u00e9l \u00e9vvel ezel\u0151tt kifordult a n\u00e9gy sark\u00e1b\u00f3l. Diab\u00e9teszes lettem, \u00fagyhogy a napjaim anya vizslat\u00f3 tekintete mellett v\u00e9rcukorm\u00e9r\u00e9sb\u0151l, inzulinadagol\u00e1sb\u00f3l \u00e9s di\u00e9t\u00e1z\u00e1sb\u00f3l \u00e1llnak. A testem megv\u00e1ltozott, de nem csak \u00fagy, ahogy a kort\u00e1rsaimnak, a lehet\u0151s\u00e9geim sz\u0171k\u00fcltek, a vil\u00e1got pillanatnyilag el\u00e9gg\u00e9 ut\u00e1lom. Nem akarok t\u00e1borozni, inzulinpump\u00e1t viselni, s\u0151t, ha lehet, nem is sz\u00f3ln\u00e9k senkihez. K\u00f6sz\u00f6n\u00f6m a figyelmet!<\/p>\n<p>Panka: Annyira v\u00e1rom a diab\u00e9teszes t\u00e1bort! Addig is shoppingolok any\u00e1val, ott alv\u00f3s bulikat tartunk Lill\u00e1val, \u00e9s elmegyek az orvosomhoz is, hogy megn\u00e9zz\u00fck az \u00e9rt\u00e9keimet. A fi\u00fakkal lesz\u00e1moltam, f\u0151leg azokkal, akik eg\u00e9szs\u00e9gesek, de am\u00fagy j\u00f3l vagyok. Minden reggel pozit\u00edv meger\u0151s\u00edt\u00e9sekkel ind\u00edtom a napot, az \u00e1gyam alatt rejtegetem a rajzaimat, \u00e9s im\u00e1dom a t\u00e1bort. Vagy ezt m\u00e1r mondtam?<\/p>\n<p>M\u00f3r: Fesztiv\u00e1lozni akartam azon a h\u00e9ten, v\u00e1god? De most ott tartunk, hogy a h\u00fagomat, Izzit kell elk\u00eds\u00e9rnem egy t\u00e1borba, amir\u0151l semmit nem tudok, \u00e9s nem is \u00e9rdekel. Arr\u00f3l m\u00e1r ne is besz\u00e9lj\u00fcnk, hogy a csal\u00e1dom f\u00e9l \u00e9ve \u00e1tn\u00e9z rajtam, mert minden perc\u00fcket sz\u00e9nhidr\u00e1t t\u00e1bl\u00e1zatok f\u00f6l\u00f6tt t\u00f6ltik. Az persze felt\u0171nik nekik, amikor picik\u00e9t k\u00e9sek otthonr\u00f3l egy buli ut\u00e1n...<\/p>\n<table>\n<tbody>\n<tr>\n<th>Kiad\u00e1s \u00e9ve<\/th>\n<td>2021<\/td>\n<\/tr>\n<tr>\n<th>Nyelv<\/th>\n<td>MAGYAR<\/td>\n<\/tr>\n<tr>\n<th>Oldalak sz\u00e1ma:<\/th>\n<td>344<\/td>\n<\/tr>\n<tr>\n<th>Bor\u00edt\u00f3<\/th>\n<td>PUHAT\u00c1BL\u00c1S, RAGASZT\u00d3K\u00d6T\u00d6TT<\/td>\n<\/tr>\n<tr>\n<th>S\u00faly<\/th>\n<td>386 gr<\/td>\n<\/tr>\n<\/tbody>\n<\/table>\n<\/div>\n<\/div>\n<\/div>","protected":false},"excerpt":{"rendered":"<p>Izolda: 13 \u00e9ves vagyok, van egy majom b\u00e1ty\u00e1m, \u00e9s szerelmes vagyok az \u00fasz\u00e1sba. Az \u00e9letem f\u00e9l \u00e9vvel ezel\u0151tt kifordult a n\u00e9gy sark\u00e1b\u00f3l. Diab\u00e9teszes lettem, \u00fagyhogy a napjaim anya vizslat\u00f3 tekintete mellett v\u00e9rcukorm\u00e9r\u00e9sb\u0151l, inzulinadagol\u00e1sb\u00f3l \u00e9s di\u00e9t\u00e1z\u00e1sb\u00f3l \u00e1llnak. A testem megv\u00e1ltozott, de nem csak \u00fagy, ahogy a kort\u00e1rsaimnak, a lehet\u0151s\u00e9geim sz\u0171k\u00fcltek, a vil\u00e1got pillanatnyilag el\u00e9gg\u00e9 ut\u00e1lom. Nem [&hellip;]<\/p>\n","protected":false},"featured_media":29006,"comment_status":"open","ping_status":"closed","template":"","meta":{"_acf_changed":false},"product_brand":[],"product_cat":[35],"product_tag":[],"class_list":{"0":"post-29005","1":"product","2":"type-product","3":"status-publish","4":"has-post-thumbnail","6":"product_cat-szakkonyv","8":"first","9":"instock","10":"shipping-taxable","11":"purchasable","12":"product-type-simple"},"acf":[],"_links":{"self":[{"href":"https:\/\/naturcleaning.hu\/en\/wp-json\/wp\/v2\/product\/29005","targetHints":{"allow":["GET"]}}],"collection":[{"href":"https:\/\/naturcleaning.hu\/en\/wp-json\/wp\/v2\/product"}],"about":[{"href":"https:\/\/naturcleaning.hu\/en\/wp-json\/wp\/v2\/types\/product"}],"replies":[{"embeddable":true,"href":"https:\/\/naturcleaning.hu\/en\/wp-json\/wp\/v2\/comments?post=29005"}],"wp:featuredmedia":[{"embeddable":true,"href":"https:\/\/naturcleaning.hu\/en\/wp-json\/wp\/v2\/media\/29006"}],"wp:attachment":[{"href":"https:\/\/naturcleaning.hu\/en\/wp-json\/wp\/v2\/media?parent=29005"}],"wp:term":[{"taxonomy":"product_brand","embeddable":true,"href":"https:\/\/naturcleaning.hu\/en\/wp-json\/wp\/v2\/product_brand?post=29005"},{"taxonomy":"product_cat","embeddable":true,"href":"https:\/\/naturcleaning.hu\/en\/wp-json\/wp\/v2\/product_cat?post=29005"},{"taxonomy":"product_tag","embeddable":true,"href":"https:\/\/naturcleaning.hu\/en\/wp-json\/wp\/v2\/product_tag?post=29005"}],"curies":[{"name":"wp","href":"https:\/\/api.w.org\/{rel}","templated":true}]}}