{"id":289,"date":"2021-05-31T18:07:58","date_gmt":"2021-05-31T18:07:58","guid":{"rendered":"https:\/\/cudyfuture.nomaddigital.hu\/?post_type=product&#038;p=289"},"modified":"2024-12-03T09:57:03","modified_gmt":"2024-12-03T09:57:03","slug":"naturcleaning-hero-ferfi-tusfurdo-250-ml","status":"publish","type":"product","link":"https:\/\/naturcleaning.hu\/en\/product\/naturcleaning-hero-ferfi-tusfurdo-250-ml\/","title":{"rendered":"HERO hypoallergenic men's shower gel with argan oil"},"content":{"rendered":"<p>HERO hypoallergenic men's shower gel with argan oil<\/p>\n<p>No matter how exhausting the day, Naturcleaning Hero Shower Gel will help you freshen up and unfold! A seductive, masculine scent that makes you irresistible! It gently cleanses without drying out your skin and helps retain its natural moisture content.<\/p>\n<p>Our goal with our NATURCLEANING philosophy of life and environmentally friendly products is to contribute to a clean, healthy home and work environment while taking as little space as possible away from wildlife and continuously reducing our ecological footprint.<\/p>","protected":false},"excerpt":{"rendered":"<p>HERO hypoallergen F\u00e9rfi tusf\u00fcrd\u0151 arg\u00e1n olajjal B\u00e1rmennyire is kimer\u00edt\u0151 volt a nap a Naturcleaning Hero tusf\u00fcrd\u0151 seg\u00edt felfriss\u00fclni \u00e9s kibontakozni! Cs\u00e1b\u00edt\u00f3, f\u00e9rfias illat, amely ellen\u00e1lhatatlann\u00e1 tesz! Gyeng\u00e9den tiszt\u00edt, an\u00e9lk\u00fcl, hogy kisz\u00e1r\u00edtan\u00e1 a b\u0151r\u00f6d, \u00e9s seg\u00edt meg\u0151rizni annak term\u00e9szetes nedvess\u00e9gtartalm\u00e1t. C\u00e9lunk, hogy NATURCLEANING \u00e9letfiloz\u00f3fi\u00e1nkkal \u00e9s k\u00f6rnyezetbar\u00e1t term\u00e9keinkkel hozz\u00e1j\u00e1ruljunk a tiszta eg\u00e9szs\u00e9ges otthon \u00e9s munkak\u00f6rnyezet kialak\u00edt\u00e1s\u00e1hoz, mik\u00f6zben [&hellip;]<\/p>\n","protected":false},"featured_media":27860,"comment_status":"open","ping_status":"closed","template":"","meta":{"_acf_changed":false},"product_brand":[],"product_cat":[21],"product_tag":[],"class_list":{"0":"post-289","1":"product","2":"type-product","3":"status-publish","4":"has-post-thumbnail","6":"product_cat-tusfurdok-szappanok-es-kozmetikumok","8":"first","9":"instock","10":"shipping-taxable","11":"purchasable","12":"product-type-simple"},"acf":[],"_links":{"self":[{"href":"https:\/\/naturcleaning.hu\/en\/wp-json\/wp\/v2\/product\/289","targetHints":{"allow":["GET"]}}],"collection":[{"href":"https:\/\/naturcleaning.hu\/en\/wp-json\/wp\/v2\/product"}],"about":[{"href":"https:\/\/naturcleaning.hu\/en\/wp-json\/wp\/v2\/types\/product"}],"replies":[{"embeddable":true,"href":"https:\/\/naturcleaning.hu\/en\/wp-json\/wp\/v2\/comments?post=289"}],"wp:featuredmedia":[{"embeddable":true,"href":"https:\/\/naturcleaning.hu\/en\/wp-json\/wp\/v2\/media\/27860"}],"wp:attachment":[{"href":"https:\/\/naturcleaning.hu\/en\/wp-json\/wp\/v2\/media?parent=289"}],"wp:term":[{"taxonomy":"product_brand","embeddable":true,"href":"https:\/\/naturcleaning.hu\/en\/wp-json\/wp\/v2\/product_brand?post=289"},{"taxonomy":"product_cat","embeddable":true,"href":"https:\/\/naturcleaning.hu\/en\/wp-json\/wp\/v2\/product_cat?post=289"},{"taxonomy":"product_tag","embeddable":true,"href":"https:\/\/naturcleaning.hu\/en\/wp-json\/wp\/v2\/product_tag?post=289"}],"curies":[{"name":"wp","href":"https:\/\/api.w.org\/{rel}","templated":true}]}}