{"id":28589,"date":"2024-09-02T06:39:13","date_gmt":"2024-09-02T06:39:13","guid":{"rendered":"https:\/\/naturcleaning.hu\/?post_type=product&#038;p=28589"},"modified":"2024-10-27T20:11:00","modified_gmt":"2024-10-27T20:11:00","slug":"naturcleaning-mosogatoszer-almaecetes-zoldalma-illattal-5-liter","status":"publish","type":"product","link":"https:\/\/naturcleaning.hu\/en\/product\/naturcleaning-mosogatoszer-almaecetes-zoldalma-illattal-5-liter\/","title":{"rendered":"Naturcleaning Mosogat\u00f3szer Almaecetes z\u00f6ldalma illattal 5 liter"},"content":{"rendered":"<p>VEG\u00c1N-nem tartalmaz \u00e1llati eredet\u0171 anyagokat. Term\u00e9szetes n\u00f6v\u00e9nyi er\u0151vel oldja a szennyez\u0151d\u00e9seket, mik\u00f6zben v\u00e9di a b\u0151rt a kisz\u00e1rad\u00e1st\u00f3l, \u00e9s hidrat\u00e1lja kezeit. Biol\u00f3giailag j\u00f3l leboml\u00f3 fel\u00fcletakt\u00edv anyagokat tartalmaz.<\/p>\n<p>A benne l\u00e9v\u0151 almaecet k\u00e9pes feloldani a szennyez\u0151d\u00e9seket, zs\u00edrokat \u00e9s \u00e1sv\u00e1nyi lerak\u00f3d\u00e1sokat, Szagtalan\u00edt\u00f3, ami azt jelenti, hogy semleges\u00edti a kellemetlen szagokat.<\/p>\n<p>&nbsp;<\/p>\n<p><strong>Green dishes for washing dishes:<\/strong><\/p>\n<p>Warm water alone is degreasing, use only the amount of washing up liquid you need.<\/p>\n<p>To save water, do not wash in running water.<\/p>\n<p>Dilute the detergent concentrate 2-5 times to make it easier to add.<\/p>\n<p>Soak dried or burnt dishes in washing-up water, preferring mechanical cleaning.<\/p>\n<p>Do not leave washing up liquid in the bottle, rinse with water during the last use. Without rinsing, up to two dishwashing liquid  can stick to the wall of the bottle.<\/p>\n<p>&nbsp;<\/p>\n<p><strong>Haszn\u00e1lat<\/strong>:<\/p>\n<p>Tegyen egy kis mennyis\u00e9get ( kb. 1 tk 5 liter v\u00edzhez), a meleg vagy forr\u00f3 mosogat\u00f3v\u00edzbe. Er\u0151s szennyez\u0151d\u00e9sek, vagy nagyon zs\u00edros ed\u00e9nyek eset\u00e9n, a d\u00f3zis n\u00f6velhet\u0151.<\/p>","protected":false},"excerpt":{"rendered":"<p>VEG\u00c1N-nem tartalmaz \u00e1llati eredet\u0171 anyagokat. Term\u00e9szetes n\u00f6v\u00e9nyi er\u0151vel oldja a szennyez\u0151d\u00e9seket, mik\u00f6zben v\u00e9di a b\u0151rt a kisz\u00e1rad\u00e1st\u00f3l, \u00e9s hidrat\u00e1lja kezeit. Biol\u00f3giailag j\u00f3l leboml\u00f3 fel\u00fcletakt\u00edv anyagokat tartalmaz. A benne l\u00e9v\u0151 almaecet k\u00e9pes feloldani a szennyez\u0151d\u00e9seket, zs\u00edrokat \u00e9s \u00e1sv\u00e1nyi lerak\u00f3d\u00e1sokat, Szagtalan\u00edt\u00f3, ami azt jelenti, hogy semleges\u00edti a kellemetlen szagokat. &nbsp; Z\u00f6ld tippek mosogat\u00e1shoz: A meleg v\u00edz \u00f6nmag\u00e1ban [&hellip;]<\/p>\n","protected":false},"featured_media":28594,"comment_status":"open","ping_status":"closed","template":"","meta":{"_acf_changed":false},"product_brand":[],"product_cat":[19],"product_tag":[658],"class_list":{"0":"post-28589","1":"product","2":"type-product","3":"status-publish","4":"has-post-thumbnail","6":"product_cat-mosogatoszer","7":"product_tag-uj-termek","9":"first","10":"instock","11":"shipping-taxable","12":"purchasable","13":"product-type-simple"},"acf":[],"_links":{"self":[{"href":"https:\/\/naturcleaning.hu\/en\/wp-json\/wp\/v2\/product\/28589","targetHints":{"allow":["GET"]}}],"collection":[{"href":"https:\/\/naturcleaning.hu\/en\/wp-json\/wp\/v2\/product"}],"about":[{"href":"https:\/\/naturcleaning.hu\/en\/wp-json\/wp\/v2\/types\/product"}],"replies":[{"embeddable":true,"href":"https:\/\/naturcleaning.hu\/en\/wp-json\/wp\/v2\/comments?post=28589"}],"wp:featuredmedia":[{"embeddable":true,"href":"https:\/\/naturcleaning.hu\/en\/wp-json\/wp\/v2\/media\/28594"}],"wp:attachment":[{"href":"https:\/\/naturcleaning.hu\/en\/wp-json\/wp\/v2\/media?parent=28589"}],"wp:term":[{"taxonomy":"product_brand","embeddable":true,"href":"https:\/\/naturcleaning.hu\/en\/wp-json\/wp\/v2\/product_brand?post=28589"},{"taxonomy":"product_cat","embeddable":true,"href":"https:\/\/naturcleaning.hu\/en\/wp-json\/wp\/v2\/product_cat?post=28589"},{"taxonomy":"product_tag","embeddable":true,"href":"https:\/\/naturcleaning.hu\/en\/wp-json\/wp\/v2\/product_tag?post=28589"}],"curies":[{"name":"wp","href":"https:\/\/api.w.org\/{rel}","templated":true}]}}