{"id":283,"date":"2021-05-31T18:01:01","date_gmt":"2021-05-31T16:01:01","guid":{"rendered":"https:\/\/cudyfuture.nomaddigital.hu\/?post_type=product&#038;p=283"},"modified":"2025-10-24T15:09:55","modified_gmt":"2025-10-24T15:09:55","slug":"be-clean-hand-folyekony-szappan","status":"publish","type":"product","link":"https:\/\/naturcleaning.hu\/en\/product\/be-clean-hand-folyekony-szappan\/","title":{"rendered":"Be Clean Hand liquid soap"},"content":{"rendered":"<p>Be Clean Hand liquid soap is a pleasant-smelling hand wash. Phosphate, chlorine and paraben free, vegan free, cruelty-free and palm oil free. Effectively cleanses hands while caring for skin-protective additives.<\/p>\n<p>Be Clean Hand liquid soap is temporarily sold with a dispensing cap.<\/p>\n<p>A Be Clean Hand foly\u00e9kony szappant \u00e1tmenetileg adagol\u00f3s kupakkal \u00e9rt\u00e9kes\u00edtj\u00fck.<\/p>\n<p><strong>Ingredients<\/strong> Aqua, Sodium Laureth Sulfate, Sodium Chloride, Cocamidopropyl Betaine, Glycerin, Phenoxyethanol, Caprylyl Glycol, Perfume, Vitis Vinifera (Grape) Seed Oil, Colorant. Warnings: Avoid contact with eyes during use. In case of contact with eyes, rinse immediately with plenty of water.<\/p>","protected":false},"excerpt":{"rendered":"<p>A Be Clean Hand foly\u00e9kony szappan egy kellemes illat\u00fa k\u00e9zmos\u00f3. Foszf\u00e1t-, kl\u00f3r,- \u00e9s parab\u00e9nmentes, veg\u00e1n, \u00e1llatk\u00eds\u00e9rlet,- \u00e9s p\u00e1lmaolaj mentes. Hat\u00e9konyan tiszt\u00edtja a kezet, mik\u00f6zben b\u0151rv\u00e9d\u0151 adal\u00e9kanyagokkal \u00e1pol. A sz\u0151l\u0151magolaj a b\u0151r fels\u0151 r\u00e9tegeit vitaminnal l\u00e1tja el, regener\u00e1l \u00e9s g\u00e1tolja a kisz\u00e1rad\u00e1st. 1 ml-t adagoljunk a k\u00e9zre, majd b\u0151 v\u00edzzel \u00f6bl\u00edts\u00fck le. A Be Clean Hand [&hellip;]<\/p>\n","protected":false},"featured_media":27867,"comment_status":"open","ping_status":"closed","template":"","meta":{"_acf_changed":false},"product_brand":[],"product_cat":[21],"product_tag":[],"class_list":{"0":"post-283","1":"product","2":"type-product","3":"status-publish","4":"has-post-thumbnail","6":"product_cat-tusfurdok-szappanok-es-kozmetikumok","8":"first","9":"instock","10":"shipping-taxable","11":"purchasable","12":"product-type-variable"},"acf":[],"_links":{"self":[{"href":"https:\/\/naturcleaning.hu\/en\/wp-json\/wp\/v2\/product\/283","targetHints":{"allow":["GET"]}}],"collection":[{"href":"https:\/\/naturcleaning.hu\/en\/wp-json\/wp\/v2\/product"}],"about":[{"href":"https:\/\/naturcleaning.hu\/en\/wp-json\/wp\/v2\/types\/product"}],"replies":[{"embeddable":true,"href":"https:\/\/naturcleaning.hu\/en\/wp-json\/wp\/v2\/comments?post=283"}],"wp:featuredmedia":[{"embeddable":true,"href":"https:\/\/naturcleaning.hu\/en\/wp-json\/wp\/v2\/media\/27867"}],"wp:attachment":[{"href":"https:\/\/naturcleaning.hu\/en\/wp-json\/wp\/v2\/media?parent=283"}],"wp:term":[{"taxonomy":"product_brand","embeddable":true,"href":"https:\/\/naturcleaning.hu\/en\/wp-json\/wp\/v2\/product_brand?post=283"},{"taxonomy":"product_cat","embeddable":true,"href":"https:\/\/naturcleaning.hu\/en\/wp-json\/wp\/v2\/product_cat?post=283"},{"taxonomy":"product_tag","embeddable":true,"href":"https:\/\/naturcleaning.hu\/en\/wp-json\/wp\/v2\/product_tag?post=283"}],"curies":[{"name":"wp","href":"https:\/\/api.w.org\/{rel}","templated":true}]}}