{"id":28223,"date":"2024-08-06T19:31:37","date_gmt":"2024-08-06T19:31:37","guid":{"rendered":"https:\/\/naturcleaning.hu\/?post_type=product&#038;p=28223"},"modified":"2026-03-18T23:35:45","modified_gmt":"2026-03-18T23:35:45","slug":"naturcleaning-wc-olaj-ocean-1-liter","status":"publish","type":"product","link":"https:\/\/naturcleaning.hu\/en\/product\/naturcleaning-wc-olaj-ocean-1-liter\/","title":{"rendered":"Naturcleaning WC olaj \u00d3ce\u00e1n 1 liter"},"content":{"rendered":"<p><strong>A t\u00f6k\u00e9letes megold\u00e1s a toalett higi\u00e9ni\u00e1ban!<\/strong><\/p>\n<p>A Naturcleaning \u00d3ce\u00e1n WC olaj seg\u00edt a tisztas\u00e1g fenntart\u00e1s\u00e1ban, kellemesen friss \u00e9s tiszta illatot biztos\u00edt a f\u00fcrd\u0151szob\u00e1ban, valamint eszt\u00e9tikus kieg\u00e9sz\u00edt\u0151je a helyis\u00e9gnek.<\/p>\n<p>Egyszer\u0171, gyors \u00e9s higi\u00e9nikus haszn\u00e1lat\u00e1val\u00a0<strong>a WC cs\u00e9sz\u00e9ket, piszo\u00e1rokat tiszt\u00edthatjuk \u00e9s hosszan tiszt\u00e1n tarthatjuk<\/strong>, hiszen speci\u00e1lis \u00f6sszetev\u0151inek k\u00f6sz\u00f6nhet\u0151en a kezelt fel\u00fcleten\u00a0<strong>v\u00e9kony filmr\u00e9teget k\u00e9pez, \u00edgy megakad\u00e1lyozza az \u00fajabb szennyez\u0151d\u00e9sek \u00e9s v\u00edzk\u0151 lerak\u00f3d\u00e1s\u00e1t.<\/strong><\/p>\n<p>A WC olaj k\u00f6rnyezetbar\u00e1t, magyar fejleszt\u00e9s\u0171 \u00e9s gy\u00e1rt\u00e1s\u00fa, term\u00e9szetes, foszf\u00e1t-, kl\u00f3r- \u00e9s parab\u00e9nmentes, p\u00e1lmaolaj mentes, veg\u00e1n, biol\u00f3giailag j\u00f3l leboml\u00f3, term\u00e9szetes \u00f6sszetev\u0151kb\u0151l k\u00e9sz\u00fclt WC higi\u00e9niai term\u00e9k.<\/p>\n<p>Egy-egy haszn\u00e1lat (kb. 2-5 spricc) ak\u00e1r\u00a0<strong>48 \u00f3r\u00e1s v\u00e9delmet \u00e9s friss illatot biztos\u00edt<\/strong>, \u00edgy haszn\u00e1lata gazdas\u00e1gosabb b\u00e1rmely m\u00e1s ismert megold\u00e1sn\u00e1l.<\/p>\n<p>A literes v\u00e1ltozat \u00a0ut\u00e1nt\u00f6lt\u0151 \u00e9s nincs hozz\u00e1 sz\u00f3r\u00f3fej.<\/p>\n<div class=\"oxy-inner-content ou-more-less-content\" data-speed=\"700\" data-height=\"250\" data-fadeeffect=\"no\">\n<div id=\"-product-description-11-41\" class=\"oxy-product-description oxy-woo-element\"><\/div>\n<\/div>","protected":false},"excerpt":{"rendered":"<p>A t\u00f6k\u00e9letes megold\u00e1s a toalett higi\u00e9ni\u00e1ban! A Naturcleaning \u00d3ce\u00e1n WC olaj seg\u00edt a tisztas\u00e1g fenntart\u00e1s\u00e1ban, kellemesen friss \u00e9s tiszta illatot biztos\u00edt a f\u00fcrd\u0151szob\u00e1ban, valamint eszt\u00e9tikus kieg\u00e9sz\u00edt\u0151je a helyis\u00e9gnek. Egyszer\u0171, gyors \u00e9s higi\u00e9nikus haszn\u00e1lat\u00e1val\u00a0a WC cs\u00e9sz\u00e9ket, piszo\u00e1rokat tiszt\u00edthatjuk \u00e9s hosszan tiszt\u00e1n tarthatjuk, hiszen speci\u00e1lis \u00f6sszetev\u0151inek k\u00f6sz\u00f6nhet\u0151en a kezelt fel\u00fcleten\u00a0v\u00e9kony filmr\u00e9teget k\u00e9pez, \u00edgy megakad\u00e1lyozza az \u00fajabb szennyez\u0151d\u00e9sek [&hellip;]<\/p>\n","protected":false},"featured_media":41024,"comment_status":"open","ping_status":"closed","template":"","meta":{"_acf_changed":false},"product_brand":[],"product_cat":[25],"product_tag":[],"class_list":{"0":"post-28223","1":"product","2":"type-product","3":"status-publish","4":"has-post-thumbnail","6":"product_cat-wc-higieniai-termek","8":"first","9":"instock","10":"shipping-taxable","11":"purchasable","12":"product-type-simple"},"acf":[],"_links":{"self":[{"href":"https:\/\/naturcleaning.hu\/en\/wp-json\/wp\/v2\/product\/28223","targetHints":{"allow":["GET"]}}],"collection":[{"href":"https:\/\/naturcleaning.hu\/en\/wp-json\/wp\/v2\/product"}],"about":[{"href":"https:\/\/naturcleaning.hu\/en\/wp-json\/wp\/v2\/types\/product"}],"replies":[{"embeddable":true,"href":"https:\/\/naturcleaning.hu\/en\/wp-json\/wp\/v2\/comments?post=28223"}],"wp:featuredmedia":[{"embeddable":true,"href":"https:\/\/naturcleaning.hu\/en\/wp-json\/wp\/v2\/media\/41024"}],"wp:attachment":[{"href":"https:\/\/naturcleaning.hu\/en\/wp-json\/wp\/v2\/media?parent=28223"}],"wp:term":[{"taxonomy":"product_brand","embeddable":true,"href":"https:\/\/naturcleaning.hu\/en\/wp-json\/wp\/v2\/product_brand?post=28223"},{"taxonomy":"product_cat","embeddable":true,"href":"https:\/\/naturcleaning.hu\/en\/wp-json\/wp\/v2\/product_cat?post=28223"},{"taxonomy":"product_tag","embeddable":true,"href":"https:\/\/naturcleaning.hu\/en\/wp-json\/wp\/v2\/product_tag?post=28223"}],"curies":[{"name":"wp","href":"https:\/\/api.w.org\/{rel}","templated":true}]}}