{"id":28023,"date":"2024-08-05T11:32:44","date_gmt":"2024-08-05T11:32:44","guid":{"rendered":"https:\/\/naturcleaning.hu\/?post_type=product&#038;p=28023"},"modified":"2025-10-08T10:15:03","modified_gmt":"2025-10-08T10:15:03","slug":"naturcleaning-mosopor-white-1-kg","status":"publish","type":"product","link":"https:\/\/naturcleaning.hu\/en\/product\/naturcleaning-mosopor-white-1-kg\/","title":{"rendered":"Naturcleaning Mos\u00f3por White 1 kg"},"content":{"rendered":"<p style=\"text-align: center\"><strong>Naturcleaning White Mos\u00f3por , a szuper feh\u00e9r ruh\u00e1khoz<\/strong><\/p>\n<p>A mos\u00f3por nem csak hat\u00e9konyan tiszt\u00edtja a feh\u00e9r ruh\u00e1kat eg\u00e9szen a sz\u00e1lak m\u00e9ly\u00e9n, de \u00f3vja \u0151ket a besz\u00fcrk\u00fcl\u00e9st\u0151l is. Magas tiszt\u00edt\u00f3 \u00e9s folttiszt\u00edt\u00f3 ereje elt\u00e1vol\u00edtja a makacs foltokat is, valamint semleges\u00edti a kellemetlen szagokat. Magas tiszt\u00edt\u00f3 \u00e9s folttiszt\u00edt\u00f3 erej\u00e9vel m\u00e1r 20\u00b0C-on hat\u00e9konyan tiszt\u00edt, \u00edgy energi\u00e1t sp\u00f3rolhat \u00e9s k\u00edm\u00e9li a k\u00f6rnyezetet. Gyapj\u00fa \u00e9s selyem mos\u00e1s\u00e1ra nem alkalmas. Minden mos\u00f3g\u00e9p t\u00edpushoz alkalmas. V\u00edzl\u00e1gy\u00edt\u00f3t tartalmaz.<\/p>","protected":false},"excerpt":{"rendered":"<p>Naturcleaning White Mos\u00f3por , a szuper feh\u00e9r ruh\u00e1khoz A mos\u00f3por nem csak hat\u00e9konyan tiszt\u00edtja a feh\u00e9r ruh\u00e1kat eg\u00e9szen a sz\u00e1lak m\u00e9ly\u00e9n, de \u00f3vja \u0151ket a besz\u00fcrk\u00fcl\u00e9st\u0151l is. Magas tiszt\u00edt\u00f3 \u00e9s folttiszt\u00edt\u00f3 ereje elt\u00e1vol\u00edtja a makacs foltokat is, valamint semleges\u00edti a kellemetlen szagokat. Magas tiszt\u00edt\u00f3 \u00e9s folttiszt\u00edt\u00f3 erej\u00e9vel m\u00e1r 20\u00b0C-on hat\u00e9konyan tiszt\u00edt, \u00edgy energi\u00e1t sp\u00f3rolhat \u00e9s [&hellip;]<\/p>\n","protected":false},"featured_media":28027,"comment_status":"open","ping_status":"closed","template":"","meta":{"_acf_changed":false},"product_brand":[],"product_cat":[17,720],"product_tag":[687,658],"class_list":{"0":"post-28023","1":"product","2":"type-product","3":"status-publish","4":"has-post-thumbnail","6":"product_cat-mososzer","7":"product_cat-ujdonsagok","8":"product_tag-20-mosas","9":"product_tag-uj-termek","11":"first","12":"instock","13":"shipping-taxable","14":"purchasable","15":"product-type-simple"},"acf":[],"_links":{"self":[{"href":"https:\/\/naturcleaning.hu\/en\/wp-json\/wp\/v2\/product\/28023","targetHints":{"allow":["GET"]}}],"collection":[{"href":"https:\/\/naturcleaning.hu\/en\/wp-json\/wp\/v2\/product"}],"about":[{"href":"https:\/\/naturcleaning.hu\/en\/wp-json\/wp\/v2\/types\/product"}],"replies":[{"embeddable":true,"href":"https:\/\/naturcleaning.hu\/en\/wp-json\/wp\/v2\/comments?post=28023"}],"wp:featuredmedia":[{"embeddable":true,"href":"https:\/\/naturcleaning.hu\/en\/wp-json\/wp\/v2\/media\/28027"}],"wp:attachment":[{"href":"https:\/\/naturcleaning.hu\/en\/wp-json\/wp\/v2\/media?parent=28023"}],"wp:term":[{"taxonomy":"product_brand","embeddable":true,"href":"https:\/\/naturcleaning.hu\/en\/wp-json\/wp\/v2\/product_brand?post=28023"},{"taxonomy":"product_cat","embeddable":true,"href":"https:\/\/naturcleaning.hu\/en\/wp-json\/wp\/v2\/product_cat?post=28023"},{"taxonomy":"product_tag","embeddable":true,"href":"https:\/\/naturcleaning.hu\/en\/wp-json\/wp\/v2\/product_tag?post=28023"}],"curies":[{"name":"wp","href":"https:\/\/api.w.org\/{rel}","templated":true}]}}