{"id":27904,"date":"2024-08-04T10:35:06","date_gmt":"2024-08-04T10:35:06","guid":{"rendered":"https:\/\/naturcleaning.hu\/?post_type=product&#038;p=27904"},"modified":"2026-02-11T17:45:32","modified_gmt":"2026-02-11T17:45:32","slug":"naturcleaning-padlotisztito-granatalma-1-liter","status":"publish","type":"product","link":"https:\/\/naturcleaning.hu\/en\/product\/naturcleaning-padlotisztito-granatalma-1-liter\/","title":{"rendered":"Naturcleaning Padl\u00f3tiszt\u00edt\u00f3 Gr\u00e1n\u00e1talma 1 liter"},"content":{"rendered":"<p><strong>Naturcleaning hipoallerg\u00e9n Padl\u00f3tiszt\u00edt\u00f3 Pomegranate illattal<\/strong><\/p>\n<p>A leggyorsabban koszol\u00f3d\u00f3 fel\u00fclet - \u00e9s egy\u00fattal a legl\u00e1tv\u00e1nyosabb tisztas\u00e1g \u00e9rzetet ad\u00f3 - a padl\u00f3. Lehet a padl\u00f3d k\u0151, parketta, haj\u00f3padl\u00f3, linoleum egy alapos felmos\u00e1s ut\u00e1n egyb\u0151l m\u00e1s \u00e9rz\u00e9sed van! Ehhez ny\u00fajt seg\u00edts\u00e9get a Naturcleaning Pomegranate Padl\u00f3tiszt\u00edt\u00f3ja, mely t\u00f6k\u00e9letesen tiszt\u00edt, viszont a sz\u00e1rad\u00e1s k\u00f6zben nem szabadulnak fel k\u00e1ros anyagok, \u00edgy teljesen biztons\u00e1gosan haszn\u00e1lhat\u00f3 kisgyermekes h\u00e1zban, vagy h\u00e1zi\u00e1llatok mellett is. <strong>VEG\u00c1N<\/strong> - nem tartalmaz \u00e1llati eredet\u0171 anyagokat. <strong>HIPOALLERG\u00c9N<\/strong> - olyan \u00f6sszetev\u0151ket tartalmaz, amelyek minimaliz\u00e1lj\u00e1k az allergi\u00e1s reakci\u00f3k kialakul\u00e1s\u00e1nak val\u00f3sz\u00edn\u0171s\u00e9g\u00e9t. Alkalmazhat\u00f3: fa padl\u00f3lap, j\u00e1r\u00f3lap, csempe, m\u00e1rv\u00e1ny, pvc. \u00c1ltal\u00e1nos felhaszn\u00e1l\u00e1sra k\u00e9sz\u00fclt minden fel\u00fclet\u0171 padl\u00f3 tiszt\u00edt\u00e1s\u00e1ra.<\/p>\n<p>&nbsp;<\/p>","protected":false},"excerpt":{"rendered":"<p>Naturcleaning hipoallerg\u00e9n Padl\u00f3tiszt\u00edt\u00f3 Pomegranate illattal A leggyorsabban koszol\u00f3d\u00f3 fel\u00fclet - \u00e9s egy\u00fattal a legl\u00e1tv\u00e1nyosabb tisztas\u00e1g \u00e9rzetet ad\u00f3 - a padl\u00f3. Lehet a padl\u00f3d k\u0151, parketta, haj\u00f3padl\u00f3, linoleum egy alapos felmos\u00e1s ut\u00e1n egyb\u0151l m\u00e1s \u00e9rz\u00e9sed van! Ehhez ny\u00fajt seg\u00edts\u00e9get a Naturcleaning Pomegranate Padl\u00f3tiszt\u00edt\u00f3ja, mely t\u00f6k\u00e9letesen tiszt\u00edt, viszont a sz\u00e1rad\u00e1s k\u00f6zben nem szabadulnak fel k\u00e1ros anyagok, \u00edgy [&hellip;]<\/p>\n","protected":false},"featured_media":27976,"comment_status":"open","ping_status":"closed","template":"","meta":{"_acf_changed":false},"product_brand":[],"product_cat":[24,645],"product_tag":[658],"class_list":{"0":"post-27904","1":"product","2":"type-product","3":"status-publish","4":"has-post-thumbnail","6":"product_cat-altalanos-tisztito-es-felmososzer","7":"product_cat-penztar_slider","8":"product_tag-uj-termek","10":"first","11":"instock","12":"shipping-taxable","13":"purchasable","14":"product-type-simple"},"acf":[],"_links":{"self":[{"href":"https:\/\/naturcleaning.hu\/en\/wp-json\/wp\/v2\/product\/27904","targetHints":{"allow":["GET"]}}],"collection":[{"href":"https:\/\/naturcleaning.hu\/en\/wp-json\/wp\/v2\/product"}],"about":[{"href":"https:\/\/naturcleaning.hu\/en\/wp-json\/wp\/v2\/types\/product"}],"replies":[{"embeddable":true,"href":"https:\/\/naturcleaning.hu\/en\/wp-json\/wp\/v2\/comments?post=27904"}],"wp:featuredmedia":[{"embeddable":true,"href":"https:\/\/naturcleaning.hu\/en\/wp-json\/wp\/v2\/media\/27976"}],"wp:attachment":[{"href":"https:\/\/naturcleaning.hu\/en\/wp-json\/wp\/v2\/media?parent=27904"}],"wp:term":[{"taxonomy":"product_brand","embeddable":true,"href":"https:\/\/naturcleaning.hu\/en\/wp-json\/wp\/v2\/product_brand?post=27904"},{"taxonomy":"product_cat","embeddable":true,"href":"https:\/\/naturcleaning.hu\/en\/wp-json\/wp\/v2\/product_cat?post=27904"},{"taxonomy":"product_tag","embeddable":true,"href":"https:\/\/naturcleaning.hu\/en\/wp-json\/wp\/v2\/product_tag?post=27904"}],"curies":[{"name":"wp","href":"https:\/\/api.w.org\/{rel}","templated":true}]}}