{"id":27800,"date":"2024-07-31T14:12:07","date_gmt":"2024-07-31T14:12:07","guid":{"rendered":"https:\/\/naturcleaning.hu\/?post_type=product&#038;p=27800"},"modified":"2026-01-04T19:24:14","modified_gmt":"2026-01-04T19:24:14","slug":"peksutemenyes-zsak-pul-belessel","status":"publish","type":"product","link":"https:\/\/naturcleaning.hu\/en\/product\/peksutemenyes-zsak-pul-belessel\/","title":{"rendered":"P\u00e9ks\u00fctem\u00e9nyes Zs\u00e1k PUL b\u00e9l\u00e9ssel"},"content":{"rendered":"<p>P\u00e9ks\u00fctem\u00e9nyes zs\u00e1k, frissentart\u00f3 PUL b\u00e9l\u00e9ssel, pamutv\u00e1szon k\u00fcls\u0151vel.<\/p>\n<p>\u00dajrafelhaszn\u00e1lhat\u00f3, kompakt p\u00e9ks\u00fctis zs\u00e1k a bolti egyszerhaszn\u00e1latos nylon\/pap\u00edrtasakok helyettes\u00edt\u00e9s\u00e9re.\u00a0 A PUL anyag egy v\u00edz\u00e1ll\u00f3, m\u00e9gis szell\u0151z\u0151 anyag, ami seg\u00edt frissen tartani az \u00e9telt. A zs\u00edn\u00f3ros r\u00f6gz\u00edt\u00e9snek k\u00f6sz\u00f6nhet\u0151en a zseml\u00e9k, kiflik, p\u00e9ks\u00fctem\u00e9nyek k\u00f6nnyen becsomagolhat\u00f3ak. A bels\u0151 fele vizes ruh\u00e1val tiszt\u00edthat\u00f3, vagy ak\u00e1r a mos\u00f3g\u00e9pben is moshat\u00f3.<\/p>\n<p>M\u00e9rete: 20x25 cm<\/p>\n<p>&nbsp;<\/p>","protected":false},"excerpt":{"rendered":"<p>P\u00e9ks\u00fctem\u00e9nyes zs\u00e1k, frissentart\u00f3 PUL b\u00e9l\u00e9ssel, pamutv\u00e1szon k\u00fcls\u0151vel. \u00dajrafelhaszn\u00e1lhat\u00f3, kompakt p\u00e9ks\u00fctis zs\u00e1k a bolti egyszerhaszn\u00e1latos nylon\/pap\u00edrtasakok helyettes\u00edt\u00e9s\u00e9re.\u00a0 A PUL anyag egy v\u00edz\u00e1ll\u00f3, m\u00e9gis szell\u0151z\u0151 anyag, ami seg\u00edt frissen tartani az \u00e9telt. A zs\u00edn\u00f3ros r\u00f6gz\u00edt\u00e9snek k\u00f6sz\u00f6nhet\u0151en a zseml\u00e9k, kiflik, p\u00e9ks\u00fctem\u00e9nyek k\u00f6nnyen becsomagolhat\u00f3ak. A bels\u0151 fele vizes ruh\u00e1val tiszt\u00edthat\u00f3, vagy ak\u00e1r a mos\u00f3g\u00e9pben is moshat\u00f3. M\u00e9rete: 20x25 cm [&hellip;]<\/p>\n","protected":false},"featured_media":27872,"comment_status":"open","ping_status":"closed","template":"","meta":{"_acf_changed":false},"product_brand":[],"product_cat":[32,37,36],"product_tag":[658],"class_list":{"0":"post-27800","1":"product","2":"type-product","3":"status-publish","4":"has-post-thumbnail","6":"product_cat-ajandekotletek","7":"product_cat-oko-taska","8":"product_cat-utazashoz","9":"product_tag-uj-termek","11":"first","12":"instock","13":"shipping-taxable","14":"purchasable","15":"product-type-simple"},"acf":[],"_links":{"self":[{"href":"https:\/\/naturcleaning.hu\/en\/wp-json\/wp\/v2\/product\/27800","targetHints":{"allow":["GET"]}}],"collection":[{"href":"https:\/\/naturcleaning.hu\/en\/wp-json\/wp\/v2\/product"}],"about":[{"href":"https:\/\/naturcleaning.hu\/en\/wp-json\/wp\/v2\/types\/product"}],"replies":[{"embeddable":true,"href":"https:\/\/naturcleaning.hu\/en\/wp-json\/wp\/v2\/comments?post=27800"}],"wp:featuredmedia":[{"embeddable":true,"href":"https:\/\/naturcleaning.hu\/en\/wp-json\/wp\/v2\/media\/27872"}],"wp:attachment":[{"href":"https:\/\/naturcleaning.hu\/en\/wp-json\/wp\/v2\/media?parent=27800"}],"wp:term":[{"taxonomy":"product_brand","embeddable":true,"href":"https:\/\/naturcleaning.hu\/en\/wp-json\/wp\/v2\/product_brand?post=27800"},{"taxonomy":"product_cat","embeddable":true,"href":"https:\/\/naturcleaning.hu\/en\/wp-json\/wp\/v2\/product_cat?post=27800"},{"taxonomy":"product_tag","embeddable":true,"href":"https:\/\/naturcleaning.hu\/en\/wp-json\/wp\/v2\/product_tag?post=27800"}],"curies":[{"name":"wp","href":"https:\/\/api.w.org\/{rel}","templated":true}]}}