{"id":27725,"date":"2024-07-26T16:55:15","date_gmt":"2024-07-26T16:55:15","guid":{"rendered":"https:\/\/naturcleaning.hu\/?post_type=product&#038;p=27725"},"modified":"2025-03-05T22:19:32","modified_gmt":"2025-03-05T22:19:32","slug":"jardin-szegfuszeg-illoolaj-10-ml","status":"publish","type":"product","link":"https:\/\/naturcleaning.hu\/en\/product\/jardin-szegfuszeg-illoolaj-10-ml\/","title":{"rendered":"Jardin Szegf\u0171szeg ill\u00f3olaj 10 ml"},"content":{"rendered":"<p><strong>SZEGF\u0170SZEG 100%-BAN TERM\u00c9SZETES PR\u00c9MIUM ILL\u00d3OLAJKEVER\u00c9K<\/strong><\/p>\n<p>A szegf\u0171szeg ill\u00f3olaj legfontosabb hat\u00e1sai: \u00e1ltal\u00e1nos \u00e9s idegrendszeri toniz\u00e1l\u00f3, g\u00f6rcsold\u00f3, gyullad\u00e1scs\u00f6kkent\u0151 \u00e9s helyi \u00e9rz\u00e9stelen\u00edt\u0151. A szegf\u0171szegolaj alkalmaz\u00e1s\u00e1nak legfontosabb ter\u00fcletei a l\u00e9g\u00fati megbeteged\u00e9sek, a sz\u00e1j\u00fcregi gyullad\u00e1sok, hasmen\u00e9ssel j\u00e1r\u00f3 b\u00e9lfert\u0151z\u00e9sek \u00e9s h\u00fagy\u00fati fert\u0151z\u00e9sek, valamint reum\u00e1s eredet\u0171 panaszok \u00e9s b\u0151rb\u00e1ntalmak. Mindezek mellett, egyes k\u00eds\u00e9rletek szerint hat\u00e9konyan alkalmazhat\u00f3 sz\u00fanyogok t\u00e1voltart\u00e1s\u00e1ra. A szegf\u0171szegolajat sz\u00e1j\u00fcregi-, l\u00e9g\u00fati- \u00e9s reum\u00e1s megbeteged\u00e9sek eset\u00e9n \u00f6bl\u0151get\u0151szerek \u00e9s fogkr\u00e9mek, l\u00e9gz\u00e9sk\u00f6nny\u00edt\u0151 inhal\u00e1l\u00f3- \u00e9s szaunaolajok, mellkasi l\u00e9gz\u00e9sk\u00f6nny\u00edt\u0151 kr\u00e9mek, illetve massz\u00e1zsolajok \u00e9s bed\u00f6rzs\u00f6l\u0151szerek form\u00e1j\u00e1ban haszn\u00e1lj\u00e1k. Ezen alkalmaz\u00e1sm\u00f3dokon k\u00edv\u00fcl aromal\u00e1mp\u00e1kban elp\u00e1rologtathat\u00f3 ill\u00f3olaj kever\u00e9kek (pl. kar\u00e1csonyi illatokat tartalmaz\u00f3 kever\u00e9kek) alkot\u00f3r\u00e9szek\u00e9nt is haszn\u00e1lj\u00e1k.<\/p>\n<p><u>Felhaszn\u00e1l\u00e1sa:<\/u>\u00a0v\u00edzzel telt p\u00e1rologtat\u00f3 ed\u00e9nybe, aromal\u00e1mp\u00e1ba csepegtess\u00fcnk 6-8 cseppet az ill\u00f3olajb\u00f3l. F\u00fcrd\u00e9shez 3-6 cseppet oldjunk fel egy ev\u0151kan\u00e1lnyi m\u00e9zben, tejben, tejsz\u00ednben, vagy keverj\u00fck bele habf\u00fcrd\u0151be, majd ezut\u00e1n tegy\u00fck a v\u00edzbe.<\/p>\n<p>Apply only externally! May cause a burning sensation on damaged skin.<\/p>\n<p>Never apply undiluted essential oils on the skin.<\/p>\n<p>T\u00fal\u00e9rz\u00e9kenys\u00e9get okozhat.<\/p>\n<p><u>T\u00e1rol\u00e1sa:<\/u>\u00a0eredeti csomagol\u00e1sban, f\u00e9nyt\u0151l v\u00e9dett, h\u0171v\u00f6s helyen.<\/p>\n<p>Haszn\u00e1lat ut\u00e1n j\u00f3l z\u00e1rjuk vissza a kupakot.<\/p>\n<p>Gyermekekt\u0151l elz\u00e1rva tartand\u00f3!<\/p>","protected":false},"excerpt":{"rendered":"<p>SZEGF\u0170SZEG 100%-BAN TERM\u00c9SZETES PR\u00c9MIUM ILL\u00d3OLAJKEVER\u00c9K A szegf\u0171szeg ill\u00f3olaj legfontosabb hat\u00e1sai: \u00e1ltal\u00e1nos \u00e9s idegrendszeri toniz\u00e1l\u00f3, g\u00f6rcsold\u00f3, gyullad\u00e1scs\u00f6kkent\u0151 \u00e9s helyi \u00e9rz\u00e9stelen\u00edt\u0151. A szegf\u0171szegolaj alkalmaz\u00e1s\u00e1nak legfontosabb ter\u00fcletei a l\u00e9g\u00fati megbeteged\u00e9sek, a sz\u00e1j\u00fcregi gyullad\u00e1sok, hasmen\u00e9ssel j\u00e1r\u00f3 b\u00e9lfert\u0151z\u00e9sek \u00e9s h\u00fagy\u00fati fert\u0151z\u00e9sek, valamint reum\u00e1s eredet\u0171 panaszok \u00e9s b\u0151rb\u00e1ntalmak. Mindezek mellett, egyes k\u00eds\u00e9rletek szerint hat\u00e9konyan alkalmazhat\u00f3 sz\u00fanyogok t\u00e1voltart\u00e1s\u00e1ra. A szegf\u0171szegolajat sz\u00e1j\u00fcregi-, l\u00e9g\u00fati- [&hellip;]<\/p>\n","protected":false},"featured_media":27726,"comment_status":"open","ping_status":"closed","template":"","meta":{"_acf_changed":false},"product_brand":[],"product_cat":[27],"product_tag":[],"class_list":{"0":"post-27725","1":"product","2":"type-product","3":"status-publish","4":"has-post-thumbnail","6":"product_cat-illoolaj","8":"first","9":"instock","10":"shipping-taxable","11":"purchasable","12":"product-type-simple"},"acf":[],"_links":{"self":[{"href":"https:\/\/naturcleaning.hu\/en\/wp-json\/wp\/v2\/product\/27725","targetHints":{"allow":["GET"]}}],"collection":[{"href":"https:\/\/naturcleaning.hu\/en\/wp-json\/wp\/v2\/product"}],"about":[{"href":"https:\/\/naturcleaning.hu\/en\/wp-json\/wp\/v2\/types\/product"}],"replies":[{"embeddable":true,"href":"https:\/\/naturcleaning.hu\/en\/wp-json\/wp\/v2\/comments?post=27725"}],"wp:featuredmedia":[{"embeddable":true,"href":"https:\/\/naturcleaning.hu\/en\/wp-json\/wp\/v2\/media\/27726"}],"wp:attachment":[{"href":"https:\/\/naturcleaning.hu\/en\/wp-json\/wp\/v2\/media?parent=27725"}],"wp:term":[{"taxonomy":"product_brand","embeddable":true,"href":"https:\/\/naturcleaning.hu\/en\/wp-json\/wp\/v2\/product_brand?post=27725"},{"taxonomy":"product_cat","embeddable":true,"href":"https:\/\/naturcleaning.hu\/en\/wp-json\/wp\/v2\/product_cat?post=27725"},{"taxonomy":"product_tag","embeddable":true,"href":"https:\/\/naturcleaning.hu\/en\/wp-json\/wp\/v2\/product_tag?post=27725"}],"curies":[{"name":"wp","href":"https:\/\/api.w.org\/{rel}","templated":true}]}}