{"id":27670,"date":"2024-07-23T20:06:48","date_gmt":"2024-07-23T20:06:48","guid":{"rendered":"https:\/\/naturcleaning.hu\/?post_type=product&#038;p=27670"},"modified":"2026-01-04T19:21:05","modified_gmt":"2026-01-04T19:21:05","slug":"szorofejes-flakon-500-ml","status":"publish","type":"product","link":"https:\/\/naturcleaning.hu\/en\/product\/szorofejes-flakon-500-ml\/","title":{"rendered":"Sz\u00f3r\u00f3fejes flakon 500 ml"},"content":{"rendered":"<p>A sz\u00f3r\u00f3fejes flakon 500 ml alkalmas :<\/p>\n<p>Ablaktiszt\u00edt\u00f3khoz, v\u00edzk\u0151old\u00f3khoz, univerz\u00e1lis \u00e9s konyhai tiszt\u00edt\u00f3szerhez, \u00e1ltal\u00e1nos tiszt\u00edt\u00f3szer koncentr\u00e1tumhoz, Csepke folttiszt\u00edt\u00f3hoz.<\/p>\n<p>Kapacit\u00e1s: 0,5 liter<\/p>\n<p>Anyaga: M\u0171anyag<\/p>\n<p>Ergonomikus forma, a k\u00e9nyelmesebb haszn\u00e1lat\u00e9rt.<\/p>\n<p>Felhaszn\u00e1l\u00e1si javaslat: Haszn\u00e1lat el\u0151tt olvassa el a h\u00edg\u00edt\u00e1si javaslatot a tiszt\u00edt\u00f3szer c\u00edmk\u00e9j\u00e9n.<\/p>\n<p>&nbsp;<\/p>\n<p>&nbsp;<\/p>","protected":false},"excerpt":{"rendered":"<p>A sz\u00f3r\u00f3fejes flakon 500 ml alkalmas : Ablaktiszt\u00edt\u00f3khoz, v\u00edzk\u0151old\u00f3khoz, univerz\u00e1lis \u00e9s konyhai tiszt\u00edt\u00f3szerhez, \u00e1ltal\u00e1nos tiszt\u00edt\u00f3szer koncentr\u00e1tumhoz, Csepke folttiszt\u00edt\u00f3hoz. Kapacit\u00e1s: 0,5 liter Anyaga: M\u0171anyag Ergonomikus forma, a k\u00e9nyelmesebb haszn\u00e1lat\u00e9rt. Felhaszn\u00e1l\u00e1si javaslat: Haszn\u00e1lat el\u0151tt olvassa el a h\u00edg\u00edt\u00e1si javaslatot a tiszt\u00edt\u00f3szer c\u00edmk\u00e9j\u00e9n. &nbsp; &nbsp;<\/p>","protected":false},"featured_media":29802,"comment_status":"open","ping_status":"closed","template":"","meta":{"_acf_changed":false},"product_brand":[],"product_cat":[24,15,20],"product_tag":[],"class_list":{"0":"post-27670","1":"product","2":"type-product","3":"status-publish","4":"has-post-thumbnail","6":"product_cat-altalanos-tisztito-es-felmososzer","7":"product_cat-egyeb","8":"product_cat-folttisztito","10":"first","11":"instock","12":"shipping-taxable","13":"purchasable","14":"product-type-simple"},"acf":[],"_links":{"self":[{"href":"https:\/\/naturcleaning.hu\/en\/wp-json\/wp\/v2\/product\/27670","targetHints":{"allow":["GET"]}}],"collection":[{"href":"https:\/\/naturcleaning.hu\/en\/wp-json\/wp\/v2\/product"}],"about":[{"href":"https:\/\/naturcleaning.hu\/en\/wp-json\/wp\/v2\/types\/product"}],"replies":[{"embeddable":true,"href":"https:\/\/naturcleaning.hu\/en\/wp-json\/wp\/v2\/comments?post=27670"}],"wp:featuredmedia":[{"embeddable":true,"href":"https:\/\/naturcleaning.hu\/en\/wp-json\/wp\/v2\/media\/29802"}],"wp:attachment":[{"href":"https:\/\/naturcleaning.hu\/en\/wp-json\/wp\/v2\/media?parent=27670"}],"wp:term":[{"taxonomy":"product_brand","embeddable":true,"href":"https:\/\/naturcleaning.hu\/en\/wp-json\/wp\/v2\/product_brand?post=27670"},{"taxonomy":"product_cat","embeddable":true,"href":"https:\/\/naturcleaning.hu\/en\/wp-json\/wp\/v2\/product_cat?post=27670"},{"taxonomy":"product_tag","embeddable":true,"href":"https:\/\/naturcleaning.hu\/en\/wp-json\/wp\/v2\/product_tag?post=27670"}],"curies":[{"name":"wp","href":"https:\/\/api.w.org\/{rel}","templated":true}]}}