{"id":27661,"date":"2024-07-23T15:17:39","date_gmt":"2024-07-23T15:17:39","guid":{"rendered":"https:\/\/naturcleaning.hu\/?post_type=product&#038;p=27661"},"modified":"2024-12-03T09:25:34","modified_gmt":"2024-12-03T09:25:34","slug":"naturcleaning-granatalma-csomag-extra","status":"publish","type":"product","link":"https:\/\/naturcleaning.hu\/en\/product\/naturcleaning-granatalma-csomag-extra\/","title":{"rendered":"Naturcleaning Gr\u00e1n\u00e1talma csomag extra"},"content":{"rendered":"<div class=\"flex-shrink-0 flex flex-col relative items-end\">\n<div>\n<div class=\"pt-0\">\n<div class=\"gizmo-bot-avatar flex h-8 w-8 items-center justify-center overflow-hidden rounded-full\"><\/div>\n<\/div>\n<\/div>\n<\/div>\n<div class=\"group\/conversation-turn relative flex w-full min-w-0 flex-col agent-turn\">\n<div class=\"flex-col gap-1 md:gap-3\">\n<div class=\"flex max-w-full flex-col flex-grow\">\n<div class=\"min-h-8 text-message flex w-full flex-col items-end gap-2 whitespace-normal break-words [.text-message+&amp;]:mt-5\" dir=\"auto\" data-message-author-role=\"assistant\" data-message-id=\"9eb847e5-5b6e-41b6-ae43-78621e16d0d9\">\n<div class=\"flex w-full flex-col gap-1 empty:hidden first:pt-[3px]\">\n<div class=\"markdown prose w-full break-words dark:prose-invert light\">\n<p><strong> Gr\u00e1n\u00e1talma Csomag Extra<\/strong><\/p>\n<p>Fedezd fel a gr\u00e1n\u00e1talma var\u00e1zs\u00e1t a Naturcleaning hipoallerg\u00e9n term\u00e9keivel, amelyek t\u00f6k\u00e9letes v\u00e1laszt\u00e1st jelentenek a mindennapi haszn\u00e1latra! Ez a csomag nemcsak k\u00f6rnyezetbar\u00e1t, hanem a b\u0151rt is k\u00edm\u00e9li, \u00edgy ide\u00e1lis az eg\u00e9sz csal\u00e1d sz\u00e1m\u00e1ra.<\/p>\n<p><strong>Csomag tartalma:<\/strong><\/p>\n<ul>\n<li><strong>Naturcleaning Gr\u00e1n\u00e1talma hipoallerg\u00e9n mos\u00f3g\u00e9l (4 L)<\/strong>: Kiv\u00e1l\u00f3 tiszt\u00edt\u00f3er\u0151, amely gyeng\u00e9den b\u00e1nik a ruh\u00e1kkal, \u00e9s hosszan tart\u00f3 frissess\u00e9get biztos\u00edt.<\/li>\n<li><strong>Naturcleaning hipoallerg\u00e9n \u00d6bl\u00edt\u0151 Koncentr\u00e1tum Gr\u00e1n\u00e1talma (4 L)<\/strong>: \u00c9des, gy\u00fcm\u00f6lcs\u00f6s illat\u00fa \u00f6bl\u00edt\u0151, amely puha tapint\u00e1st ad a ruh\u00e1idnak.<\/li>\n<li><strong>Naturcleaning hipoallerg\u00e9n Mosogat\u00f3szer Gr\u00e1n\u00e1talma (1 L)<\/strong>: Er\u0151teljes zs\u00edrold\u00f3 hat\u00e1s, mik\u00f6zben k\u00edm\u00e9li a kezeket.<\/li>\n<li><strong>AJ\u00c1ND\u00c9K<\/strong>: Naturcleaning v\u00e1szont\u00e1ska hossz\u00fa f\u00fcllel \u2013 praktikus \u00e9s k\u00f6rnyezetbar\u00e1t megold\u00e1s!<\/li>\n<\/ul>\n<p><strong>Megtakar\u00edt\u00e1s<\/strong>: 1.590 Ft<\/p>\n<p>\u00c9lvezd a term\u00e9szetes \u00f6sszetev\u0151kb\u0151l k\u00e9sz\u00fclt, biol\u00f3giailag leboml\u00f3 term\u00e9kek el\u0151nyeit, \u00e9s tapasztald meg a gr\u00e1n\u00e1talma friss\u00edt\u0151 illat\u00e1t, amely feldobja a mindennapjaidat!<\/p>\n<\/div>\n<\/div>\n<\/div>\n<\/div>\n<\/div>\n<\/div>\n","protected":false},"excerpt":{"rendered":"<p>Gr\u00e1n\u00e1talma Csomag Extra Fedezd fel a gr\u00e1n\u00e1talma var\u00e1zs\u00e1t a Naturcleaning hipoallerg\u00e9n term\u00e9keivel, amelyek t\u00f6k\u00e9letes v\u00e1laszt\u00e1st jelentenek a mindennapi haszn\u00e1latra! Ez a csomag nemcsak k\u00f6rnyezetbar\u00e1t, hanem a b\u0151rt is k\u00edm\u00e9li, \u00edgy ide\u00e1lis az eg\u00e9sz csal\u00e1d sz\u00e1m\u00e1ra. Csomag tartalma: Naturcleaning Gr\u00e1n\u00e1talma hipoallerg\u00e9n mos\u00f3g\u00e9l (4 L): Kiv\u00e1l\u00f3 tiszt\u00edt\u00f3er\u0151, amely gyeng\u00e9den b\u00e1nik a ruh\u00e1kkal, \u00e9s hosszan tart\u00f3 frissess\u00e9get biztos\u00edt. [&hellip;]<\/p>\n","protected":false},"featured_media":27658,"comment_status":"open","ping_status":"closed","template":"","meta":{"_acf_changed":false},"product_brand":[],"product_cat":[33,19,17],"product_tag":[658],"class_list":{"0":"post-27661","1":"product","2":"type-product","3":"status-publish","4":"has-post-thumbnail","6":"product_cat-csomagajanlat","7":"product_cat-mosogatoszer","8":"product_cat-mososzer","9":"product_tag-uj-termek","11":"first","12":"instock","13":"shipping-taxable","14":"purchasable","15":"product-type-simple"},"acf":[],"_links":{"self":[{"href":"https:\/\/naturcleaning.hu\/en\/wp-json\/wp\/v2\/product\/27661","targetHints":{"allow":["GET"]}}],"collection":[{"href":"https:\/\/naturcleaning.hu\/en\/wp-json\/wp\/v2\/product"}],"about":[{"href":"https:\/\/naturcleaning.hu\/en\/wp-json\/wp\/v2\/types\/product"}],"replies":[{"embeddable":true,"href":"https:\/\/naturcleaning.hu\/en\/wp-json\/wp\/v2\/comments?post=27661"}],"wp:featuredmedia":[{"embeddable":true,"href":"https:\/\/naturcleaning.hu\/en\/wp-json\/wp\/v2\/media\/27658"}],"wp:attachment":[{"href":"https:\/\/naturcleaning.hu\/en\/wp-json\/wp\/v2\/media?parent=27661"}],"wp:term":[{"taxonomy":"product_brand","embeddable":true,"href":"https:\/\/naturcleaning.hu\/en\/wp-json\/wp\/v2\/product_brand?post=27661"},{"taxonomy":"product_cat","embeddable":true,"href":"https:\/\/naturcleaning.hu\/en\/wp-json\/wp\/v2\/product_cat?post=27661"},{"taxonomy":"product_tag","embeddable":true,"href":"https:\/\/naturcleaning.hu\/en\/wp-json\/wp\/v2\/product_tag?post=27661"}],"curies":[{"name":"wp","href":"https:\/\/api.w.org\/{rel}","templated":true}]}}