{"id":27616,"date":"2024-07-22T20:05:30","date_gmt":"2024-07-22T20:05:30","guid":{"rendered":"https:\/\/naturcleaning.hu\/?post_type=product&#038;p=27616"},"modified":"2025-09-30T12:27:26","modified_gmt":"2025-09-30T12:27:26","slug":"csepke-baby-allergenmentes-oblito-0m-4-liter","status":"publish","type":"product","link":"https:\/\/naturcleaning.hu\/en\/product\/csepke-baby-allergenmentes-oblito-0m-4-liter\/","title":{"rendered":"Csepke Baby allerg\u00e9nmentes \u00f6bl\u00edt\u0151 0m+ 4 liter"},"content":{"rendered":"<p>Gentle care not only for the baby\u2019s skin but also for clothes. An infant's skin is about five times thinner than an adult's. Because of higher permeability, the chemicals that get on the skin are more easily absorbed and get into the deeper layers of the skin. During the development of the CSEPKE baby product family, we took these aspects into account.<\/p>\n<p>Special fabric softener family, for the baby\u2019s and for the mother\u2019s clothes. Csepke Baby products are phosphate-free, chlorine-free, paraben-free, animal-free, palm oil-free, and made of vegan natural ingredients (corn oil, coconut oil). Does not contain coloring and fragrances.<\/p>\n<p>The ideal detergent does not contain corrosive irritants, does not cause rashes, itching or allergies. It removes stains even at low temperatures. Easy to rinse, no detergent remains in the clothes. Gentle on textiles. Also suitable for washing bamboo nappies. Safe to use from infancy.<\/p>\n<p><strong>0+<\/strong>\u00a00+ For washing newborns' clothes, we recommend the allergen-free and odor-free Csepke Baby washing gel and fabric softener marked 0+.<\/p>\n<p><strong>3+<\/strong>3+ If you want to use a fragrant detergent, we recommend it from the age of 3 months. Our  Csepke Baby products, which are also allergen-free and have a 3+ mark fragrant with essential oils are a perfect choice.<\/p>\n<div class=\"row singleProduct\">\n<div class=\"col-sm-12\">\n<div class=\"media flex-wrap row\">\n<div class=\"media-body col-md-7\">\n<div class=\"tabArea\">\n<div class=\"tab-content\">\n<div id=\"tab-3\" class=\"tab-pane fade active show\">\n<p>&nbsp;<\/p>\n<\/div>\n<\/div>\n<\/div>\n<\/div>\n<\/div>\n<\/div>\n<\/div>","protected":false},"excerpt":{"rendered":"<p>Gyeng\u00e9d gondoskod\u00e1s nem csak a babab\u0151rnek, hanem a ruh\u00e1knak is.\u00a0A csecsem\u0151 b\u0151re k\u00f6r\u00fclbel\u00fcl \u00f6tsz\u00f6r v\u00e9knyabb, mint a feln\u0151ttek\u00e9. \u00c1tereszt\u0151 k\u00e9pess\u00e9ge nagyobb, ez\u00e9rt a b\u0151rre ker\u00fcl\u0151 vegyi anyagok k\u00f6nnyebben felsz\u00edv\u00f3dnak, \u00e9s a b\u0151r m\u00e9lyebb r\u00e9tegeibe ker\u00fclnek. A CSEPKE baby term\u00e9kcsal\u00e1d fejleszt\u00e9se sor\u00e1n ezeket a szempontokat vett\u00fck figyelembe. Speci\u00e1lis \u00f6bl\u00edt\u0151 a csal\u00e1d, a baba \u00e9s a kismama [&hellip;]<\/p>\n","protected":false},"featured_media":27845,"comment_status":"open","ping_status":"closed","template":"","meta":{"_acf_changed":false},"product_brand":[],"product_cat":[28,18],"product_tag":[695],"class_list":{"0":"post-27616","1":"product","2":"type-product","3":"status-publish","4":"has-post-thumbnail","6":"product_cat-csepke-baby-termekek","7":"product_cat-oblito-koncentratum","8":"product_tag-200-mosas","10":"first","11":"instock","12":"shipping-taxable","13":"purchasable","14":"product-type-simple"},"acf":[],"_links":{"self":[{"href":"https:\/\/naturcleaning.hu\/en\/wp-json\/wp\/v2\/product\/27616","targetHints":{"allow":["GET"]}}],"collection":[{"href":"https:\/\/naturcleaning.hu\/en\/wp-json\/wp\/v2\/product"}],"about":[{"href":"https:\/\/naturcleaning.hu\/en\/wp-json\/wp\/v2\/types\/product"}],"replies":[{"embeddable":true,"href":"https:\/\/naturcleaning.hu\/en\/wp-json\/wp\/v2\/comments?post=27616"}],"wp:featuredmedia":[{"embeddable":true,"href":"https:\/\/naturcleaning.hu\/en\/wp-json\/wp\/v2\/media\/27845"}],"wp:attachment":[{"href":"https:\/\/naturcleaning.hu\/en\/wp-json\/wp\/v2\/media?parent=27616"}],"wp:term":[{"taxonomy":"product_brand","embeddable":true,"href":"https:\/\/naturcleaning.hu\/en\/wp-json\/wp\/v2\/product_brand?post=27616"},{"taxonomy":"product_cat","embeddable":true,"href":"https:\/\/naturcleaning.hu\/en\/wp-json\/wp\/v2\/product_cat?post=27616"},{"taxonomy":"product_tag","embeddable":true,"href":"https:\/\/naturcleaning.hu\/en\/wp-json\/wp\/v2\/product_tag?post=27616"}],"curies":[{"name":"wp","href":"https:\/\/api.w.org\/{rel}","templated":true}]}}