{"id":27607,"date":"2024-07-22T19:40:57","date_gmt":"2024-07-22T19:40:57","guid":{"rendered":"https:\/\/naturcleaning.hu\/?post_type=product&#038;p=27607"},"modified":"2025-10-08T10:18:31","modified_gmt":"2025-10-08T10:18:31","slug":"csepke-baby-hipoallergen-mosogel-babapuder-4-liter","status":"publish","type":"product","link":"https:\/\/naturcleaning.hu\/en\/product\/csepke-baby-hipoallergen-mosogel-babapuder-4-liter\/","title":{"rendered":"Csepke baby hipoallerg\u00e9n mos\u00f3g\u00e9l babap\u00fader 4 liter"},"content":{"rendered":"<p>Gyeng\u00e9d gondoskod\u00e1s nem csak a babab\u0151rnek, hanem a ruh\u00e1knak is.<\/p>\n<p><strong>Speci\u00e1lis mos\u00f3g\u00e9l a csal\u00e1d, a baba \u00e9s a kismama ruh\u00e1k, moshat\u00f3 pelenk\u00e1k mos\u00e1s\u00e1hoz.<\/strong><\/p>\n<p>-Hipoallerg\u00e9n<\/p>\n<p>-Sz\u00ednes \u00e9s feh\u00e9r ruh\u00e1khoz<\/p>\n<p>-Can be used for both manual and automatic machines<\/p>\n<p>-Domestic product<\/p>\n<p>-It can be used effectively at 30 \u00b0 C<\/p>\n<p>-K\u00f6nnyen \u00f6bl\u00edthet\u0151, nem marad tiszt\u00edt\u00f3szer a ruh\u00e1ban.<\/p>\n<p>-K\u00edm\u00e9l\u0151 a text\u00edli\u00e1hoz. Bambusz pelenk\u00e1k mos\u00e1s\u00e1hoz is aj\u00e1nlott.<\/p>\n<p>-K\u00f6zvetlen\u00fcl a ruh\u00e1ra t\u00e9ve sem roncsolja a text\u00edli\u00e1kat, gyapj\u00fa \u00e9s selyem anyagokhoz is haszn\u00e1lhat\u00f3.<\/p>\n<p>-Vegan, Animal Test Free, Paraben Free<\/p>\n<p>- 100% plant-derived ingredients, biodegradable<\/p>\n<p>-\u00dajrat\u00f6lthet\u0151 flakon.<\/p>\n<p>A Csepke Baby term\u00e9kek foszf\u00e1tmentes, kl\u00f3rmentes, parab\u00e9nmentes, \u00e1llatk\u00eds\u00e9rlet mentes, p\u00e1lmaolaj mentes, veg\u00e1n, term\u00e9szetes \u00f6sszetev\u0151kb\u0151l k\u00e9sz\u00fclt (kukoricaolaj, k\u00f3kuszolaj).<\/p>\n<p>Hipoellerg\u00e9n - olyan \u00f6sszetev\u0151ket tartalmaz, amelyek minimaliz\u00e1lj\u00e1k az allergi\u00e1s reakci\u00f3k kialakalul\u00e1s\u00e1nak val\u00f3sz\u00edn\u0171s\u00e9g\u00e9t.<\/p>\n<p>It contains biodegradable surfactants and only food coloring.<\/p>\n<p>Alacsony h\u0151fokon is elt\u00e1vol\u00edtja a foltokat. K\u00f6nnyen \u00f6bl\u00edthet\u0151, nem marad tiszt\u00edt\u00f3szer a ruh\u00e1ban. K\u00edm\u00e9l\u0151 a text\u00edli\u00e1hoz. Bambusz pelenk\u00e1k mos\u00e1s\u00e1hoz is megfelel\u0151. Biztons\u00e1gos haszn\u00e1lat m\u00e1r 3 h\u00f3napos kort\u00f3l.<\/p>\n<h3><strong>Did you know?<\/strong><\/h3>\n<p>A csecsem\u0151 b\u0151re k\u00f6r\u00fclbel\u00fcl \u00f6tsz\u00f6r v\u00e9knyabb, mint a feln\u0151ttek\u00e9. \u00c1tereszt\u0151 k\u00e9pess\u00e9ge nagyobb, ez\u00e9rt a b\u0151rre ker\u00fcl\u0151 vegyi anyagok k\u00f6nnyebben felsz\u00edv\u00f3dnak, \u00e9s a b\u0151r m\u00e9lyebb r\u00e9tegeibe ker\u00fclnek. A CSEPKE baby term\u00e9kcsal\u00e1d fejleszt\u00e9se sor\u00e1n ezeket a szempontokat vett\u00fck figyelembe.<\/p>\n<p>0+ Az \u00fajsz\u00fcl\u00f6ttek ruh\u00e1inak mos\u00e1s\u00e1hoz a 0+ jellel ell\u00e1tott allerg\u00e9nmentes \u00e9s illatmentes Csepke Baby mos\u00f3g\u00e9lt \u00e9s \u00f6bl\u00edt\u0151t javasoljuk.<\/p>\n<p>3+ Ha szeretne illatos mos\u00f3szert haszn\u00e1lni, 3 h\u00f3napos kort\u00f3l javasoljuk a szint\u00e9n allerg\u00e9nmentes, ill\u00f3olajokkal illatos\u00edtott 3+ jellel ell\u00e1tott Csepke Baby term\u00e9keket.<\/p>","protected":false},"excerpt":{"rendered":"<p>Gyeng\u00e9d gondoskod\u00e1s nem csak a babab\u0151rnek, hanem a ruh\u00e1knak is. Speci\u00e1lis mos\u00f3g\u00e9l a csal\u00e1d, a baba \u00e9s a kismama ruh\u00e1k, moshat\u00f3 pelenk\u00e1k mos\u00e1s\u00e1hoz. -Hipoallerg\u00e9n -Sz\u00ednes \u00e9s feh\u00e9r ruh\u00e1khoz -K\u00e9zi \u00e9s g\u00e9pi mos\u00e1shoz is alkalmazhat\u00f3 -Hazai term\u00e9k -M\u00e1r 30\u00b0C-on is hat\u00e9konyan alkalmazhat\u00f3 -K\u00f6nnyen \u00f6bl\u00edthet\u0151, nem marad tiszt\u00edt\u00f3szer a ruh\u00e1ban. -K\u00edm\u00e9l\u0151 a text\u00edli\u00e1hoz. Bambusz pelenk\u00e1k mos\u00e1s\u00e1hoz is [&hellip;]<\/p>\n","protected":false},"featured_media":27809,"comment_status":"open","ping_status":"closed","template":"","meta":{"_acf_changed":false},"product_brand":[],"product_cat":[28,17],"product_tag":[691],"class_list":{"0":"post-27607","1":"product","2":"type-product","3":"status-publish","4":"has-post-thumbnail","6":"product_cat-csepke-baby-termekek","7":"product_cat-mososzer","8":"product_tag-56-mosas","10":"first","11":"instock","12":"shipping-taxable","13":"purchasable","14":"product-type-simple"},"acf":[],"_links":{"self":[{"href":"https:\/\/naturcleaning.hu\/en\/wp-json\/wp\/v2\/product\/27607","targetHints":{"allow":["GET"]}}],"collection":[{"href":"https:\/\/naturcleaning.hu\/en\/wp-json\/wp\/v2\/product"}],"about":[{"href":"https:\/\/naturcleaning.hu\/en\/wp-json\/wp\/v2\/types\/product"}],"replies":[{"embeddable":true,"href":"https:\/\/naturcleaning.hu\/en\/wp-json\/wp\/v2\/comments?post=27607"}],"wp:featuredmedia":[{"embeddable":true,"href":"https:\/\/naturcleaning.hu\/en\/wp-json\/wp\/v2\/media\/27809"}],"wp:attachment":[{"href":"https:\/\/naturcleaning.hu\/en\/wp-json\/wp\/v2\/media?parent=27607"}],"wp:term":[{"taxonomy":"product_brand","embeddable":true,"href":"https:\/\/naturcleaning.hu\/en\/wp-json\/wp\/v2\/product_brand?post=27607"},{"taxonomy":"product_cat","embeddable":true,"href":"https:\/\/naturcleaning.hu\/en\/wp-json\/wp\/v2\/product_cat?post=27607"},{"taxonomy":"product_tag","embeddable":true,"href":"https:\/\/naturcleaning.hu\/en\/wp-json\/wp\/v2\/product_tag?post=27607"}],"curies":[{"name":"wp","href":"https:\/\/api.w.org\/{rel}","templated":true}]}}