{"id":27495,"date":"2024-07-17T11:13:03","date_gmt":"2024-07-17T11:13:03","guid":{"rendered":"https:\/\/naturcleaning.hu\/?post_type=product&#038;p=27495"},"modified":"2026-01-18T14:56:13","modified_gmt":"2026-01-18T14:56:13","slug":"naturcleaning-granatalma-csomag","status":"publish","type":"product","link":"https:\/\/naturcleaning.hu\/en\/product\/naturcleaning-granatalma-csomag\/","title":{"rendered":"Naturcleaning Gr\u00e1n\u00e1talma csomag"},"content":{"rendered":"<p><strong>Naturcleaning Gr\u00e1n\u00e1talma Csomag<\/strong><\/p>\n<p>Tapasztald meg a gr\u00e1n\u00e1talma frissess\u00e9g\u00e9t a Naturcleaning hipoallerg\u00e9n term\u00e9keivel! Ez a csomag t\u00f6k\u00e9letes v\u00e1laszt\u00e1s mindennapi haszn\u00e1latra, biztos\u00edtva a k\u00f6rnyezetbar\u00e1t \u00e9s b\u0151rk\u00edm\u00e9l\u0151 megold\u00e1sokat.<\/p>\n<p><strong>Package contents:<\/strong><\/p>\n<ul>\n<li><strong>Naturcleaning Gr\u00e1n\u00e1talma hipoallerg\u00e9n mos\u00f3g\u00e9l (1,5 L)<\/strong>: K\u00edm\u00e9letes a ruh\u00e1khoz, hat\u00e9konyan tiszt\u00edt.<\/li>\n<li><strong>Naturcleaning hipoallerg\u00e9n \u00d6bl\u00edt\u0151 Koncentr\u00e1tum Gr\u00e1n\u00e1talma (1 L)<\/strong>: Friss, gy\u00fcm\u00f6lcs\u00f6s illat, amely hosszan tart\u00f3 puhas\u00e1got biztos\u00edt.<\/li>\n<li><strong>Naturcleaning hipoallerg\u00e9n Mosogat\u00f3szer Gr\u00e1n\u00e1talma (500 ml)<\/strong>: K\u00edm\u00e9letes a kezekhez, er\u0151teljes zs\u00edrold\u00e1s.<\/li>\n<li><strong>AJ\u00c1ND\u00c9K<\/strong>: Naturcleaning v\u00e1szont\u00e1ska hossz\u00fa f\u00fcllel \u2013 praktikus \u00e9s k\u00f6rnyezetbar\u00e1t!<\/li>\n<\/ul>\n<p><strong>Megtakar\u00edt\u00e1s<\/strong>: 540 Ft<\/p>\n<p>Fedezd fel a term\u00e9szetes \u00f6sszetev\u0151kb\u0151l k\u00e9sz\u00fclt, biol\u00f3giailag leboml\u00f3 term\u00e9kek vil\u00e1g\u00e1t, \u00e9s \u00e9lvezd a gr\u00e1n\u00e1talma friss\u00edt\u0151 illat\u00e1t, amely minden napodat feldobja!<\/p>","protected":false},"excerpt":{"rendered":"<p>Naturcleaning Gr\u00e1n\u00e1talma Csomag Tapasztald meg a gr\u00e1n\u00e1talma frissess\u00e9g\u00e9t a Naturcleaning hipoallerg\u00e9n term\u00e9keivel! Ez a csomag t\u00f6k\u00e9letes v\u00e1laszt\u00e1s mindennapi haszn\u00e1latra, biztos\u00edtva a k\u00f6rnyezetbar\u00e1t \u00e9s b\u0151rk\u00edm\u00e9l\u0151 megold\u00e1sokat. Csomag tartalma: Naturcleaning Gr\u00e1n\u00e1talma hipoallerg\u00e9n mos\u00f3g\u00e9l (1,5 L): K\u00edm\u00e9letes a ruh\u00e1khoz, hat\u00e9konyan tiszt\u00edt. Naturcleaning hipoallerg\u00e9n \u00d6bl\u00edt\u0151 Koncentr\u00e1tum Gr\u00e1n\u00e1talma (1 L): Friss, gy\u00fcm\u00f6lcs\u00f6s illat, amely hosszan tart\u00f3 puhas\u00e1got biztos\u00edt. Naturcleaning hipoallerg\u00e9n [&hellip;]<\/p>\n","protected":false},"featured_media":27659,"comment_status":"open","ping_status":"closed","template":"","meta":{"_acf_changed":false},"product_brand":[],"product_cat":[33,19,17],"product_tag":[658],"class_list":{"0":"post-27495","1":"product","2":"type-product","3":"status-publish","4":"has-post-thumbnail","6":"product_cat-csomagajanlat","7":"product_cat-mosogatoszer","8":"product_cat-mososzer","9":"product_tag-uj-termek","11":"first","12":"instock","13":"shipping-taxable","14":"purchasable","15":"product-type-simple"},"acf":[],"_links":{"self":[{"href":"https:\/\/naturcleaning.hu\/en\/wp-json\/wp\/v2\/product\/27495","targetHints":{"allow":["GET"]}}],"collection":[{"href":"https:\/\/naturcleaning.hu\/en\/wp-json\/wp\/v2\/product"}],"about":[{"href":"https:\/\/naturcleaning.hu\/en\/wp-json\/wp\/v2\/types\/product"}],"replies":[{"embeddable":true,"href":"https:\/\/naturcleaning.hu\/en\/wp-json\/wp\/v2\/comments?post=27495"}],"wp:featuredmedia":[{"embeddable":true,"href":"https:\/\/naturcleaning.hu\/en\/wp-json\/wp\/v2\/media\/27659"}],"wp:attachment":[{"href":"https:\/\/naturcleaning.hu\/en\/wp-json\/wp\/v2\/media?parent=27495"}],"wp:term":[{"taxonomy":"product_brand","embeddable":true,"href":"https:\/\/naturcleaning.hu\/en\/wp-json\/wp\/v2\/product_brand?post=27495"},{"taxonomy":"product_cat","embeddable":true,"href":"https:\/\/naturcleaning.hu\/en\/wp-json\/wp\/v2\/product_cat?post=27495"},{"taxonomy":"product_tag","embeddable":true,"href":"https:\/\/naturcleaning.hu\/en\/wp-json\/wp\/v2\/product_tag?post=27495"}],"curies":[{"name":"wp","href":"https:\/\/api.w.org\/{rel}","templated":true}]}}